{"id":1291,"date":"2020-12-11T19:59:51","date_gmt":"2020-12-11T19:59:51","guid":{"rendered":"https:\/\/www.lighthand.eu\/?page_id=1291"},"modified":"2021-01-27T21:59:43","modified_gmt":"2021-01-27T21:59:43","slug":"o-nas","status":"publish","type":"page","link":"https:\/\/www.lighthand.eu\/cs\/o-nas\/","title":{"rendered":"O n\u00e1s"},"content":{"rendered":"<div data-elementor-type=\"wp-page\" data-elementor-id=\"1291\" class=\"elementor elementor-1291\" data-elementor-post-type=\"page\">\n\t\t\t\t\t\t<section class=\"elementor-section elementor-top-section elementor-element elementor-element-248d2c4 elementor-section-height-min-height elementor-section-content-middle elementor-reverse-mobile elementor-section-items-bottom elementor-section-boxed elementor-section-height-default\" data-id=\"248d2c4\" data-element_type=\"section\" data-settings=\"{&quot;background_background&quot;:&quot;classic&quot;}\">\n\t\t\t\t\t\t\t<div class=\"elementor-background-overlay\"><\/div>\n\t\t\t\t\t\t\t<div class=\"elementor-container elementor-column-gap-no\">\n\t\t\t\t\t<div class=\"elementor-column elementor-col-50 elementor-top-column elementor-element elementor-element-aef6df4\" data-id=\"aef6df4\" data-element_type=\"column\">\n\t\t\t<div class=\"elementor-widget-wrap elementor-element-populated\">\n\t\t\t\t\t\t<div class=\"elementor-element elementor-element-95cf611 elementor-widget elementor-widget-heading\" data-id=\"95cf611\" data-element_type=\"widget\" data-widget_type=\"heading.default\">\n\t\t\t\t<div class=\"elementor-widget-container\">\n\t\t\t\t\t<h1 class=\"elementor-heading-title elementor-size-default\">O n\u00e1s<\/h1>\t\t\t\t<\/div>\n\t\t\t\t<\/div>\n\t\t\t\t\t<\/div>\n\t\t<\/div>\n\t\t\t\t<div class=\"elementor-column elementor-col-50 elementor-top-column elementor-element elementor-element-4eee9cf\" data-id=\"4eee9cf\" data-element_type=\"column\">\n\t\t\t<div class=\"elementor-widget-wrap\">\n\t\t\t\t\t\t\t<\/div>\n\t\t<\/div>\n\t\t\t\t\t<\/div>\n\t\t<\/section>\n\t\t\t\t<section class=\"elementor-section elementor-top-section elementor-element elementor-element-96de046 elementor-section-height-min-height elementor-section-boxed elementor-section-height-default elementor-section-items-middle\" data-id=\"96de046\" data-element_type=\"section\" data-settings=\"{&quot;background_background&quot;:&quot;classic&quot;}\">\n\t\t\t\t\t\t<div class=\"elementor-container elementor-column-gap-default\">\n\t\t\t\t\t<div class=\"elementor-column elementor-col-100 elementor-top-column elementor-element elementor-element-a94293b\" data-id=\"a94293b\" data-element_type=\"column\">\n\t\t\t<div class=\"elementor-widget-wrap elementor-element-populated\">\n\t\t\t\t\t\t<div class=\"elementor-element elementor-element-1ee5911 elementor-widget elementor-widget-text-editor\" data-id=\"1ee5911\" data-element_type=\"widget\" data-widget_type=\"text-editor.default\">\n\t\t\t\t<div class=\"elementor-widget-container\">\n\t\t\t\t\t\t\t\t\t<p>Jerzy Sawka,<br>\u0159editel Dostihov\u00e9 dr\u00e1hy Wroc\u0142aw - Partynice<\/p>\t\t\t\t\t\t\t\t<\/div>\n\t\t\t\t<\/div>\n\t\t\t\t<div class=\"elementor-element elementor-element-f8fa0f8 elementor-widget elementor-widget-text-editor\" data-id=\"f8fa0f8\" data-element_type=\"widget\" data-widget_type=\"text-editor.default\">\n\t\t\t\t<div class=\"elementor-widget-container\">\n\t\t\t\t\t\t\t\t\t<p>S n\u00e1padem eliminovat nekvalifikovan\u00e9 ru\u010dn\u00ed trhnut\u00ed, kter\u00e9 \u0161kod\u00ed v\u00fdcviku kon\u00ed, jsem p\u0159i\u0161el v polovin\u011b 80. let. Inspiroval m\u011b Krzysztof Skorupski, u kter\u00e9ho jsem z\u00edskal licenci instruktora rekrea\u010dn\u00edho jezdectv\u00ed. Nau\u010dil m\u011b respektovat ko\u0148skou hubu. Ve \u0161kol\u00e1ch Vratislavsk\u00e9ho akademick\u00e9ho jezdeck\u00e9ho klubu, kter\u00fd jsem vedl, m\u011bli studenti ot\u011b\u017ee ze snopov\u00e9ho prov\u00e1zku p\u0159ipevn\u011bn\u00e9 k udidlu gumi\u010dkou z du\u0161e kola.&nbsp;<\/p>\n<p>Po v\u00edce ne\u017e t\u0159iceti letech jsem se jako \u0159editel Dostihov\u00e9 dr\u00e1hy Wroc\u0142aw - Partynice vr\u00e1til ke sv\u00e9 star\u00e9 my\u0161lence. Na okenn\u00edm parapetu a stole v m\u00e9 kancel\u00e1\u0159i se st\u00e1le povaluj\u00ed pru\u017einy, gumi\u010dky, plastov\u00e9 trubky, v\u0161echny druhy z\u00e1mk\u016f, ryb\u00e1\u0159sk\u00e9 pruty a plachetn\u00ed l\u00edstky.<\/p>\n<p><span style=\"color: var( --e-global-color-text );\">A\u017e mi to jednoho dne do\u0161lo: muselo to b\u00fdt jednoduch\u00e9, pevn\u00e9 za\u0159\u00edzen\u00ed kompatibiln\u00ed s pou\u017e\u00edvan\u00fdm jezdeck\u00fdm vybaven\u00edm. A tak jsem na\u0161el Franciszka Peru.<\/span><\/p>\n<p><span style=\"color: var( --e-global-color-text );\">Sawka Light Hand je kone\u010dn\u00fdm v\u00fdsledkem m\u00fdch kombinac\u00ed.<\/span><\/p>\t\t\t\t\t\t\t\t<\/div>\n\t\t\t\t<\/div>\n\t\t\t\t\t<\/div>\n\t\t<\/div>\n\t\t\t\t\t<\/div>\n\t\t<\/section>\n\t\t\t\t<section class=\"elementor-section elementor-top-section elementor-element elementor-element-48adfa1 elementor-section-full_width elementor-section-height-default elementor-section-height-default\" data-id=\"48adfa1\" data-element_type=\"section\">\n\t\t\t\t\t\t<div class=\"elementor-container elementor-column-gap-default\">\n\t\t\t\t\t<div class=\"elementor-column elementor-col-100 elementor-top-column elementor-element elementor-element-0288423\" data-id=\"0288423\" data-element_type=\"column\" data-settings=\"{&quot;motion_fx_motion_fx_scrolling&quot;:&quot;yes&quot;,&quot;motion_fx_translateX_effect&quot;:&quot;yes&quot;,&quot;motion_fx_translateX_speed&quot;:{&quot;unit&quot;:&quot;px&quot;,&quot;size&quot;:1.6,&quot;sizes&quot;:[]},&quot;motion_fx_translateX_affectedRange&quot;:{&quot;unit&quot;:&quot;%&quot;,&quot;size&quot;:&quot;&quot;,&quot;sizes&quot;:{&quot;start&quot;:0,&quot;end&quot;:48}},&quot;motion_fx_devices&quot;:[&quot;desktop&quot;]}\">\n\t\t\t<div class=\"elementor-widget-wrap elementor-element-populated\">\n\t\t\t\t\t\t<div class=\"elementor-element elementor-element-8150219 elementor-widget elementor-widget-menu-anchor\" data-id=\"8150219\" data-element_type=\"widget\" data-widget_type=\"menu-anchor.default\">\n\t\t\t\t<div class=\"elementor-widget-container\">\n\t\t\t\t\t\t\t<div class=\"elementor-menu-anchor\" id=\"opinie\"><\/div>\n\t\t\t\t\t\t<\/div>\n\t\t\t\t<\/div>\n\t\t\t\t<div class=\"elementor-element elementor-element-52d127a elementor-widget-divider--view-line_text elementor-widget-divider--element-align-left elementor-widget elementor-widget-divider\" data-id=\"52d127a\" data-element_type=\"widget\" data-widget_type=\"divider.default\">\n\t\t\t\t<div class=\"elementor-widget-container\">\n\t\t\t\t\t\t\t<div class=\"elementor-divider\">\n\t\t\t<span class=\"elementor-divider-separator\">\n\t\t\t\t\t\t\t<span class=\"elementor-divider__text elementor-divider__element\">\n\t\t\t\tN\u00e1\u0161 <b>mise<\/b>\t\t\t\t<\/span>\n\t\t\t\t\t\t<\/span>\n\t\t<\/div>\n\t\t\t\t\t\t<\/div>\n\t\t\t\t<\/div>\n\t\t\t\t\t<\/div>\n\t\t<\/div>\n\t\t\t\t\t<\/div>\n\t\t<\/section>\n\t\t\t\t<section class=\"elementor-section elementor-top-section elementor-element elementor-element-b67b0a2 elementor-section-height-min-height elementor-section-boxed elementor-section-height-default elementor-section-items-middle\" data-id=\"b67b0a2\" data-element_type=\"section\" data-settings=\"{&quot;background_background&quot;:&quot;classic&quot;}\">\n\t\t\t\t\t\t<div class=\"elementor-container elementor-column-gap-default\">\n\t\t\t\t\t<div class=\"elementor-column elementor-col-100 elementor-top-column elementor-element elementor-element-cf46f51\" data-id=\"cf46f51\" data-element_type=\"column\">\n\t\t\t<div class=\"elementor-widget-wrap elementor-element-populated\">\n\t\t\t\t\t\t<div class=\"elementor-element elementor-element-5f43584 elementor-widget elementor-widget-text-editor\" data-id=\"5f43584\" data-element_type=\"widget\" data-widget_type=\"text-editor.default\">\n\t\t\t\t<div class=\"elementor-widget-container\">\n\t\t\t\t\t\t\t\t\tPin Sawka lehk\u00e1 ruka<span style=\"font-size: 15px; vertical-align: super;\">\u00ae<\/span> a prost\u011b j\u00edt. Kdy\u017e se objevily prvn\u00ed carvingov\u00e9 ly\u017ee, jejich u\u017eivatel\u00e9 se je sna\u017eili donutit k zat\u00e1\u010den\u00ed. Nen\u00ed pot\u0159eba, proto\u017ee se ot\u00e1\u010dej\u00ed samy. Carvingov\u00e9 ly\u017ee b\u011bhem p\u00e1r let nahradily klasick\u00e9 ly\u017ee z trhu. Mise Sawka Light Hand<span style=\"font-size: 15px; vertical-align: super;\">\u00ae<\/span> je b\u011b\u017en\u00e9 pou\u017eit\u00ed ke zm\u00edrn\u011bn\u00ed bolesti v tlam\u011b kon\u00ed.\t\t\t\t\t\t\t\t<\/div>\n\t\t\t\t<\/div>\n\t\t\t\t\t<\/div>\n\t\t<\/div>\n\t\t\t\t\t<\/div>\n\t\t<\/section>\n\t\t\t\t<section class=\"elementor-section elementor-top-section elementor-element elementor-element-adfc3e6 elementor-section-full_width elementor-section-height-default elementor-section-height-default\" data-id=\"adfc3e6\" data-element_type=\"section\">\n\t\t\t\t\t\t<div class=\"elementor-container elementor-column-gap-default\">\n\t\t\t\t\t<div class=\"elementor-column elementor-col-100 elementor-top-column elementor-element elementor-element-1ed0b7a\" data-id=\"1ed0b7a\" data-element_type=\"column\" data-settings=\"{&quot;motion_fx_motion_fx_scrolling&quot;:&quot;yes&quot;,&quot;motion_fx_translateX_effect&quot;:&quot;yes&quot;,&quot;motion_fx_translateX_speed&quot;:{&quot;unit&quot;:&quot;px&quot;,&quot;size&quot;:1.6,&quot;sizes&quot;:[]},&quot;motion_fx_translateX_affectedRange&quot;:{&quot;unit&quot;:&quot;%&quot;,&quot;size&quot;:&quot;&quot;,&quot;sizes&quot;:{&quot;start&quot;:0,&quot;end&quot;:48}},&quot;motion_fx_devices&quot;:[&quot;desktop&quot;]}\">\n\t\t\t<div class=\"elementor-widget-wrap elementor-element-populated\">\n\t\t\t\t\t\t<div class=\"elementor-element elementor-element-18ed435 elementor-widget elementor-widget-menu-anchor\" data-id=\"18ed435\" data-element_type=\"widget\" data-widget_type=\"menu-anchor.default\">\n\t\t\t\t<div class=\"elementor-widget-container\">\n\t\t\t\t\t\t\t<div class=\"elementor-menu-anchor\" id=\"dla-jakich-koni\"><\/div>\n\t\t\t\t\t\t<\/div>\n\t\t\t\t<\/div>\n\t\t\t\t<div class=\"elementor-element elementor-element-dcbd89b elementor-widget-divider--view-line_text elementor-widget-divider--element-align-left elementor-widget elementor-widget-divider\" data-id=\"dcbd89b\" data-element_type=\"widget\" data-widget_type=\"divider.default\">\n\t\t\t\t<div class=\"elementor-widget-container\">\n\t\t\t\t\t\t\t<div class=\"elementor-divider\">\n\t\t\t<span class=\"elementor-divider-separator\">\n\t\t\t\t\t\t\t<span class=\"elementor-divider__text elementor-divider__element\">\n\t\t\t\tN\u00e1\u0161 <b>\u00fasp\u011bchy<\/b>\t\t\t\t<\/span>\n\t\t\t\t\t\t<\/span>\n\t\t<\/div>\n\t\t\t\t\t\t<\/div>\n\t\t\t\t<\/div>\n\t\t\t\t\t<\/div>\n\t\t<\/div>\n\t\t\t\t\t<\/div>\n\t\t<\/section>\n\t\t\t\t<section class=\"elementor-section elementor-top-section elementor-element elementor-element-b4f7058 elementor-section-height-min-height elementor-section-content-top elementor-section-boxed elementor-section-height-default elementor-section-items-middle\" data-id=\"b4f7058\" data-element_type=\"section\" data-settings=\"{&quot;background_background&quot;:&quot;classic&quot;}\">\n\t\t\t\t\t\t<div class=\"elementor-container elementor-column-gap-wide\">\n\t\t\t\t\t<div class=\"elementor-column elementor-col-50 elementor-top-column elementor-element elementor-element-d2ef6bd\" data-id=\"d2ef6bd\" data-element_type=\"column\" data-settings=\"{&quot;background_background&quot;:&quot;classic&quot;}\">\n\t\t\t<div class=\"elementor-widget-wrap elementor-element-populated\">\n\t\t\t\t\t\t<div class=\"elementor-element elementor-element-5f00267 elementor-widget elementor-widget-image\" data-id=\"5f00267\" data-element_type=\"widget\" data-widget_type=\"image.default\">\n\t\t\t\t<div class=\"elementor-widget-container\">\n\t\t\t\t\t\t\t\t\t\t\t\t\t\t\t<img fetchpriority=\"high\" decoding=\"async\" width=\"395\" height=\"384\" src=\"https:\/\/www.lighthand.eu\/wp-content\/uploads\/2020\/11\/wyroznienie.png\" class=\"attachment-full size-full wp-image-1162\" alt=\"\" srcset=\"https:\/\/www.lighthand.eu\/wp-content\/uploads\/2020\/11\/wyroznienie.png 395w, https:\/\/www.lighthand.eu\/wp-content\/uploads\/2020\/11\/wyroznienie-300x292.png 300w\" sizes=\"(max-width: 395px) 100vw, 395px\" \/>\t\t\t\t\t\t\t\t\t\t\t\t\t\t\t<\/div>\n\t\t\t\t<\/div>\n\t\t\t\t<div class=\"elementor-element elementor-element-d12348b elementor-widget elementor-widget-heading\" data-id=\"d12348b\" data-element_type=\"widget\" data-widget_type=\"heading.default\">\n\t\t\t\t<div class=\"elementor-widget-container\">\n\t\t\t\t\t<h4 class=\"elementor-heading-title elementor-size-default\">Spog jako Oscar<\/h4>\t\t\t\t<\/div>\n\t\t\t\t<\/div>\n\t\t\t\t<div class=\"elementor-element elementor-element-4d73838 elementor-widget elementor-widget-text-editor\" data-id=\"4d73838\" data-element_type=\"widget\" data-widget_type=\"text-editor.default\">\n\t\t\t\t<div class=\"elementor-widget-container\">\n\t\t\t\t\t\t\t\t\tV roce 2019 na nejv\u011bt\u0161\u00edm sv\u011btov\u00e9m veletrhu jezdeck\u00e9ho pr\u016fmyslu v Kol\u00edn\u011b nad R\u00fdnem, Sawka Light Hand<span style=\"font-size: 11px; vertical-align: super;\">\u00ae<\/span> z\u00edskal nominaci na produkt roku v kategorii inovace. Jedn\u00e1 se o pr\u016fmyslov\u00fd ekvivalent filmov\u00e9 nominace na Oscara.\t\t\t\t\t\t\t\t<\/div>\n\t\t\t\t<\/div>\n\t\t\t\t\t<\/div>\n\t\t<\/div>\n\t\t\t\t<div class=\"elementor-column elementor-col-50 elementor-top-column elementor-element elementor-element-6f8e5de\" data-id=\"6f8e5de\" data-element_type=\"column\" data-settings=\"{&quot;background_background&quot;:&quot;classic&quot;}\">\n\t\t\t<div class=\"elementor-widget-wrap elementor-element-populated\">\n\t\t\t\t\t\t<div class=\"elementor-element elementor-element-b833f73 elementor-widget elementor-widget-image\" data-id=\"b833f73\" data-element_type=\"widget\" data-widget_type=\"image.default\">\n\t\t\t\t<div class=\"elementor-widget-container\">\n\t\t\t\t\t\t\t\t\t\t\t\t\t\t\t<img decoding=\"async\" width=\"362\" height=\"362\" src=\"https:\/\/www.lighthand.eu\/wp-content\/uploads\/2020\/11\/patent.png\" class=\"attachment-full size-full wp-image-1161\" alt=\"\" srcset=\"https:\/\/www.lighthand.eu\/wp-content\/uploads\/2020\/11\/patent.png 362w, https:\/\/www.lighthand.eu\/wp-content\/uploads\/2020\/11\/patent-300x300.png 300w, https:\/\/www.lighthand.eu\/wp-content\/uploads\/2020\/11\/patent-150x150.png 150w, https:\/\/www.lighthand.eu\/wp-content\/uploads\/2020\/11\/patent-100x100.png 100w\" sizes=\"(max-width: 362px) 100vw, 362px\" \/>\t\t\t\t\t\t\t\t\t\t\t\t\t\t\t<\/div>\n\t\t\t\t<\/div>\n\t\t\t\t<div class=\"elementor-element elementor-element-053817a elementor-widget elementor-widget-heading\" data-id=\"053817a\" data-element_type=\"widget\" data-widget_type=\"heading.default\">\n\t\t\t\t<div class=\"elementor-widget-container\">\n\t\t\t\t\t<h4 class=\"elementor-heading-title elementor-size-default\">Patent<\/h4>\t\t\t\t<\/div>\n\t\t\t\t<\/div>\n\t\t\t\t<div class=\"elementor-element elementor-element-16a3575 elementor-widget elementor-widget-text-editor\" data-id=\"16a3575\" data-element_type=\"widget\" data-widget_type=\"text-editor.default\">\n\t\t\t\t<div class=\"elementor-widget-container\">\n\t\t\t\t\t\t\t\t\tSawka Light Hand<span style=\"font-size: 11px; vertical-align: super;\">\u00ae<\/span> je dr\u017eitelem patentu Patentov\u00e9ho \u00fa\u0159adu Polsk\u00e9 republiky - p\u0159ihl\u00e1\u0161ka P.425269.\t\t\t\t\t\t\t\t<\/div>\n\t\t\t\t<\/div>\n\t\t\t\t\t<\/div>\n\t\t<\/div>\n\t\t\t\t\t<\/div>\n\t\t<\/section>\n\t\t\t\t<\/div>","protected":false},"excerpt":{"rendered":"<p>O nas Jerzy Sawka,dyrektor Wroc\u0142awskiego Toru Wy\u015bcig\u00f3w Konnych &#8211; Partynice Na pomys\u0142 niwelowania zgubnych dla szkolenia koni niewprawnych szarpni\u0119\u0107 r\u0119koma wpad\u0142em w po\u0142owie lat 80. ubieg\u0142ego stulecia. Zainspirowa\u0142 mnie Krzysztof Skorupski, u kt\u00f3rego robi\u0142em uprawnienia instruktora rekreacji je\u017adzieckiej. To on nauczy\u0142 mnie szacunku dla ko\u0144skiego pyska. W prowadzonych przeze mnie szk\u00f3\u0142kach Akademickiego Klubu Je\u017adzieckiego Wroc\u0142aw [&hellip;]<\/p>","protected":false},"author":1,"featured_media":0,"parent":0,"menu_order":0,"comment_status":"closed","ping_status":"closed","template":"","meta":{"footnotes":""},"class_list":["post-1291","page","type-page","status-publish","hentry"],"yoast_head":"<!-- This site is optimized with the Yoast SEO plugin v24.9 - https:\/\/yoast.com\/wordpress\/plugins\/seo\/ -->\n<title>O nas - Sawka Light Hand&reg;<\/title>\n<meta name=\"robots\" content=\"index, follow, max-snippet:-1, max-image-preview:large, max-video-preview:-1\" \/>\n<link rel=\"canonical\" href=\"https:\/\/www.lighthand.eu\/cs\/o-nas\/\" \/>\n<meta property=\"og:locale\" content=\"cs_CZ\" \/>\n<meta property=\"og:type\" content=\"article\" \/>\n<meta property=\"og:title\" content=\"O nas - Sawka Light Hand&reg;\" \/>\n<meta property=\"og:description\" content=\"O nas Jerzy Sawka,dyrektor Wroc\u0142awskiego Toru Wy\u015bcig\u00f3w Konnych &#8211; Partynice Na pomys\u0142 niwelowania zgubnych dla szkolenia koni niewprawnych szarpni\u0119\u0107 r\u0119koma wpad\u0142em w po\u0142owie lat 80. ubieg\u0142ego stulecia. Zainspirowa\u0142 mnie Krzysztof Skorupski, u kt\u00f3rego robi\u0142em uprawnienia instruktora rekreacji je\u017adzieckiej. To on nauczy\u0142 mnie szacunku dla ko\u0144skiego pyska. W prowadzonych przeze mnie szk\u00f3\u0142kach Akademickiego Klubu Je\u017adzieckiego Wroc\u0142aw [&hellip;]\" \/>\n<meta property=\"og:url\" content=\"https:\/\/www.lighthand.eu\/cs\/o-nas\/\" \/>\n<meta property=\"og:site_name\" content=\"Sawka Light Hand&reg;\" \/>\n<meta property=\"article:modified_time\" content=\"2021-01-27T21:59:43+00:00\" \/>\n<meta property=\"og:image\" content=\"https:\/\/www.lighthand.eu\/wp-content\/uploads\/2019\/08\/sawka_profil-scaled.jpg\" \/>\n\t<meta property=\"og:image:width\" content=\"2560\" \/>\n\t<meta property=\"og:image:height\" content=\"1707\" \/>\n\t<meta property=\"og:image:type\" content=\"image\/jpeg\" \/>\n<meta name=\"twitter:card\" content=\"summary_large_image\" \/>\n<meta name=\"twitter:label1\" content=\"Odhadovan\u00e1 doba \u010dten\u00ed\" \/>\n\t<meta name=\"twitter:data1\" content=\"2 minuty\" \/>\n<script type=\"application\/ld+json\" class=\"yoast-schema-graph\">{\"@context\":\"https:\/\/schema.org\",\"@graph\":[{\"@type\":[\"WebPage\",\"AboutPage\"],\"@id\":\"https:\/\/www.lighthand.eu\/o-nas\/\",\"url\":\"https:\/\/www.lighthand.eu\/o-nas\/\",\"name\":\"O nas - Sawka Light Hand&reg;\",\"isPartOf\":{\"@id\":\"https:\/\/www.lighthand.eu\/#website\"},\"primaryImageOfPage\":{\"@id\":\"https:\/\/www.lighthand.eu\/o-nas\/#primaryimage\"},\"image\":{\"@id\":\"https:\/\/www.lighthand.eu\/o-nas\/#primaryimage\"},\"thumbnailUrl\":\"https:\/\/www.lighthand.eu\/wp-content\/uploads\/2020\/11\/wyroznienie.png\",\"datePublished\":\"2020-12-11T19:59:51+00:00\",\"dateModified\":\"2021-01-27T21:59:43+00:00\",\"breadcrumb\":{\"@id\":\"https:\/\/www.lighthand.eu\/o-nas\/#breadcrumb\"},\"inLanguage\":\"cs\",\"potentialAction\":[{\"@type\":\"ReadAction\",\"target\":[\"https:\/\/www.lighthand.eu\/o-nas\/\"]}]},{\"@type\":\"ImageObject\",\"inLanguage\":\"cs\",\"@id\":\"https:\/\/www.lighthand.eu\/o-nas\/#primaryimage\",\"url\":\"https:\/\/www.lighthand.eu\/wp-content\/uploads\/2020\/11\/wyroznienie.png\",\"contentUrl\":\"https:\/\/www.lighthand.eu\/wp-content\/uploads\/2020\/11\/wyroznienie.png\"},{\"@type\":\"BreadcrumbList\",\"@id\":\"https:\/\/www.lighthand.eu\/o-nas\/#breadcrumb\",\"itemListElement\":[{\"@type\":\"ListItem\",\"position\":1,\"name\":\"Home\",\"item\":\"https:\/\/www.lighthand.eu\/pl\/\"},{\"@type\":\"ListItem\",\"position\":2,\"name\":\"O nas\"}]},{\"@type\":\"WebSite\",\"@id\":\"https:\/\/www.lighthand.eu\/#website\",\"url\":\"https:\/\/www.lighthand.eu\/\",\"name\":\"Sawka Light Hand&reg;\",\"description\":\"Rein Aid\",\"potentialAction\":[{\"@type\":\"SearchAction\",\"target\":{\"@type\":\"EntryPoint\",\"urlTemplate\":\"https:\/\/www.lighthand.eu\/?s={search_term_string}\"},\"query-input\":{\"@type\":\"PropertyValueSpecification\",\"valueRequired\":true,\"valueName\":\"search_term_string\"}}],\"inLanguage\":\"cs\"}]}<\/script>\n<!-- \/ Yoast SEO plugin. -->","yoast_head_json":{"title":"O nas - Sawka Light Hand&reg;","robots":{"index":"index","follow":"follow","max-snippet":"max-snippet:-1","max-image-preview":"max-image-preview:large","max-video-preview":"max-video-preview:-1"},"canonical":"https:\/\/www.lighthand.eu\/cs\/o-nas\/","og_locale":"cs_CZ","og_type":"article","og_title":"O nas - Sawka Light Hand&reg;","og_description":"O nas Jerzy Sawka,dyrektor Wroc\u0142awskiego Toru Wy\u015bcig\u00f3w Konnych &#8211; Partynice Na pomys\u0142 niwelowania zgubnych dla szkolenia koni niewprawnych szarpni\u0119\u0107 r\u0119koma wpad\u0142em w po\u0142owie lat 80. ubieg\u0142ego stulecia. Zainspirowa\u0142 mnie Krzysztof Skorupski, u kt\u00f3rego robi\u0142em uprawnienia instruktora rekreacji je\u017adzieckiej. To on nauczy\u0142 mnie szacunku dla ko\u0144skiego pyska. W prowadzonych przeze mnie szk\u00f3\u0142kach Akademickiego Klubu Je\u017adzieckiego Wroc\u0142aw [&hellip;]","og_url":"https:\/\/www.lighthand.eu\/cs\/o-nas\/","og_site_name":"Sawka Light Hand&reg;","article_modified_time":"2021-01-27T21:59:43+00:00","og_image":[{"width":2560,"height":1707,"url":"https:\/\/www.lighthand.eu\/wp-content\/uploads\/2019\/08\/sawka_profil-scaled.jpg","type":"image\/jpeg"}],"twitter_card":"summary_large_image","twitter_misc":{"Odhadovan\u00e1 doba \u010dten\u00ed":"2 minuty"},"schema":{"@context":"https:\/\/schema.org","@graph":[{"@type":["WebPage","AboutPage"],"@id":"https:\/\/www.lighthand.eu\/o-nas\/","url":"https:\/\/www.lighthand.eu\/o-nas\/","name":"O nas - Sawka Light Hand&reg;","isPartOf":{"@id":"https:\/\/www.lighthand.eu\/#website"},"primaryImageOfPage":{"@id":"https:\/\/www.lighthand.eu\/o-nas\/#primaryimage"},"image":{"@id":"https:\/\/www.lighthand.eu\/o-nas\/#primaryimage"},"thumbnailUrl":"https:\/\/www.lighthand.eu\/wp-content\/uploads\/2020\/11\/wyroznienie.png","datePublished":"2020-12-11T19:59:51+00:00","dateModified":"2021-01-27T21:59:43+00:00","breadcrumb":{"@id":"https:\/\/www.lighthand.eu\/o-nas\/#breadcrumb"},"inLanguage":"cs","potentialAction":[{"@type":"ReadAction","target":["https:\/\/www.lighthand.eu\/o-nas\/"]}]},{"@type":"ImageObject","inLanguage":"cs","@id":"https:\/\/www.lighthand.eu\/o-nas\/#primaryimage","url":"https:\/\/www.lighthand.eu\/wp-content\/uploads\/2020\/11\/wyroznienie.png","contentUrl":"https:\/\/www.lighthand.eu\/wp-content\/uploads\/2020\/11\/wyroznienie.png"},{"@type":"BreadcrumbList","@id":"https:\/\/www.lighthand.eu\/o-nas\/#breadcrumb","itemListElement":[{"@type":"ListItem","position":1,"name":"Home","item":"https:\/\/www.lighthand.eu\/pl\/"},{"@type":"ListItem","position":2,"name":"O nas"}]},{"@type":"WebSite","@id":"https:\/\/www.lighthand.eu\/#website","url":"https:\/\/www.lighthand.eu\/","name":"Sawka Light Hand&reg;","description":"Rein Aid","potentialAction":[{"@type":"SearchAction","target":{"@type":"EntryPoint","urlTemplate":"https:\/\/www.lighthand.eu\/?s={search_term_string}"},"query-input":{"@type":"PropertyValueSpecification","valueRequired":true,"valueName":"search_term_string"}}],"inLanguage":"cs"}]}},"_links":{"self":[{"href":"https:\/\/www.lighthand.eu\/cs\/wp-json\/wp\/v2\/pages\/1291","targetHints":{"allow":["GET"]}}],"collection":[{"href":"https:\/\/www.lighthand.eu\/cs\/wp-json\/wp\/v2\/pages"}],"about":[{"href":"https:\/\/www.lighthand.eu\/cs\/wp-json\/wp\/v2\/types\/page"}],"author":[{"embeddable":true,"href":"https:\/\/www.lighthand.eu\/cs\/wp-json\/wp\/v2\/users\/1"}],"replies":[{"embeddable":true,"href":"https:\/\/www.lighthand.eu\/cs\/wp-json\/wp\/v2\/comments?post=1291"}],"version-history":[{"count":8,"href":"https:\/\/www.lighthand.eu\/cs\/wp-json\/wp\/v2\/pages\/1291\/revisions"}],"predecessor-version":[{"id":1623,"href":"https:\/\/www.lighthand.eu\/cs\/wp-json\/wp\/v2\/pages\/1291\/revisions\/1623"}],"wp:attachment":[{"href":"https:\/\/www.lighthand.eu\/cs\/wp-json\/wp\/v2\/media?parent=1291"}],"curies":[{"name":"wp","href":"https:\/\/api.w.org\/{rel}","templated":true}]}}