{"id":1075,"date":"2020-11-11T18:31:12","date_gmt":"2020-11-11T18:31:12","guid":{"rendered":"https:\/\/www.lighthand.eu\/?page_id=1075"},"modified":"2020-11-11T18:47:10","modified_gmt":"2020-11-11T18:47:10","slug":"regulamin-wysylki","status":"publish","type":"page","link":"https:\/\/www.lighthand.eu\/de\/versandvorschriften\/","title":{"rendered":"Versandrichtlinien"},"content":{"rendered":"<div data-elementor-type=\"wp-post\" data-elementor-id=\"1075\" class=\"elementor elementor-1075\" data-elementor-post-type=\"page\">\n\t\t\t\t\t\t<section class=\"elementor-section elementor-top-section elementor-element elementor-element-7c8969a7 elementor-section-boxed elementor-section-height-default elementor-section-height-default\" data-id=\"7c8969a7\" data-element_type=\"section\">\n\t\t\t\t\t\t<div class=\"elementor-container elementor-column-gap-default\">\n\t\t\t\t\t<div class=\"elementor-column elementor-col-100 elementor-top-column elementor-element elementor-element-13af56e1\" data-id=\"13af56e1\" data-element_type=\"column\" data-settings=\"{&quot;background_background&quot;:&quot;classic&quot;}\">\n\t\t\t<div class=\"elementor-widget-wrap elementor-element-populated\">\n\t\t\t\t\t\t<div class=\"elementor-element elementor-element-37cc85c4 elementor-widget elementor-widget-text-editor\" data-id=\"37cc85c4\" data-element_type=\"widget\" data-widget_type=\"text-editor.default\">\n\t\t\t\t<div class=\"elementor-widget-container\">\n\t\t\t\t\t\t\t\t\t<h2>Sendung<\/h2><p>Die Lieferung der Waren ist auf dem Gebiet der Republik Polen sowie in einzelne L\u00e4nder der Europ\u00e4ischen Union m\u00f6glich und erfolgt an die vom Kunden bei der Bestellung angegebene Adresse. Die Lieferung erfolgt per DPD, DHL-Kurier, Inpost-Paketschlie\u00dff\u00e4chern.<\/p><h4>Lieferant<\/h4><p>DHL-Kurier (Lieferzeit 1-2 Werktage) \u2013 12 PLN<\/p><p>Lieferung in andere L\u00e4nder der Europ\u00e4ischen Union \u2013 DPD (Lieferzeit 3-8 Tage) \u2013 40 PLN<\/p><h4>Paketschlie\u00dff\u00e4cher<\/h4><p>Inpost-Paketschlie\u00dff\u00e4cher (Lieferzeit 1-2 Werktage) \u2013 10 PLN\u00a0<\/p>\t\t\t\t\t\t\t\t<\/div>\n\t\t\t\t<\/div>\n\t\t\t\t\t<\/div>\n\t\t<\/div>\n\t\t\t\t\t<\/div>\n\t\t<\/section>\n\t\t\t\t<\/div>","protected":false},"excerpt":{"rendered":"<p>Wysy\u0142ka Dostawa Towar\u00f3w mo\u017cliwa jest na terenie Rzeczpospolitej Polskiej, jak r\u00f3wnie\u017c poszczeg\u00f3lnych kraj\u00f3w Unii Europejskiej i odbywa si\u0119 pod adres wskazany przez Klienta w trakcie sk\u0142adania Zam\u00f3wienia. Dostawa odbywa si\u0119 przesy\u0142k\u0105 kuriersk\u0105 DPD, DHL, Paczkomatami Inpost. Kurier Kurier DHL (czas realizacji 1-2 dni roboczych) &#8211;&nbsp;12 z\u0142 Dostawa do pozosta\u0142ych kraj\u00f3w unii europejsckiej &#8211; DPD (czas [&hellip;]<\/p>","protected":false},"author":1,"featured_media":0,"parent":0,"menu_order":0,"comment_status":"closed","ping_status":"closed","template":"elementor_header_footer","meta":{"footnotes":""},"class_list":["post-1075","page","type-page","status-publish","hentry"],"yoast_head":"<!-- This site is optimized with the Yoast SEO plugin v24.9 - https:\/\/yoast.com\/wordpress\/plugins\/seo\/ -->\n<title>Regulamin Wysy\u0142ki - Sawka Light Hand&reg;<\/title>\n<meta name=\"robots\" content=\"index, follow, max-snippet:-1, max-image-preview:large, max-video-preview:-1\" \/>\n<link rel=\"canonical\" href=\"https:\/\/www.lighthand.eu\/de\/versandvorschriften\/\" \/>\n<meta property=\"og:locale\" content=\"de_DE\" \/>\n<meta property=\"og:type\" content=\"article\" \/>\n<meta property=\"og:title\" content=\"Regulamin Wysy\u0142ki - Sawka Light Hand&reg;\" \/>\n<meta property=\"og:description\" content=\"Wysy\u0142ka Dostawa Towar\u00f3w mo\u017cliwa jest na terenie Rzeczpospolitej Polskiej, jak r\u00f3wnie\u017c poszczeg\u00f3lnych kraj\u00f3w Unii Europejskiej i odbywa si\u0119 pod adres wskazany przez Klienta w trakcie sk\u0142adania Zam\u00f3wienia. Dostawa odbywa si\u0119 przesy\u0142k\u0105 kuriersk\u0105 DPD, DHL, Paczkomatami Inpost. Kurier Kurier DHL (czas realizacji 1-2 dni roboczych) &#8211;&nbsp;12 z\u0142 Dostawa do pozosta\u0142ych kraj\u00f3w unii europejsckiej &#8211; DPD (czas [&hellip;]\" \/>\n<meta property=\"og:url\" content=\"https:\/\/www.lighthand.eu\/de\/versandvorschriften\/\" \/>\n<meta property=\"og:site_name\" content=\"Sawka Light Hand&reg;\" \/>\n<meta property=\"article:modified_time\" content=\"2020-11-11T18:47:10+00:00\" \/>\n<meta name=\"twitter:card\" content=\"summary_large_image\" \/>\n<script type=\"application\/ld+json\" class=\"yoast-schema-graph\">{\"@context\":\"https:\/\/schema.org\",\"@graph\":[{\"@type\":\"WebPage\",\"@id\":\"https:\/\/www.lighthand.eu\/regulamin-wysylki\/\",\"url\":\"https:\/\/www.lighthand.eu\/regulamin-wysylki\/\",\"name\":\"Regulamin Wysy\u0142ki - Sawka Light Hand&reg;\",\"isPartOf\":{\"@id\":\"https:\/\/www.lighthand.eu\/#website\"},\"datePublished\":\"2020-11-11T18:31:12+00:00\",\"dateModified\":\"2020-11-11T18:47:10+00:00\",\"breadcrumb\":{\"@id\":\"https:\/\/www.lighthand.eu\/regulamin-wysylki\/#breadcrumb\"},\"inLanguage\":\"de\",\"potentialAction\":[{\"@type\":\"ReadAction\",\"target\":[\"https:\/\/www.lighthand.eu\/regulamin-wysylki\/\"]}]},{\"@type\":\"BreadcrumbList\",\"@id\":\"https:\/\/www.lighthand.eu\/regulamin-wysylki\/#breadcrumb\",\"itemListElement\":[{\"@type\":\"ListItem\",\"position\":1,\"name\":\"Home\",\"item\":\"https:\/\/www.lighthand.eu\/pl\/\"},{\"@type\":\"ListItem\",\"position\":2,\"name\":\"Regulamin Wysy\u0142ki\"}]},{\"@type\":\"WebSite\",\"@id\":\"https:\/\/www.lighthand.eu\/#website\",\"url\":\"https:\/\/www.lighthand.eu\/\",\"name\":\"Sawka Light Hand&reg;\",\"description\":\"Rein Aid\",\"potentialAction\":[{\"@type\":\"SearchAction\",\"target\":{\"@type\":\"EntryPoint\",\"urlTemplate\":\"https:\/\/www.lighthand.eu\/?s={search_term_string}\"},\"query-input\":{\"@type\":\"PropertyValueSpecification\",\"valueRequired\":true,\"valueName\":\"search_term_string\"}}],\"inLanguage\":\"de\"}]}<\/script>\n<!-- \/ Yoast SEO plugin. -->","yoast_head_json":{"title":"Regulamin Wysy\u0142ki - Sawka Light Hand&reg;","robots":{"index":"index","follow":"follow","max-snippet":"max-snippet:-1","max-image-preview":"max-image-preview:large","max-video-preview":"max-video-preview:-1"},"canonical":"https:\/\/www.lighthand.eu\/de\/versandvorschriften\/","og_locale":"de_DE","og_type":"article","og_title":"Regulamin Wysy\u0142ki - Sawka Light Hand&reg;","og_description":"Wysy\u0142ka Dostawa Towar\u00f3w mo\u017cliwa jest na terenie Rzeczpospolitej Polskiej, jak r\u00f3wnie\u017c poszczeg\u00f3lnych kraj\u00f3w Unii Europejskiej i odbywa si\u0119 pod adres wskazany przez Klienta w trakcie sk\u0142adania Zam\u00f3wienia. Dostawa odbywa si\u0119 przesy\u0142k\u0105 kuriersk\u0105 DPD, DHL, Paczkomatami Inpost. Kurier Kurier DHL (czas realizacji 1-2 dni roboczych) &#8211;&nbsp;12 z\u0142 Dostawa do pozosta\u0142ych kraj\u00f3w unii europejsckiej &#8211; DPD (czas [&hellip;]","og_url":"https:\/\/www.lighthand.eu\/de\/versandvorschriften\/","og_site_name":"Sawka Light Hand&reg;","article_modified_time":"2020-11-11T18:47:10+00:00","twitter_card":"summary_large_image","schema":{"@context":"https:\/\/schema.org","@graph":[{"@type":"WebPage","@id":"https:\/\/www.lighthand.eu\/regulamin-wysylki\/","url":"https:\/\/www.lighthand.eu\/regulamin-wysylki\/","name":"Regulamin Wysy\u0142ki - Sawka Light Hand&reg;","isPartOf":{"@id":"https:\/\/www.lighthand.eu\/#website"},"datePublished":"2020-11-11T18:31:12+00:00","dateModified":"2020-11-11T18:47:10+00:00","breadcrumb":{"@id":"https:\/\/www.lighthand.eu\/regulamin-wysylki\/#breadcrumb"},"inLanguage":"de","potentialAction":[{"@type":"ReadAction","target":["https:\/\/www.lighthand.eu\/regulamin-wysylki\/"]}]},{"@type":"BreadcrumbList","@id":"https:\/\/www.lighthand.eu\/regulamin-wysylki\/#breadcrumb","itemListElement":[{"@type":"ListItem","position":1,"name":"Home","item":"https:\/\/www.lighthand.eu\/pl\/"},{"@type":"ListItem","position":2,"name":"Regulamin Wysy\u0142ki"}]},{"@type":"WebSite","@id":"https:\/\/www.lighthand.eu\/#website","url":"https:\/\/www.lighthand.eu\/","name":"Sawka Light Hand&reg;","description":"Rein Aid","potentialAction":[{"@type":"SearchAction","target":{"@type":"EntryPoint","urlTemplate":"https:\/\/www.lighthand.eu\/?s={search_term_string}"},"query-input":{"@type":"PropertyValueSpecification","valueRequired":true,"valueName":"search_term_string"}}],"inLanguage":"de"}]}},"_links":{"self":[{"href":"https:\/\/www.lighthand.eu\/de\/wp-json\/wp\/v2\/pages\/1075","targetHints":{"allow":["GET"]}}],"collection":[{"href":"https:\/\/www.lighthand.eu\/de\/wp-json\/wp\/v2\/pages"}],"about":[{"href":"https:\/\/www.lighthand.eu\/de\/wp-json\/wp\/v2\/types\/page"}],"author":[{"embeddable":true,"href":"https:\/\/www.lighthand.eu\/de\/wp-json\/wp\/v2\/users\/1"}],"replies":[{"embeddable":true,"href":"https:\/\/www.lighthand.eu\/de\/wp-json\/wp\/v2\/comments?post=1075"}],"version-history":[{"count":14,"href":"https:\/\/www.lighthand.eu\/de\/wp-json\/wp\/v2\/pages\/1075\/revisions"}],"predecessor-version":[{"id":1090,"href":"https:\/\/www.lighthand.eu\/de\/wp-json\/wp\/v2\/pages\/1075\/revisions\/1090"}],"wp:attachment":[{"href":"https:\/\/www.lighthand.eu\/de\/wp-json\/wp\/v2\/media?parent=1075"}],"curies":[{"name":"wp","href":"https:\/\/api.w.org\/{rel}","templated":true}]}}