{"id":1291,"date":"2020-12-11T19:59:51","date_gmt":"2020-12-11T19:59:51","guid":{"rendered":"https:\/\/www.lighthand.eu\/?page_id=1291"},"modified":"2021-01-27T21:59:43","modified_gmt":"2021-01-27T21:59:43","slug":"o-nas","status":"publish","type":"page","link":"https:\/\/www.lighthand.eu\/de\/uber-uns\/","title":{"rendered":"\u00dcber uns"},"content":{"rendered":"<div data-elementor-type=\"wp-page\" data-elementor-id=\"1291\" class=\"elementor elementor-1291\" data-elementor-post-type=\"page\">\n\t\t\t\t\t\t<section class=\"elementor-section elementor-top-section elementor-element elementor-element-248d2c4 elementor-section-height-min-height elementor-section-content-middle elementor-reverse-mobile elementor-section-items-bottom elementor-section-boxed elementor-section-height-default\" data-id=\"248d2c4\" data-element_type=\"section\" data-settings=\"{&quot;background_background&quot;:&quot;classic&quot;}\">\n\t\t\t\t\t\t\t<div class=\"elementor-background-overlay\"><\/div>\n\t\t\t\t\t\t\t<div class=\"elementor-container elementor-column-gap-no\">\n\t\t\t\t\t<div class=\"elementor-column elementor-col-50 elementor-top-column elementor-element elementor-element-aef6df4\" data-id=\"aef6df4\" data-element_type=\"column\">\n\t\t\t<div class=\"elementor-widget-wrap elementor-element-populated\">\n\t\t\t\t\t\t<div class=\"elementor-element elementor-element-95cf611 elementor-widget elementor-widget-heading\" data-id=\"95cf611\" data-element_type=\"widget\" data-widget_type=\"heading.default\">\n\t\t\t\t<div class=\"elementor-widget-container\">\n\t\t\t\t\t<h1 class=\"elementor-heading-title elementor-size-default\">\u00dcber uns<\/h1>\t\t\t\t<\/div>\n\t\t\t\t<\/div>\n\t\t\t\t\t<\/div>\n\t\t<\/div>\n\t\t\t\t<div class=\"elementor-column elementor-col-50 elementor-top-column elementor-element elementor-element-4eee9cf\" data-id=\"4eee9cf\" data-element_type=\"column\">\n\t\t\t<div class=\"elementor-widget-wrap\">\n\t\t\t\t\t\t\t<\/div>\n\t\t<\/div>\n\t\t\t\t\t<\/div>\n\t\t<\/section>\n\t\t\t\t<section class=\"elementor-section elementor-top-section elementor-element elementor-element-96de046 elementor-section-height-min-height elementor-section-boxed elementor-section-height-default elementor-section-items-middle\" data-id=\"96de046\" data-element_type=\"section\" data-settings=\"{&quot;background_background&quot;:&quot;classic&quot;}\">\n\t\t\t\t\t\t<div class=\"elementor-container elementor-column-gap-default\">\n\t\t\t\t\t<div class=\"elementor-column elementor-col-100 elementor-top-column elementor-element elementor-element-a94293b\" data-id=\"a94293b\" data-element_type=\"column\">\n\t\t\t<div class=\"elementor-widget-wrap elementor-element-populated\">\n\t\t\t\t\t\t<div class=\"elementor-element elementor-element-1ee5911 elementor-widget elementor-widget-text-editor\" data-id=\"1ee5911\" data-element_type=\"widget\" data-widget_type=\"text-editor.default\">\n\t\t\t\t<div class=\"elementor-widget-container\">\n\t\t\t\t\t\t\t\t\t<p>Jerzy Sawka,<br>Direktor der Pferderennbahn Breslau \u2013 Partynice<\/p>\t\t\t\t\t\t\t\t<\/div>\n\t\t\t\t<\/div>\n\t\t\t\t<div class=\"elementor-element elementor-element-f8fa0f8 elementor-widget elementor-widget-text-editor\" data-id=\"f8fa0f8\" data-element_type=\"widget\" data-widget_type=\"text-editor.default\">\n\t\t\t\t<div class=\"elementor-widget-container\">\n\t\t\t\t\t\t\t\t\t<p>Mitte der 1980er-Jahre kam ich auf die Idee, ungelernte Handruckler zu eliminieren, die sich nachteilig auf die Ausbildung von Pferden auswirken. Inspiriert wurde ich von Krzysztof Skorupski, bei dem ich meine Lizenz als Freizeitreitsportlehrer erhielt. Er brachte mir bei, wie man das Maul eines Pferdes respektiert. In den Schulen des Breslauer Akademischen Reitclubs, den ich leitete, hatten die Sch\u00fcler Z\u00fcgel aus B\u00fcndelschnur, die mit einem Gummiband aus einem Fahrradschlauch am Gebiss befestigt waren.&nbsp;<\/p>\n<p>Nach \u00fcber drei\u00dfig Jahren als Direktor der Breslauer Pferderennbahn \u2013 Partynice kehrte ich zu meiner alten Idee zur\u00fcck. Auf dem Fensterbrett und dem Schreibtisch meines B\u00fcros liegen immer noch Federn, Gummib\u00e4nder, Plastikschl\u00e4uche, Schl\u00f6sser aller Art, Angelruten und Segelscheine herum.<\/p>\n<p><span style=\"color: var( --e-global-color-text );\">Bis mir eines Tages klar wurde: Es musste ein einfaches, solides Ger\u00e4t sein, das mit der verwendeten Reitausr\u00fcstung kompatibel war. Und so habe ich Franciszek Pera gefunden.<\/span><\/p>\n<p><span style=\"color: var( --e-global-color-text );\">Sawka Light Hand ist das Endergebnis meiner Kombinationen.<\/span><\/p>\t\t\t\t\t\t\t\t<\/div>\n\t\t\t\t<\/div>\n\t\t\t\t\t<\/div>\n\t\t<\/div>\n\t\t\t\t\t<\/div>\n\t\t<\/section>\n\t\t\t\t<section class=\"elementor-section elementor-top-section elementor-element elementor-element-48adfa1 elementor-section-full_width elementor-section-height-default elementor-section-height-default\" data-id=\"48adfa1\" data-element_type=\"section\">\n\t\t\t\t\t\t<div class=\"elementor-container elementor-column-gap-default\">\n\t\t\t\t\t<div class=\"elementor-column elementor-col-100 elementor-top-column elementor-element elementor-element-0288423\" data-id=\"0288423\" data-element_type=\"column\" data-settings=\"{&quot;motion_fx_motion_fx_scrolling&quot;:&quot;yes&quot;,&quot;motion_fx_translateX_effect&quot;:&quot;yes&quot;,&quot;motion_fx_translateX_speed&quot;:{&quot;unit&quot;:&quot;px&quot;,&quot;size&quot;:1.6,&quot;sizes&quot;:[]},&quot;motion_fx_translateX_affectedRange&quot;:{&quot;unit&quot;:&quot;%&quot;,&quot;size&quot;:&quot;&quot;,&quot;sizes&quot;:{&quot;start&quot;:0,&quot;end&quot;:48}},&quot;motion_fx_devices&quot;:[&quot;desktop&quot;]}\">\n\t\t\t<div class=\"elementor-widget-wrap elementor-element-populated\">\n\t\t\t\t\t\t<div class=\"elementor-element elementor-element-8150219 elementor-widget elementor-widget-menu-anchor\" data-id=\"8150219\" data-element_type=\"widget\" data-widget_type=\"menu-anchor.default\">\n\t\t\t\t<div class=\"elementor-widget-container\">\n\t\t\t\t\t\t\t<div class=\"elementor-menu-anchor\" id=\"opinie\"><\/div>\n\t\t\t\t\t\t<\/div>\n\t\t\t\t<\/div>\n\t\t\t\t<div class=\"elementor-element elementor-element-52d127a elementor-widget-divider--view-line_text elementor-widget-divider--element-align-left elementor-widget elementor-widget-divider\" data-id=\"52d127a\" data-element_type=\"widget\" data-widget_type=\"divider.default\">\n\t\t\t\t<div class=\"elementor-widget-container\">\n\t\t\t\t\t\t\t<div class=\"elementor-divider\">\n\t\t\t<span class=\"elementor-divider-separator\">\n\t\t\t\t\t\t\t<span class=\"elementor-divider__text elementor-divider__element\">\n\t\t\t\tUnser <b>Mission<\/b>\t\t\t\t<\/span>\n\t\t\t\t\t\t<\/span>\n\t\t<\/div>\n\t\t\t\t\t\t<\/div>\n\t\t\t\t<\/div>\n\t\t\t\t\t<\/div>\n\t\t<\/div>\n\t\t\t\t\t<\/div>\n\t\t<\/section>\n\t\t\t\t<section class=\"elementor-section elementor-top-section elementor-element elementor-element-b67b0a2 elementor-section-height-min-height elementor-section-boxed elementor-section-height-default elementor-section-items-middle\" data-id=\"b67b0a2\" data-element_type=\"section\" data-settings=\"{&quot;background_background&quot;:&quot;classic&quot;}\">\n\t\t\t\t\t\t<div class=\"elementor-container elementor-column-gap-default\">\n\t\t\t\t\t<div class=\"elementor-column elementor-col-100 elementor-top-column elementor-element elementor-element-cf46f51\" data-id=\"cf46f51\" data-element_type=\"column\">\n\t\t\t<div class=\"elementor-widget-wrap elementor-element-populated\">\n\t\t\t\t\t\t<div class=\"elementor-element elementor-element-5f43584 elementor-widget elementor-widget-text-editor\" data-id=\"5f43584\" data-element_type=\"widget\" data-widget_type=\"text-editor.default\">\n\t\t\t\t<div class=\"elementor-widget-container\">\n\t\t\t\t\t\t\t\t\tPin Sawka Leichte Hand<span style=\"font-size: 15px; vertical-align: super;\">\u00ae<\/span> und geh einfach. Als die ersten Carving-Ski auftauchten, versuchten ihre Benutzer, sie zum Drehen zu zwingen. Nicht n\u00f6tig, denn sie schalten sich von selbst ein. Innerhalb weniger Jahre verdr\u00e4ngten Carving-Ski die klassischen Ski vom Markt. Sawka Light Hand-Mission<span style=\"font-size: 15px; vertical-align: super;\">\u00ae<\/span> wird h\u00e4ufig zur Linderung von Schmerzen im Maul von Pferden eingesetzt.\t\t\t\t\t\t\t\t<\/div>\n\t\t\t\t<\/div>\n\t\t\t\t\t<\/div>\n\t\t<\/div>\n\t\t\t\t\t<\/div>\n\t\t<\/section>\n\t\t\t\t<section class=\"elementor-section elementor-top-section elementor-element elementor-element-adfc3e6 elementor-section-full_width elementor-section-height-default elementor-section-height-default\" data-id=\"adfc3e6\" data-element_type=\"section\">\n\t\t\t\t\t\t<div class=\"elementor-container elementor-column-gap-default\">\n\t\t\t\t\t<div class=\"elementor-column elementor-col-100 elementor-top-column elementor-element elementor-element-1ed0b7a\" data-id=\"1ed0b7a\" data-element_type=\"column\" data-settings=\"{&quot;motion_fx_motion_fx_scrolling&quot;:&quot;yes&quot;,&quot;motion_fx_translateX_effect&quot;:&quot;yes&quot;,&quot;motion_fx_translateX_speed&quot;:{&quot;unit&quot;:&quot;px&quot;,&quot;size&quot;:1.6,&quot;sizes&quot;:[]},&quot;motion_fx_translateX_affectedRange&quot;:{&quot;unit&quot;:&quot;%&quot;,&quot;size&quot;:&quot;&quot;,&quot;sizes&quot;:{&quot;start&quot;:0,&quot;end&quot;:48}},&quot;motion_fx_devices&quot;:[&quot;desktop&quot;]}\">\n\t\t\t<div class=\"elementor-widget-wrap elementor-element-populated\">\n\t\t\t\t\t\t<div class=\"elementor-element elementor-element-18ed435 elementor-widget elementor-widget-menu-anchor\" data-id=\"18ed435\" data-element_type=\"widget\" data-widget_type=\"menu-anchor.default\">\n\t\t\t\t<div class=\"elementor-widget-container\">\n\t\t\t\t\t\t\t<div class=\"elementor-menu-anchor\" id=\"dla-jakich-koni\"><\/div>\n\t\t\t\t\t\t<\/div>\n\t\t\t\t<\/div>\n\t\t\t\t<div class=\"elementor-element elementor-element-dcbd89b elementor-widget-divider--view-line_text elementor-widget-divider--element-align-left elementor-widget elementor-widget-divider\" data-id=\"dcbd89b\" data-element_type=\"widget\" data-widget_type=\"divider.default\">\n\t\t\t\t<div class=\"elementor-widget-container\">\n\t\t\t\t\t\t\t<div class=\"elementor-divider\">\n\t\t\t<span class=\"elementor-divider-separator\">\n\t\t\t\t\t\t\t<span class=\"elementor-divider__text elementor-divider__element\">\n\t\t\t\tUnser <b>Erfolge<\/b>\t\t\t\t<\/span>\n\t\t\t\t\t\t<\/span>\n\t\t<\/div>\n\t\t\t\t\t\t<\/div>\n\t\t\t\t<\/div>\n\t\t\t\t\t<\/div>\n\t\t<\/div>\n\t\t\t\t\t<\/div>\n\t\t<\/section>\n\t\t\t\t<section class=\"elementor-section elementor-top-section elementor-element elementor-element-b4f7058 elementor-section-height-min-height elementor-section-content-top elementor-section-boxed elementor-section-height-default elementor-section-items-middle\" data-id=\"b4f7058\" data-element_type=\"section\" data-settings=\"{&quot;background_background&quot;:&quot;classic&quot;}\">\n\t\t\t\t\t\t<div class=\"elementor-container elementor-column-gap-wide\">\n\t\t\t\t\t<div class=\"elementor-column elementor-col-50 elementor-top-column elementor-element elementor-element-d2ef6bd\" data-id=\"d2ef6bd\" data-element_type=\"column\" data-settings=\"{&quot;background_background&quot;:&quot;classic&quot;}\">\n\t\t\t<div class=\"elementor-widget-wrap elementor-element-populated\">\n\t\t\t\t\t\t<div class=\"elementor-element elementor-element-5f00267 elementor-widget elementor-widget-image\" data-id=\"5f00267\" data-element_type=\"widget\" data-widget_type=\"image.default\">\n\t\t\t\t<div class=\"elementor-widget-container\">\n\t\t\t\t\t\t\t\t\t\t\t\t\t\t\t<img fetchpriority=\"high\" decoding=\"async\" width=\"395\" height=\"384\" src=\"https:\/\/www.lighthand.eu\/wp-content\/uploads\/2020\/11\/wyroznienie.png\" class=\"attachment-full size-full wp-image-1162\" alt=\"\" srcset=\"https:\/\/www.lighthand.eu\/wp-content\/uploads\/2020\/11\/wyroznienie.png 395w, https:\/\/www.lighthand.eu\/wp-content\/uploads\/2020\/11\/wyroznienie-300x292.png 300w\" sizes=\"(max-width: 395px) 100vw, 395px\" \/>\t\t\t\t\t\t\t\t\t\t\t\t\t\t\t<\/div>\n\t\t\t\t<\/div>\n\t\t\t\t<div class=\"elementor-element elementor-element-d12348b elementor-widget elementor-widget-heading\" data-id=\"d12348b\" data-element_type=\"widget\" data-widget_type=\"heading.default\">\n\t\t\t\t<div class=\"elementor-widget-container\">\n\t\t\t\t\t<h4 class=\"elementor-heading-title elementor-size-default\">Spoga wie Oscar<\/h4>\t\t\t\t<\/div>\n\t\t\t\t<\/div>\n\t\t\t\t<div class=\"elementor-element elementor-element-4d73838 elementor-widget elementor-widget-text-editor\" data-id=\"4d73838\" data-element_type=\"widget\" data-widget_type=\"text-editor.default\">\n\t\t\t\t<div class=\"elementor-widget-container\">\n\t\t\t\t\t\t\t\t\tIm Jahr 2019 auf der weltweit gr\u00f6\u00dften Messe der Reitindustrie in K\u00f6ln Sawka Light Hand<span style=\"font-size: 11px; vertical-align: super;\">\u00ae<\/span> wurde in der Kategorie Innovation f\u00fcr das Produkt des Jahres nominiert. Dies entspricht in der Branche einer Oscar-Nominierung.\t\t\t\t\t\t\t\t<\/div>\n\t\t\t\t<\/div>\n\t\t\t\t\t<\/div>\n\t\t<\/div>\n\t\t\t\t<div class=\"elementor-column elementor-col-50 elementor-top-column elementor-element elementor-element-6f8e5de\" data-id=\"6f8e5de\" data-element_type=\"column\" data-settings=\"{&quot;background_background&quot;:&quot;classic&quot;}\">\n\t\t\t<div class=\"elementor-widget-wrap elementor-element-populated\">\n\t\t\t\t\t\t<div class=\"elementor-element elementor-element-b833f73 elementor-widget elementor-widget-image\" data-id=\"b833f73\" data-element_type=\"widget\" data-widget_type=\"image.default\">\n\t\t\t\t<div class=\"elementor-widget-container\">\n\t\t\t\t\t\t\t\t\t\t\t\t\t\t\t<img decoding=\"async\" width=\"362\" height=\"362\" src=\"https:\/\/www.lighthand.eu\/wp-content\/uploads\/2020\/11\/patent.png\" class=\"attachment-full size-full wp-image-1161\" alt=\"\" srcset=\"https:\/\/www.lighthand.eu\/wp-content\/uploads\/2020\/11\/patent.png 362w, https:\/\/www.lighthand.eu\/wp-content\/uploads\/2020\/11\/patent-300x300.png 300w, https:\/\/www.lighthand.eu\/wp-content\/uploads\/2020\/11\/patent-150x150.png 150w, https:\/\/www.lighthand.eu\/wp-content\/uploads\/2020\/11\/patent-100x100.png 100w\" sizes=\"(max-width: 362px) 100vw, 362px\" \/>\t\t\t\t\t\t\t\t\t\t\t\t\t\t\t<\/div>\n\t\t\t\t<\/div>\n\t\t\t\t<div class=\"elementor-element elementor-element-053817a elementor-widget elementor-widget-heading\" data-id=\"053817a\" data-element_type=\"widget\" data-widget_type=\"heading.default\">\n\t\t\t\t<div class=\"elementor-widget-container\">\n\t\t\t\t\t<h4 class=\"elementor-heading-title elementor-size-default\">Patent<\/h4>\t\t\t\t<\/div>\n\t\t\t\t<\/div>\n\t\t\t\t<div class=\"elementor-element elementor-element-16a3575 elementor-widget elementor-widget-text-editor\" data-id=\"16a3575\" data-element_type=\"widget\" data-widget_type=\"text-editor.default\">\n\t\t\t\t<div class=\"elementor-widget-container\">\n\t\t\t\t\t\t\t\t\tSawka Light Hand<span style=\"font-size: 11px; vertical-align: super;\">\u00ae<\/span> Inhaber eines Patents des Patentamts der Republik Polen \u2013 Anmeldung P.425269.\t\t\t\t\t\t\t\t<\/div>\n\t\t\t\t<\/div>\n\t\t\t\t\t<\/div>\n\t\t<\/div>\n\t\t\t\t\t<\/div>\n\t\t<\/section>\n\t\t\t\t<\/div>","protected":false},"excerpt":{"rendered":"<p>O nas Jerzy Sawka,dyrektor Wroc\u0142awskiego Toru Wy\u015bcig\u00f3w Konnych &#8211; Partynice Na pomys\u0142 niwelowania zgubnych dla szkolenia koni niewprawnych szarpni\u0119\u0107 r\u0119koma wpad\u0142em w po\u0142owie lat 80. ubieg\u0142ego stulecia. Zainspirowa\u0142 mnie Krzysztof Skorupski, u kt\u00f3rego robi\u0142em uprawnienia instruktora rekreacji je\u017adzieckiej. To on nauczy\u0142 mnie szacunku dla ko\u0144skiego pyska. W prowadzonych przeze mnie szk\u00f3\u0142kach Akademickiego Klubu Je\u017adzieckiego Wroc\u0142aw [&hellip;]<\/p>","protected":false},"author":1,"featured_media":0,"parent":0,"menu_order":0,"comment_status":"closed","ping_status":"closed","template":"","meta":{"footnotes":""},"class_list":["post-1291","page","type-page","status-publish","hentry"],"yoast_head":"<!-- This site is optimized with the Yoast SEO plugin v24.9 - https:\/\/yoast.com\/wordpress\/plugins\/seo\/ -->\n<title>O nas - Sawka Light Hand&reg;<\/title>\n<meta name=\"robots\" content=\"index, follow, max-snippet:-1, max-image-preview:large, max-video-preview:-1\" \/>\n<link rel=\"canonical\" href=\"https:\/\/www.lighthand.eu\/de\/uber-uns\/\" \/>\n<meta property=\"og:locale\" content=\"de_DE\" \/>\n<meta property=\"og:type\" content=\"article\" \/>\n<meta property=\"og:title\" content=\"O nas - Sawka Light Hand&reg;\" \/>\n<meta property=\"og:description\" content=\"O nas Jerzy Sawka,dyrektor Wroc\u0142awskiego Toru Wy\u015bcig\u00f3w Konnych &#8211; Partynice Na pomys\u0142 niwelowania zgubnych dla szkolenia koni niewprawnych szarpni\u0119\u0107 r\u0119koma wpad\u0142em w po\u0142owie lat 80. ubieg\u0142ego stulecia. Zainspirowa\u0142 mnie Krzysztof Skorupski, u kt\u00f3rego robi\u0142em uprawnienia instruktora rekreacji je\u017adzieckiej. To on nauczy\u0142 mnie szacunku dla ko\u0144skiego pyska. W prowadzonych przeze mnie szk\u00f3\u0142kach Akademickiego Klubu Je\u017adzieckiego Wroc\u0142aw [&hellip;]\" \/>\n<meta property=\"og:url\" content=\"https:\/\/www.lighthand.eu\/de\/uber-uns\/\" \/>\n<meta property=\"og:site_name\" content=\"Sawka Light Hand&reg;\" \/>\n<meta property=\"article:modified_time\" content=\"2021-01-27T21:59:43+00:00\" \/>\n<meta property=\"og:image\" content=\"https:\/\/www.lighthand.eu\/wp-content\/uploads\/2019\/08\/sawka_profil-scaled.jpg\" \/>\n\t<meta property=\"og:image:width\" content=\"2560\" \/>\n\t<meta property=\"og:image:height\" content=\"1707\" \/>\n\t<meta property=\"og:image:type\" content=\"image\/jpeg\" \/>\n<meta name=\"twitter:card\" content=\"summary_large_image\" \/>\n<meta name=\"twitter:label1\" content=\"Gesch\u00e4tzte Lesezeit\" \/>\n\t<meta name=\"twitter:data1\" content=\"2\u00a0Minuten\" \/>\n<script type=\"application\/ld+json\" class=\"yoast-schema-graph\">{\"@context\":\"https:\/\/schema.org\",\"@graph\":[{\"@type\":[\"WebPage\",\"AboutPage\"],\"@id\":\"https:\/\/www.lighthand.eu\/o-nas\/\",\"url\":\"https:\/\/www.lighthand.eu\/o-nas\/\",\"name\":\"O nas - Sawka Light Hand&reg;\",\"isPartOf\":{\"@id\":\"https:\/\/www.lighthand.eu\/#website\"},\"primaryImageOfPage\":{\"@id\":\"https:\/\/www.lighthand.eu\/o-nas\/#primaryimage\"},\"image\":{\"@id\":\"https:\/\/www.lighthand.eu\/o-nas\/#primaryimage\"},\"thumbnailUrl\":\"https:\/\/www.lighthand.eu\/wp-content\/uploads\/2020\/11\/wyroznienie.png\",\"datePublished\":\"2020-12-11T19:59:51+00:00\",\"dateModified\":\"2021-01-27T21:59:43+00:00\",\"breadcrumb\":{\"@id\":\"https:\/\/www.lighthand.eu\/o-nas\/#breadcrumb\"},\"inLanguage\":\"de\",\"potentialAction\":[{\"@type\":\"ReadAction\",\"target\":[\"https:\/\/www.lighthand.eu\/o-nas\/\"]}]},{\"@type\":\"ImageObject\",\"inLanguage\":\"de\",\"@id\":\"https:\/\/www.lighthand.eu\/o-nas\/#primaryimage\",\"url\":\"https:\/\/www.lighthand.eu\/wp-content\/uploads\/2020\/11\/wyroznienie.png\",\"contentUrl\":\"https:\/\/www.lighthand.eu\/wp-content\/uploads\/2020\/11\/wyroznienie.png\"},{\"@type\":\"BreadcrumbList\",\"@id\":\"https:\/\/www.lighthand.eu\/o-nas\/#breadcrumb\",\"itemListElement\":[{\"@type\":\"ListItem\",\"position\":1,\"name\":\"Home\",\"item\":\"https:\/\/www.lighthand.eu\/pl\/\"},{\"@type\":\"ListItem\",\"position\":2,\"name\":\"O nas\"}]},{\"@type\":\"WebSite\",\"@id\":\"https:\/\/www.lighthand.eu\/#website\",\"url\":\"https:\/\/www.lighthand.eu\/\",\"name\":\"Sawka Light Hand&reg;\",\"description\":\"Rein Aid\",\"potentialAction\":[{\"@type\":\"SearchAction\",\"target\":{\"@type\":\"EntryPoint\",\"urlTemplate\":\"https:\/\/www.lighthand.eu\/?s={search_term_string}\"},\"query-input\":{\"@type\":\"PropertyValueSpecification\",\"valueRequired\":true,\"valueName\":\"search_term_string\"}}],\"inLanguage\":\"de\"}]}<\/script>\n<!-- \/ Yoast SEO plugin. -->","yoast_head_json":{"title":"O nas - Sawka Light Hand&reg;","robots":{"index":"index","follow":"follow","max-snippet":"max-snippet:-1","max-image-preview":"max-image-preview:large","max-video-preview":"max-video-preview:-1"},"canonical":"https:\/\/www.lighthand.eu\/de\/uber-uns\/","og_locale":"de_DE","og_type":"article","og_title":"O nas - Sawka Light Hand&reg;","og_description":"O nas Jerzy Sawka,dyrektor Wroc\u0142awskiego Toru Wy\u015bcig\u00f3w Konnych &#8211; Partynice Na pomys\u0142 niwelowania zgubnych dla szkolenia koni niewprawnych szarpni\u0119\u0107 r\u0119koma wpad\u0142em w po\u0142owie lat 80. ubieg\u0142ego stulecia. Zainspirowa\u0142 mnie Krzysztof Skorupski, u kt\u00f3rego robi\u0142em uprawnienia instruktora rekreacji je\u017adzieckiej. To on nauczy\u0142 mnie szacunku dla ko\u0144skiego pyska. W prowadzonych przeze mnie szk\u00f3\u0142kach Akademickiego Klubu Je\u017adzieckiego Wroc\u0142aw [&hellip;]","og_url":"https:\/\/www.lighthand.eu\/de\/uber-uns\/","og_site_name":"Sawka Light Hand&reg;","article_modified_time":"2021-01-27T21:59:43+00:00","og_image":[{"width":2560,"height":1707,"url":"https:\/\/www.lighthand.eu\/wp-content\/uploads\/2019\/08\/sawka_profil-scaled.jpg","type":"image\/jpeg"}],"twitter_card":"summary_large_image","twitter_misc":{"Gesch\u00e4tzte Lesezeit":"2\u00a0Minuten"},"schema":{"@context":"https:\/\/schema.org","@graph":[{"@type":["WebPage","AboutPage"],"@id":"https:\/\/www.lighthand.eu\/o-nas\/","url":"https:\/\/www.lighthand.eu\/o-nas\/","name":"O nas - Sawka Light Hand&reg;","isPartOf":{"@id":"https:\/\/www.lighthand.eu\/#website"},"primaryImageOfPage":{"@id":"https:\/\/www.lighthand.eu\/o-nas\/#primaryimage"},"image":{"@id":"https:\/\/www.lighthand.eu\/o-nas\/#primaryimage"},"thumbnailUrl":"https:\/\/www.lighthand.eu\/wp-content\/uploads\/2020\/11\/wyroznienie.png","datePublished":"2020-12-11T19:59:51+00:00","dateModified":"2021-01-27T21:59:43+00:00","breadcrumb":{"@id":"https:\/\/www.lighthand.eu\/o-nas\/#breadcrumb"},"inLanguage":"de","potentialAction":[{"@type":"ReadAction","target":["https:\/\/www.lighthand.eu\/o-nas\/"]}]},{"@type":"ImageObject","inLanguage":"de","@id":"https:\/\/www.lighthand.eu\/o-nas\/#primaryimage","url":"https:\/\/www.lighthand.eu\/wp-content\/uploads\/2020\/11\/wyroznienie.png","contentUrl":"https:\/\/www.lighthand.eu\/wp-content\/uploads\/2020\/11\/wyroznienie.png"},{"@type":"BreadcrumbList","@id":"https:\/\/www.lighthand.eu\/o-nas\/#breadcrumb","itemListElement":[{"@type":"ListItem","position":1,"name":"Home","item":"https:\/\/www.lighthand.eu\/pl\/"},{"@type":"ListItem","position":2,"name":"O nas"}]},{"@type":"WebSite","@id":"https:\/\/www.lighthand.eu\/#website","url":"https:\/\/www.lighthand.eu\/","name":"Sawka Light Hand&reg;","description":"Rein Aid","potentialAction":[{"@type":"SearchAction","target":{"@type":"EntryPoint","urlTemplate":"https:\/\/www.lighthand.eu\/?s={search_term_string}"},"query-input":{"@type":"PropertyValueSpecification","valueRequired":true,"valueName":"search_term_string"}}],"inLanguage":"de"}]}},"_links":{"self":[{"href":"https:\/\/www.lighthand.eu\/de\/wp-json\/wp\/v2\/pages\/1291","targetHints":{"allow":["GET"]}}],"collection":[{"href":"https:\/\/www.lighthand.eu\/de\/wp-json\/wp\/v2\/pages"}],"about":[{"href":"https:\/\/www.lighthand.eu\/de\/wp-json\/wp\/v2\/types\/page"}],"author":[{"embeddable":true,"href":"https:\/\/www.lighthand.eu\/de\/wp-json\/wp\/v2\/users\/1"}],"replies":[{"embeddable":true,"href":"https:\/\/www.lighthand.eu\/de\/wp-json\/wp\/v2\/comments?post=1291"}],"version-history":[{"count":8,"href":"https:\/\/www.lighthand.eu\/de\/wp-json\/wp\/v2\/pages\/1291\/revisions"}],"predecessor-version":[{"id":1623,"href":"https:\/\/www.lighthand.eu\/de\/wp-json\/wp\/v2\/pages\/1291\/revisions\/1623"}],"wp:attachment":[{"href":"https:\/\/www.lighthand.eu\/de\/wp-json\/wp\/v2\/media?parent=1291"}],"curies":[{"name":"wp","href":"https:\/\/api.w.org\/{rel}","templated":true}]}}