{"id":541,"date":"2019-10-12T08:33:37","date_gmt":"2019-10-12T08:33:37","guid":{"rendered":"http:\/\/www.lighthand.eu\/?page_id=541"},"modified":"2020-11-12T12:22:10","modified_gmt":"2020-11-12T12:22:10","slug":"privacy-policy-2","status":"publish","type":"page","link":"https:\/\/www.lighthand.eu\/de\/datenschutzrichtlinie-2\/","title":{"rendered":"Datenschutzrichtlinie"},"content":{"rendered":"<div data-elementor-type=\"wp-page\" data-elementor-id=\"541\" class=\"elementor elementor-541\" data-elementor-post-type=\"page\">\n\t\t\t\t\t\t<section class=\"elementor-section elementor-top-section elementor-element elementor-element-61c89630 elementor-section-boxed elementor-section-height-default elementor-section-height-default\" data-id=\"61c89630\" data-element_type=\"section\">\n\t\t\t\t\t\t<div class=\"elementor-container elementor-column-gap-default\">\n\t\t\t\t\t<div class=\"elementor-column elementor-col-100 elementor-top-column elementor-element elementor-element-796bc8bd\" data-id=\"796bc8bd\" data-element_type=\"column\" data-settings=\"{&quot;background_background&quot;:&quot;classic&quot;}\">\n\t\t\t<div class=\"elementor-widget-wrap elementor-element-populated\">\n\t\t\t\t\t\t<div class=\"elementor-element elementor-element-6bbcfbc7 elementor-widget elementor-widget-text-editor\" data-id=\"6bbcfbc7\" data-element_type=\"widget\" data-widget_type=\"text-editor.default\">\n\t\t\t\t<div class=\"elementor-widget-container\">\n\t\t\t\t\t\t\t\t\t<p><b>Diese Datenschutzrichtlinie legt die Regeln f\u00fcr die Erhebung und Erhebung sowie Verarbeitung und Nutzung personenbezogener Daten fest, die 4Horses Consulting Mateusz Gieryn, Holendry Baranowskie 71A, 96-314 Baran\u00f3w, Steueridentifikationsnummer 784 235 02 76 von Ihnen erhalten hat. <\/b>als Administrator der Website www.lighthand.eu (im Folgenden als Administrator bezeichnet)<\/p>\n<p>Der Administrator unternimmt alle Anstrengungen, um die Achtung Ihrer Privatsph\u00e4re und den Schutz der bereitgestellten personenbezogenen Daten zu gew\u00e4hrleisten, und ergreift alle erforderlichen Ma\u00dfnahmen zu diesem Zweck, insbesondere indem er die Einhaltung der Bestimmungen gew\u00e4hrleistet, die die Art und Weise regeln, wie personenbezogene Daten erhoben, verwaltet, gespeichert und verwendet werden k\u00f6nnen in der Verordnung des Europ\u00e4ischen Parlaments und des Rates (EU) 2016\/679 vom 27.04.2016 zum Schutz nat\u00fcrlicher Personen bei der Verarbeitung personenbezogener Daten, zum freien Datenverkehr und zur Aufhebung der Richtlinie 95\/46 \/EC (bezeichnet als \u201eDSGVO\u201c).<\/p>\n<h3>1. Zwecke und Gr\u00fcnde f\u00fcr die Verarbeitung Ihrer personenbezogenen Daten.<\/h3>\n<p>Um einen Vertrag abzuschlie\u00dfen und zu erf\u00fcllen, dessen Vertragspartei Sie sind, oder um vor Vertragsabschluss Ma\u00dfnahmen zu ergreifen, einschlie\u00dflich des Verkaufs von Waren oder Dienstleistungen oder der Erbringung von Kundendienstleistungen, gem\u00e4\u00df Art. 6 Abschnitt 1b und 1c DSGVO,<\/p>\n<p>Der Zweck der kommerziellen und Marketingaktivit\u00e4ten, die der Administrator in Ihrem Namen durchf\u00fchrt, insbesondere das Versenden neuer Werbeangebote und kommerzieller Informationen per E-Mail zu den vom Administrator angebotenen Produkten und Dienstleistungen und insbesondere der Erhalt des Newsletters gem\u00e4\u00df Art. 6 Abschnitt 1a DSGVO, i.V.m. Art. 10 des Gesetzes vom 18. Juli 2002. \u00fcber die Erbringung von Dienstleistungen auf elektronischem Wege<br>Der Zweck der kommerziellen und Marketingaktivit\u00e4ten, die der Administrator in Ihrem Namen durchf\u00fchrt, insbesondere durch die Verwendung von Telekommunikationsendger\u00e4ten und automatischen Anrufsystemen f\u00fcr Direktmarketingzwecke gem\u00e4\u00df Art. 6 Abschnitt 1a DSGVO, i.V.m. Art. Abschnitt 172 1 des Gesetzes vom 16.07.2014. Telekommunikationsrecht.<\/p>\n<p>Bereitstellung von Daten zum Zwecke der Umsetzung Punkt Und es ist Voraussetzung f\u00fcr den Vertragsabschluss. Die Verweigerung der Bereitstellung von Daten, soweit diese f\u00fcr den Vertragsabschluss oder die Vertragserf\u00fcllung erforderlich und gesetzlich vorgeschrieben sind, verhindert den Abschluss des Vertrages.<\/p>\n<p>Die Bereitstellung von Daten zum Zweck der Umsetzung der Punkte II und III ist v\u00f6llig freiwillig und steht in keinem Zusammenhang mit Ihren Rechten gem\u00e4\u00df Punkt I. Wir bitten Sie jedoch, diesbez\u00fcglich Ihr Einverst\u00e4ndnis zu erkl\u00e4ren. Dadurch k\u00f6nnen wir Ihnen unsere Angebote pr\u00e4sentieren und die Verkaufsqualit\u00e4t verbessern.<\/p>\n<h3>2. Welche Daten erhebt der Administrator beim Abschluss und der Durchf\u00fchrung eines Vertrags \u00fcber den Verkauf von Waren oder Dienstleistungen?<\/h3>\n<p>Der Administrator erhebt die folgenden personenbezogenen Daten von Ihnen:<br>\u2013 Vor- und Nachname, Korrespondenzadresse, E-Mail-Adresse, Telefonnummer.<\/p>\n<p>Die Funktion, Informationen \u00fcber Benutzer und deren Verhalten zu erhalten, erf\u00fcllt die Website auf folgende Weise:<\/p>\n<p>Durch freiwillige Eingabe von Daten in Formulare, die in die Systeme des Betreibers eingegeben werden.<\/p>\n<p>Durch die Speicherung von Cookies auf Endger\u00e4ten (sog. \u201eCookies\u201c).<\/p>\n<h3>3. Daten teilen.<\/h3>\n<p>Die von Ihnen bereitgestellten Daten werden nicht an Dritte weitergegeben, mit Ausnahme von:<\/p>\n<p>\u2013 Unternehmen, die an den f\u00fcr die Vertragserf\u00fcllung erforderlichen Prozessen beteiligt sind, einschlie\u00dflich derjenigen, die Warentransporte, Zahlungsdienste und elektronisch erbrachte Dienstleistungen erbringen,<br>\u2013 Kollegen, die Dienstleistungen im Zusammenhang mit dem direkten Service f\u00fcr Sie erbringen und IT-Dienstleistungen erbringen,<br>\u2013 Beh\u00f6rden oder Stellen, die \u00f6ffentliche Aufgaben wahrnehmen<\/p>\n<h3>4. Datenspeicherung.<\/h3>\n<p>Der Administrator unternimmt alle erdenklichen Anstrengungen, um Ihre Daten zu sichern und vor den Eingriffen Dritter zu sch\u00fctzen, indem er alle gesetzlichen Anforderungen erf\u00fcllt, insbesondere die in der DSGVO festgelegten Bedingungen.<br>Der Administrator weist insbesondere darauf hin, dass alle bereitgestellten Daten auf der Grundlage der DSGVO verarbeitet werden und dass der Datenadministrator gem\u00e4\u00df dem Inhalt der Datenschutz-Grundverordnung nicht die Absicht hat, personenbezogene Daten an ein Drittland oder eine internationale Organisation zu \u00fcbermitteln , Personenbezogene Daten werden gespeichert: f\u00fcr den Zeitraum, der f\u00fcr den mit Ihnen geschlossenen Durchf\u00fchrungsvertrag erforderlich ist, und danach f\u00fcr den Zeitraum und in dem gesetzlich vorgeschriebenen Umfang sowie f\u00fcr den Zeitraum, nach dem Anspr\u00fcche aus dem Vertrag verfallen.<\/p>\n<h3>5. Wie k\u00f6nnen Sie Ihre Rechte aus\u00fcben?<\/h3>\n<p>Du hast das Recht:<br>\u2013 Zugriff auf den Inhalt Ihrer Daten,<br>\u2013 Berichtigung unrichtiger oder unvollst\u00e4ndiger Daten,<br>\u2013 die L\u00f6schung personenbezogener Daten verlangen, wenn die Daten f\u00fcr die Zwecke, f\u00fcr die sie erhoben oder anderweitig verarbeitet wurden, nicht mehr erforderlich sind, die betroffene Person Einspruch gegen die Datenverarbeitung eingelegt hat, die betroffene Person ihre Einwilligung, auf deren Grundlage sie verarbeitet wurde, widerrufen hat und eine anderweitige Rechtsgrundlage f\u00fcr die Verarbeitung fehlt, die Daten unrechtm\u00e4\u00dfig verarbeitet werden, die Daten gel\u00f6scht werden m\u00fcssen, um der Verpflichtung aus gesetzlichen Bestimmungen nachzukommen,<br>\u2013 das Recht, die Einschr\u00e4nkung der Verarbeitung personenbezogener Daten zu verlangen, wenn die Richtigkeit der personenbezogenen Daten von der betroffenen Person bestritten wird, die Datenverarbeitung rechtswidrig ist und die betroffene Person Einspruch gegen die L\u00f6schung der Daten einlegt und stattdessen deren Einschr\u00e4nkung verlangt Der Verantwortliche ben\u00f6tigt die Daten f\u00fcr seine Zwecke nicht mehr, die betroffene Person ben\u00f6tigt sie jedoch zur Geltendmachung, Verteidigung oder Verfolgung von Anspr\u00fcchen, die betroffene Person hat Widerspruch gegen die Datenverarbeitung eingelegt \u2013 bis festgestellt ist, ob die berechtigten Gr\u00fcnde des Verantwortlichen \u00fcberwiegen Einspruchsgr\u00fcnde<\/p>\n<h3>6. Fragen und Reservierungen<\/h3>\n<p>Fragen und Bedenken bez\u00fcglich dieser Datenschutzrichtlinie k\u00f6nnen Sie an folgende Adresse richten:&nbsp;<span style=\"background-color: var( --e-global-color-4e42da3 );\"><b>office@4horses.com.pl<\/b><\/span><\/p>\n<h3>7. Website und Shop<\/h3>\n<p>Der Administrator betreibt die Website unter: www.lighthand.eu<\/p>\n<h4>7.1 Welche Daten erfasst der Online-Shop automatisch, wenn er die Website nutzt?<\/h4>\n<p>Der Online-Shop erhebt bei der Nutzung der Website automatisch keine Daten, mit Ausnahme der in den unten genannten Dateien enthaltenen Daten.<\/p>\n<p>Cookies sind kleine Textdateien, die vom Online-Shop gesendet und auf Ihrem Computer gespeichert werden und bestimmte Informationen im Zusammenhang mit Ihrer Nutzung der Websites des Administrators und des Online-Shops enthalten. Die vom Online-Shop verwendeten Cookies k\u00f6nnen tempor\u00e4r oder dauerhaft sein. Tempor\u00e4re Cookies werden gel\u00f6scht, wenn Sie den Browser schlie\u00dfen. Permanente Cookies werden auch nach Beendigung der Nutzung der Website gespeichert und dienen der Speicherung von Informationen wie Ihrem Passwort oder Login, was die Nutzung der Website beschleunigt und erleichtert.<\/p>\n<h4>7.2 Cookies<\/h4>\n<p>Der Online-Shop verwendet die unten aufgef\u00fchrten Cookies f\u00fcr folgende Zwecke:<\/p>\n<p>Aufrechterhaltung der Sitzung des Website-Benutzers (nach der Anmeldung), wodurch der Benutzer nicht auf jeder Unterseite der Website erneut seinen Benutzernamen und sein Passwort eingeben muss<br>Anpassung des Inhalts der Seiten der Website an Benutzerpr\u00e4ferenzen und Optimierung der Nutzung von Websites; Diese Dateien erm\u00f6glichen es insbesondere, das Ger\u00e4t des Website-Benutzers zu erkennen und die Website ordnungsgem\u00e4\u00df und auf seine individuellen Bed\u00fcrfnisse zugeschnitten anzuzeigen<br>Erstellen von Statistiken, die helfen zu verstehen, wie Website-Benutzer Websites nutzen, was eine Verbesserung ihrer Struktur und ihres Inhalts erm\u00f6glicht<\/p>\n<p>In vielen F\u00e4llen erm\u00f6glicht die zum Durchsuchen von Websites verwendete Software (Webbrowser) standardm\u00e4\u00dfig die Speicherung von Cookies auf dem Endger\u00e4t des Benutzers. Sie k\u00f6nnen Ihre Cookie-Einstellungen jederzeit \u00e4ndern. Diese Einstellungen k\u00f6nnen insbesondere so ge\u00e4ndert werden, dass die automatische Verarbeitung von Cookies in den Einstellungen des Webbrowsers blockiert wird oder Sie jedes Mal dar\u00fcber informiert werden, wenn Cookies auf Ihrem Ger\u00e4t platziert werden. Detaillierte Informationen zu den M\u00f6glichkeiten und Methoden des Umgangs mit Cookies finden Sie in den Einstellungen der Software (Webbrowser). Der Online-Shop weist darauf hin, dass Einschr\u00e4nkungen bei der Verwendung von Cookies einige der auf der Website verf\u00fcgbaren Funktionen beeintr\u00e4chtigen k\u00f6nnen. Weitere Informationen zu Cookies finden Sie im Abschnitt \u201eHilfe\u201c im Men\u00fc des Webbrowsers.<\/p>\n<h4>7.3 Profilerstellung<\/h4>\n<p>Auf der Grundlage der DSGVO und Ihrer Zustimmung f\u00fchrt der Administrator die Profilerstellung und Personalisierung des Marketings durch. Der Administrator sammelt nur Daten, die f\u00fcr den Verkauf seiner Produkte erforderlich sind, und erstellt ein Profil des Verbrauchers, um in Zukunft bessere Produktvorschl\u00e4ge zu erm\u00f6glichen. Der Profilierungsprozess wird nur f\u00fcr interne Zwecke des Administrators verwendet und beinhaltet keinen Entscheidungsprozess, der f\u00fcr mich rechtliche Konsequenzen hat. F\u00fcr diese Bestimmung gelten die Bestimmungen des Art. 1 entsprechend. 3.<\/p>\n<h4>7.4 Von der Website erfasste Daten<\/h4>\n<p>Im Rahmen der Websites erhebt der Administrator die folgenden personenbezogenen Daten von Ihnen: Vor- und Nachname, Adresse, Lieferadresse, E-Mail-Adresse, Telefonnummer.<\/p>\n<h4>7.5 Andere Websites<\/h4>\n<p>Die Website kann in regelm\u00e4\u00dfigen Abst\u00e4nden Links zu anderen Websites enthalten. Solche Websites funktionieren unabh\u00e4ngig von der Website und werden in keiner Weise vom Administrator \u00fcberwacht. Diese Websites verf\u00fcgen m\u00f6glicherweise \u00fcber eigene Datenschutzrichtlinien, deren Lekt\u00fcre wir Ihnen empfehlen. Der Administrator ist nicht f\u00fcr die Regeln des Umgangs mit Daten auf diesen Websites verantwortlich.<\/p>\n<h4>7.6 Fragen und Reservierungen<\/h4>\n<p>Fragen und Bedenken bez\u00fcglich der Datenschutzrichtlinie der Websites oder des Shops k\u00f6nnen Sie an folgende Adresse richten: <b>office@4horses.com.pl<\/b><br>Die Richtlinie wird laufend \u00fcberpr\u00fcft und bei Bedarf aktualisiert. Wir behalten uns das Recht vor, die Datenschutzrichtlinie zu aktualisieren und zu \u00e4ndern, indem wir neue Inhalte auf unserer Website ver\u00f6ffentlichen.office@4horses.com.pl<\/p>\t\t\t\t\t\t\t\t<\/div>\n\t\t\t\t<\/div>\n\t\t\t\t\t<\/div>\n\t\t<\/div>\n\t\t\t\t\t<\/div>\n\t\t<\/section>\n\t\t\t\t<\/div>","protected":false},"excerpt":{"rendered":"<p>Niniejsza Polityka prywatno\u015bci okre\u015bla zasady pobierania i gromadzenia oraz przetwarzania i wykorzystywania danych osobowych pozyskanych od Pa\u0144stwa przez 4Horses Consulting Mateusz Gieryn, Holendry Baranowskie 71A, 96-314 Baran\u00f3w, nip 784 235 02 76, b\u0119d\u0105cego Administratorem strony www.lighthand.eu (zwany dalej Administratorem) Administrator dok\u0142ada wszelkich stara\u0144 w celu zapewnienia poszanowania Pa\u0144stwa prywatno\u015bci i ochrony udzielonych informacji osobowych oraz [&hellip;]<\/p>","protected":false},"author":1,"featured_media":548,"parent":0,"menu_order":0,"comment_status":"closed","ping_status":"closed","template":"","meta":{"footnotes":""},"class_list":["post-541","page","type-page","status-publish","has-post-thumbnail","hentry"],"yoast_head":"<!-- This site is optimized with the Yoast SEO plugin v24.9 - https:\/\/yoast.com\/wordpress\/plugins\/seo\/ -->\n<title>Polityka Prywatno\u015bci - Sawka Light Hand&reg;<\/title>\n<meta name=\"robots\" content=\"index, follow, max-snippet:-1, max-image-preview:large, max-video-preview:-1\" \/>\n<link rel=\"canonical\" href=\"https:\/\/www.lighthand.eu\/de\/datenschutzrichtlinie-2\/\" \/>\n<meta property=\"og:locale\" content=\"de_DE\" \/>\n<meta property=\"og:type\" content=\"article\" \/>\n<meta property=\"og:title\" content=\"Polityka Prywatno\u015bci - Sawka Light Hand&reg;\" \/>\n<meta property=\"og:description\" content=\"Niniejsza Polityka prywatno\u015bci okre\u015bla zasady pobierania i gromadzenia oraz przetwarzania i wykorzystywania danych osobowych pozyskanych od Pa\u0144stwa przez 4Horses Consulting Mateusz Gieryn, Holendry Baranowskie 71A, 96-314 Baran\u00f3w, nip 784 235 02 76, b\u0119d\u0105cego Administratorem strony www.lighthand.eu (zwany dalej Administratorem) Administrator dok\u0142ada wszelkich stara\u0144 w celu zapewnienia poszanowania Pa\u0144stwa prywatno\u015bci i ochrony udzielonych informacji osobowych oraz [&hellip;]\" \/>\n<meta property=\"og:url\" content=\"https:\/\/www.lighthand.eu\/de\/datenschutzrichtlinie-2\/\" \/>\n<meta property=\"og:site_name\" content=\"Sawka Light Hand&reg;\" \/>\n<meta property=\"article:modified_time\" content=\"2020-11-12T12:22:10+00:00\" \/>\n<meta property=\"og:image\" content=\"https:\/\/www.lighthand.eu\/wp-content\/uploads\/2019\/10\/AB7A9598-scaled.jpg\" \/>\n\t<meta property=\"og:image:width\" content=\"2560\" \/>\n\t<meta property=\"og:image:height\" content=\"1707\" \/>\n\t<meta property=\"og:image:type\" content=\"image\/jpeg\" \/>\n<meta name=\"twitter:card\" content=\"summary_large_image\" \/>\n<meta name=\"twitter:label1\" content=\"Gesch\u00e4tzte Lesezeit\" \/>\n\t<meta name=\"twitter:data1\" content=\"8\u00a0Minuten\" \/>\n<script type=\"application\/ld+json\" class=\"yoast-schema-graph\">{\"@context\":\"https:\/\/schema.org\",\"@graph\":[{\"@type\":\"WebPage\",\"@id\":\"https:\/\/www.lighthand.eu\/privacy-policy-2\/\",\"url\":\"https:\/\/www.lighthand.eu\/privacy-policy-2\/\",\"name\":\"Polityka Prywatno\u015bci - Sawka Light Hand&reg;\",\"isPartOf\":{\"@id\":\"https:\/\/www.lighthand.eu\/#website\"},\"primaryImageOfPage\":{\"@id\":\"https:\/\/www.lighthand.eu\/privacy-policy-2\/#primaryimage\"},\"image\":{\"@id\":\"https:\/\/www.lighthand.eu\/privacy-policy-2\/#primaryimage\"},\"thumbnailUrl\":\"https:\/\/www.lighthand.eu\/wp-content\/uploads\/2019\/10\/AB7A9598-scaled.jpg\",\"datePublished\":\"2019-10-12T08:33:37+00:00\",\"dateModified\":\"2020-11-12T12:22:10+00:00\",\"breadcrumb\":{\"@id\":\"https:\/\/www.lighthand.eu\/privacy-policy-2\/#breadcrumb\"},\"inLanguage\":\"de\",\"potentialAction\":[{\"@type\":\"ReadAction\",\"target\":[\"https:\/\/www.lighthand.eu\/privacy-policy-2\/\"]}]},{\"@type\":\"ImageObject\",\"inLanguage\":\"de\",\"@id\":\"https:\/\/www.lighthand.eu\/privacy-policy-2\/#primaryimage\",\"url\":\"https:\/\/www.lighthand.eu\/wp-content\/uploads\/2019\/10\/AB7A9598-scaled.jpg\",\"contentUrl\":\"https:\/\/www.lighthand.eu\/wp-content\/uploads\/2019\/10\/AB7A9598-scaled.jpg\",\"width\":2560,\"height\":1707},{\"@type\":\"BreadcrumbList\",\"@id\":\"https:\/\/www.lighthand.eu\/privacy-policy-2\/#breadcrumb\",\"itemListElement\":[{\"@type\":\"ListItem\",\"position\":1,\"name\":\"Home\",\"item\":\"https:\/\/www.lighthand.eu\/pl\/\"},{\"@type\":\"ListItem\",\"position\":2,\"name\":\"Polityka Prywatno\u015bci\"}]},{\"@type\":\"WebSite\",\"@id\":\"https:\/\/www.lighthand.eu\/#website\",\"url\":\"https:\/\/www.lighthand.eu\/\",\"name\":\"Sawka Light Hand&reg;\",\"description\":\"Rein Aid\",\"potentialAction\":[{\"@type\":\"SearchAction\",\"target\":{\"@type\":\"EntryPoint\",\"urlTemplate\":\"https:\/\/www.lighthand.eu\/?s={search_term_string}\"},\"query-input\":{\"@type\":\"PropertyValueSpecification\",\"valueRequired\":true,\"valueName\":\"search_term_string\"}}],\"inLanguage\":\"de\"}]}<\/script>\n<!-- \/ Yoast SEO plugin. -->","yoast_head_json":{"title":"Polityka Prywatno\u015bci - Sawka Light Hand&reg;","robots":{"index":"index","follow":"follow","max-snippet":"max-snippet:-1","max-image-preview":"max-image-preview:large","max-video-preview":"max-video-preview:-1"},"canonical":"https:\/\/www.lighthand.eu\/de\/datenschutzrichtlinie-2\/","og_locale":"de_DE","og_type":"article","og_title":"Polityka Prywatno\u015bci - Sawka Light Hand&reg;","og_description":"Niniejsza Polityka prywatno\u015bci okre\u015bla zasady pobierania i gromadzenia oraz przetwarzania i wykorzystywania danych osobowych pozyskanych od Pa\u0144stwa przez 4Horses Consulting Mateusz Gieryn, Holendry Baranowskie 71A, 96-314 Baran\u00f3w, nip 784 235 02 76, b\u0119d\u0105cego Administratorem strony www.lighthand.eu (zwany dalej Administratorem) Administrator dok\u0142ada wszelkich stara\u0144 w celu zapewnienia poszanowania Pa\u0144stwa prywatno\u015bci i ochrony udzielonych informacji osobowych oraz [&hellip;]","og_url":"https:\/\/www.lighthand.eu\/de\/datenschutzrichtlinie-2\/","og_site_name":"Sawka Light Hand&reg;","article_modified_time":"2020-11-12T12:22:10+00:00","og_image":[{"width":2560,"height":1707,"url":"https:\/\/www.lighthand.eu\/wp-content\/uploads\/2019\/10\/AB7A9598-scaled.jpg","type":"image\/jpeg"}],"twitter_card":"summary_large_image","twitter_misc":{"Gesch\u00e4tzte Lesezeit":"8\u00a0Minuten"},"schema":{"@context":"https:\/\/schema.org","@graph":[{"@type":"WebPage","@id":"https:\/\/www.lighthand.eu\/privacy-policy-2\/","url":"https:\/\/www.lighthand.eu\/privacy-policy-2\/","name":"Polityka Prywatno\u015bci - Sawka Light Hand&reg;","isPartOf":{"@id":"https:\/\/www.lighthand.eu\/#website"},"primaryImageOfPage":{"@id":"https:\/\/www.lighthand.eu\/privacy-policy-2\/#primaryimage"},"image":{"@id":"https:\/\/www.lighthand.eu\/privacy-policy-2\/#primaryimage"},"thumbnailUrl":"https:\/\/www.lighthand.eu\/wp-content\/uploads\/2019\/10\/AB7A9598-scaled.jpg","datePublished":"2019-10-12T08:33:37+00:00","dateModified":"2020-11-12T12:22:10+00:00","breadcrumb":{"@id":"https:\/\/www.lighthand.eu\/privacy-policy-2\/#breadcrumb"},"inLanguage":"de","potentialAction":[{"@type":"ReadAction","target":["https:\/\/www.lighthand.eu\/privacy-policy-2\/"]}]},{"@type":"ImageObject","inLanguage":"de","@id":"https:\/\/www.lighthand.eu\/privacy-policy-2\/#primaryimage","url":"https:\/\/www.lighthand.eu\/wp-content\/uploads\/2019\/10\/AB7A9598-scaled.jpg","contentUrl":"https:\/\/www.lighthand.eu\/wp-content\/uploads\/2019\/10\/AB7A9598-scaled.jpg","width":2560,"height":1707},{"@type":"BreadcrumbList","@id":"https:\/\/www.lighthand.eu\/privacy-policy-2\/#breadcrumb","itemListElement":[{"@type":"ListItem","position":1,"name":"Home","item":"https:\/\/www.lighthand.eu\/pl\/"},{"@type":"ListItem","position":2,"name":"Polityka Prywatno\u015bci"}]},{"@type":"WebSite","@id":"https:\/\/www.lighthand.eu\/#website","url":"https:\/\/www.lighthand.eu\/","name":"Sawka Light Hand&reg;","description":"Rein Aid","potentialAction":[{"@type":"SearchAction","target":{"@type":"EntryPoint","urlTemplate":"https:\/\/www.lighthand.eu\/?s={search_term_string}"},"query-input":{"@type":"PropertyValueSpecification","valueRequired":true,"valueName":"search_term_string"}}],"inLanguage":"de"}]}},"_links":{"self":[{"href":"https:\/\/www.lighthand.eu\/de\/wp-json\/wp\/v2\/pages\/541","targetHints":{"allow":["GET"]}}],"collection":[{"href":"https:\/\/www.lighthand.eu\/de\/wp-json\/wp\/v2\/pages"}],"about":[{"href":"https:\/\/www.lighthand.eu\/de\/wp-json\/wp\/v2\/types\/page"}],"author":[{"embeddable":true,"href":"https:\/\/www.lighthand.eu\/de\/wp-json\/wp\/v2\/users\/1"}],"replies":[{"embeddable":true,"href":"https:\/\/www.lighthand.eu\/de\/wp-json\/wp\/v2\/comments?post=541"}],"version-history":[{"count":20,"href":"https:\/\/www.lighthand.eu\/de\/wp-json\/wp\/v2\/pages\/541\/revisions"}],"predecessor-version":[{"id":2909,"href":"https:\/\/www.lighthand.eu\/de\/wp-json\/wp\/v2\/pages\/541\/revisions\/2909"}],"wp:featuredmedia":[{"embeddable":true,"href":"https:\/\/www.lighthand.eu\/de\/wp-json\/wp\/v2\/media\/548"}],"wp:attachment":[{"href":"https:\/\/www.lighthand.eu\/de\/wp-json\/wp\/v2\/media?parent=541"}],"curies":[{"name":"wp","href":"https:\/\/api.w.org\/{rel}","templated":true}]}}