{"id":863,"date":"2020-11-09T15:57:19","date_gmt":"2020-11-09T15:57:19","guid":{"rendered":"http:\/\/www.lighthand.eu\/cart\/"},"modified":"2021-12-06T23:13:31","modified_gmt":"2021-12-06T23:13:31","slug":"cart","status":"publish","type":"page","link":"https:\/\/www.lighthand.eu\/de\/cart\/","title":{"rendered":"Cart"},"content":{"rendered":"<div data-elementor-type=\"wp-page\" data-elementor-id=\"863\" class=\"elementor elementor-863\" data-elementor-post-type=\"page\">\n\t\t\t\t\t\t<section class=\"elementor-section elementor-top-section elementor-element elementor-element-13492267 elementor-section-boxed elementor-section-height-default elementor-section-height-default\" data-id=\"13492267\" data-element_type=\"section\">\n\t\t\t\t\t\t<div class=\"elementor-container elementor-column-gap-default\">\n\t\t\t\t\t<div class=\"elementor-column elementor-col-100 elementor-top-column elementor-element elementor-element-3843e03\" data-id=\"3843e03\" data-element_type=\"column\">\n\t\t\t<div class=\"elementor-widget-wrap elementor-element-populated\">\n\t\t\t\t\t\t\t<\/div>\n\t\t<\/div>\n\t\t\t\t\t<\/div>\n\t\t<\/section>\n\t\t\t\t<\/div>","protected":false},"excerpt":{"rendered":"<p>&nbsp; &nbsp; Produkt Cena Ilo\u015b\u0107 Podsuma &times; Amortyzator wodzy Sawka Light Hand 249&#122;&#322; ilo\u015b\u0107 Amortyzator wodzy Sawka Light Hand 249&#122;&#322; Zaktualizuj Koszyk Dodaj Kupon Podsumowanie koszyka Podsuma 249&#122;&#322; Wysy\u0142ka Kurier: 15&#122;&#322; Odbi\u00f3r w punkcie DHL ( np. w \u017babce ): 15&#122;&#322; Paczkomaty InPost: 12&#122;&#322; Wysy\u0142ka do: 65-012 Zielona G\u00f3ra. Zmie\u0144 adres Wybierz kraj\/region&hellip;BelgiaBu\u0142gariaChorwacjaCyprRepublika CzeskaDaniaEstoniaFrancjaGrecjaHiszpaniaHolandiaIrlandiaIslandiaLitwaMaltaNiemcyPolskaRumuniaSzwajcariaSzwecjaS\u0142owacjaS\u0142oweniaW\u0119gryW\u0142ochy\u0141otwa Zaktualizuj [&hellip;]<\/p>","protected":false},"author":1,"featured_media":0,"parent":0,"menu_order":0,"comment_status":"closed","ping_status":"closed","template":"","meta":{"footnotes":""},"class_list":["post-863","page","type-page","status-publish","hentry"],"yoast_head":"<!-- This site is optimized with the Yoast SEO plugin v24.9 - https:\/\/yoast.com\/wordpress\/plugins\/seo\/ -->\n<title>Cart - Sawka Light Hand&reg;<\/title>\n<meta name=\"robots\" content=\"index, follow, max-snippet:-1, max-image-preview:large, max-video-preview:-1\" \/>\n<link rel=\"canonical\" href=\"https:\/\/www.lighthand.eu\/de\/cart\/\" \/>\n<meta property=\"og:locale\" content=\"de_DE\" \/>\n<meta property=\"og:type\" content=\"article\" \/>\n<meta property=\"og:title\" content=\"Cart - Sawka Light Hand&reg;\" \/>\n<meta property=\"og:description\" content=\"&nbsp; &nbsp; Produkt Cena Ilo\u015b\u0107 Podsuma &times; Amortyzator wodzy Sawka Light Hand 249&#122;&#322; ilo\u015b\u0107 Amortyzator wodzy Sawka Light Hand 249&#122;&#322; Zaktualizuj Koszyk Dodaj Kupon Podsumowanie koszyka Podsuma 249&#122;&#322; Wysy\u0142ka Kurier: 15&#122;&#322; Odbi\u00f3r w punkcie DHL ( np. w \u017babce ): 15&#122;&#322; Paczkomaty InPost: 12&#122;&#322; Wysy\u0142ka do: 65-012 Zielona G\u00f3ra. Zmie\u0144 adres Wybierz kraj\/region&hellip;BelgiaBu\u0142gariaChorwacjaCyprRepublika CzeskaDaniaEstoniaFrancjaGrecjaHiszpaniaHolandiaIrlandiaIslandiaLitwaMaltaNiemcyPolskaRumuniaSzwajcariaSzwecjaS\u0142owacjaS\u0142oweniaW\u0119gryW\u0142ochy\u0141otwa Zaktualizuj [&hellip;]\" \/>\n<meta property=\"og:url\" content=\"https:\/\/www.lighthand.eu\/de\/cart\/\" \/>\n<meta property=\"og:site_name\" content=\"Sawka Light Hand&reg;\" \/>\n<meta property=\"article:modified_time\" content=\"2021-12-06T23:13:31+00:00\" \/>\n<meta property=\"og:image\" content=\"https:\/\/www.lighthand.eu\/wp-content\/uploads\/2020\/11\/Grey-Sawka-Light-Hand-2-2-1-300x300.jpg\" \/>\n<meta name=\"twitter:card\" content=\"summary_large_image\" \/>\n<meta name=\"twitter:label1\" content=\"Gesch\u00e4tzte Lesezeit\" \/>\n\t<meta name=\"twitter:data1\" content=\"1\u00a0Minute\" \/>\n<script type=\"application\/ld+json\" class=\"yoast-schema-graph\">{\"@context\":\"https:\/\/schema.org\",\"@graph\":[{\"@type\":\"WebPage\",\"@id\":\"https:\/\/www.lighthand.eu\/cart\/\",\"url\":\"https:\/\/www.lighthand.eu\/cart\/\",\"name\":\"Cart - Sawka Light Hand&reg;\",\"isPartOf\":{\"@id\":\"https:\/\/www.lighthand.eu\/#website\"},\"primaryImageOfPage\":{\"@id\":\"https:\/\/www.lighthand.eu\/cart\/#primaryimage\"},\"image\":{\"@id\":\"https:\/\/www.lighthand.eu\/cart\/#primaryimage\"},\"thumbnailUrl\":\"https:\/\/www.lighthand.eu\/wp-content\/uploads\/2020\/11\/Grey-Sawka-Light-Hand-2-2-1-300x300.jpg\",\"datePublished\":\"2020-11-09T15:57:19+00:00\",\"dateModified\":\"2021-12-06T23:13:31+00:00\",\"breadcrumb\":{\"@id\":\"https:\/\/www.lighthand.eu\/cart\/#breadcrumb\"},\"inLanguage\":\"de\",\"potentialAction\":[{\"@type\":\"ReadAction\",\"target\":[\"https:\/\/www.lighthand.eu\/cart\/\"]}]},{\"@type\":\"ImageObject\",\"inLanguage\":\"de\",\"@id\":\"https:\/\/www.lighthand.eu\/cart\/#primaryimage\",\"url\":\"https:\/\/www.lighthand.eu\/wp-content\/uploads\/2020\/11\/Grey-Sawka-Light-Hand-2-2-1-300x300.jpg\",\"contentUrl\":\"https:\/\/www.lighthand.eu\/wp-content\/uploads\/2020\/11\/Grey-Sawka-Light-Hand-2-2-1-300x300.jpg\"},{\"@type\":\"BreadcrumbList\",\"@id\":\"https:\/\/www.lighthand.eu\/cart\/#breadcrumb\",\"itemListElement\":[{\"@type\":\"ListItem\",\"position\":1,\"name\":\"Home\",\"item\":\"https:\/\/www.lighthand.eu\/pl\/\"},{\"@type\":\"ListItem\",\"position\":2,\"name\":\"Cart\"}]},{\"@type\":\"WebSite\",\"@id\":\"https:\/\/www.lighthand.eu\/#website\",\"url\":\"https:\/\/www.lighthand.eu\/\",\"name\":\"Sawka Light Hand&reg;\",\"description\":\"Rein Aid\",\"potentialAction\":[{\"@type\":\"SearchAction\",\"target\":{\"@type\":\"EntryPoint\",\"urlTemplate\":\"https:\/\/www.lighthand.eu\/?s={search_term_string}\"},\"query-input\":{\"@type\":\"PropertyValueSpecification\",\"valueRequired\":true,\"valueName\":\"search_term_string\"}}],\"inLanguage\":\"de\"}]}<\/script>\n<!-- \/ Yoast SEO plugin. -->","yoast_head_json":{"title":"Cart - Sawka Light Hand&reg;","robots":{"index":"index","follow":"follow","max-snippet":"max-snippet:-1","max-image-preview":"max-image-preview:large","max-video-preview":"max-video-preview:-1"},"canonical":"https:\/\/www.lighthand.eu\/de\/cart\/","og_locale":"de_DE","og_type":"article","og_title":"Cart - Sawka Light Hand&reg;","og_description":"&nbsp; &nbsp; Produkt Cena Ilo\u015b\u0107 Podsuma &times; Amortyzator wodzy Sawka Light Hand 249&#122;&#322; ilo\u015b\u0107 Amortyzator wodzy Sawka Light Hand 249&#122;&#322; Zaktualizuj Koszyk Dodaj Kupon Podsumowanie koszyka Podsuma 249&#122;&#322; Wysy\u0142ka Kurier: 15&#122;&#322; Odbi\u00f3r w punkcie DHL ( np. w \u017babce ): 15&#122;&#322; Paczkomaty InPost: 12&#122;&#322; Wysy\u0142ka do: 65-012 Zielona G\u00f3ra. Zmie\u0144 adres Wybierz kraj\/region&hellip;BelgiaBu\u0142gariaChorwacjaCyprRepublika CzeskaDaniaEstoniaFrancjaGrecjaHiszpaniaHolandiaIrlandiaIslandiaLitwaMaltaNiemcyPolskaRumuniaSzwajcariaSzwecjaS\u0142owacjaS\u0142oweniaW\u0119gryW\u0142ochy\u0141otwa Zaktualizuj [&hellip;]","og_url":"https:\/\/www.lighthand.eu\/de\/cart\/","og_site_name":"Sawka Light Hand&reg;","article_modified_time":"2021-12-06T23:13:31+00:00","og_image":[{"url":"https:\/\/www.lighthand.eu\/wp-content\/uploads\/2020\/11\/Grey-Sawka-Light-Hand-2-2-1-300x300.jpg","type":"","width":"","height":""}],"twitter_card":"summary_large_image","twitter_misc":{"Gesch\u00e4tzte Lesezeit":"1\u00a0Minute"},"schema":{"@context":"https:\/\/schema.org","@graph":[{"@type":"WebPage","@id":"https:\/\/www.lighthand.eu\/cart\/","url":"https:\/\/www.lighthand.eu\/cart\/","name":"Cart - Sawka Light Hand&reg;","isPartOf":{"@id":"https:\/\/www.lighthand.eu\/#website"},"primaryImageOfPage":{"@id":"https:\/\/www.lighthand.eu\/cart\/#primaryimage"},"image":{"@id":"https:\/\/www.lighthand.eu\/cart\/#primaryimage"},"thumbnailUrl":"https:\/\/www.lighthand.eu\/wp-content\/uploads\/2020\/11\/Grey-Sawka-Light-Hand-2-2-1-300x300.jpg","datePublished":"2020-11-09T15:57:19+00:00","dateModified":"2021-12-06T23:13:31+00:00","breadcrumb":{"@id":"https:\/\/www.lighthand.eu\/cart\/#breadcrumb"},"inLanguage":"de","potentialAction":[{"@type":"ReadAction","target":["https:\/\/www.lighthand.eu\/cart\/"]}]},{"@type":"ImageObject","inLanguage":"de","@id":"https:\/\/www.lighthand.eu\/cart\/#primaryimage","url":"https:\/\/www.lighthand.eu\/wp-content\/uploads\/2020\/11\/Grey-Sawka-Light-Hand-2-2-1-300x300.jpg","contentUrl":"https:\/\/www.lighthand.eu\/wp-content\/uploads\/2020\/11\/Grey-Sawka-Light-Hand-2-2-1-300x300.jpg"},{"@type":"BreadcrumbList","@id":"https:\/\/www.lighthand.eu\/cart\/#breadcrumb","itemListElement":[{"@type":"ListItem","position":1,"name":"Home","item":"https:\/\/www.lighthand.eu\/pl\/"},{"@type":"ListItem","position":2,"name":"Cart"}]},{"@type":"WebSite","@id":"https:\/\/www.lighthand.eu\/#website","url":"https:\/\/www.lighthand.eu\/","name":"Sawka Light Hand&reg;","description":"Rein Aid","potentialAction":[{"@type":"SearchAction","target":{"@type":"EntryPoint","urlTemplate":"https:\/\/www.lighthand.eu\/?s={search_term_string}"},"query-input":{"@type":"PropertyValueSpecification","valueRequired":true,"valueName":"search_term_string"}}],"inLanguage":"de"}]}},"_links":{"self":[{"href":"https:\/\/www.lighthand.eu\/de\/wp-json\/wp\/v2\/pages\/863","targetHints":{"allow":["GET"]}}],"collection":[{"href":"https:\/\/www.lighthand.eu\/de\/wp-json\/wp\/v2\/pages"}],"about":[{"href":"https:\/\/www.lighthand.eu\/de\/wp-json\/wp\/v2\/types\/page"}],"author":[{"embeddable":true,"href":"https:\/\/www.lighthand.eu\/de\/wp-json\/wp\/v2\/users\/1"}],"replies":[{"embeddable":true,"href":"https:\/\/www.lighthand.eu\/de\/wp-json\/wp\/v2\/comments?post=863"}],"version-history":[{"count":15,"href":"https:\/\/www.lighthand.eu\/de\/wp-json\/wp\/v2\/pages\/863\/revisions"}],"predecessor-version":[{"id":1825,"href":"https:\/\/www.lighthand.eu\/de\/wp-json\/wp\/v2\/pages\/863\/revisions\/1825"}],"wp:attachment":[{"href":"https:\/\/www.lighthand.eu\/de\/wp-json\/wp\/v2\/media?parent=863"}],"curies":[{"name":"wp","href":"https:\/\/api.w.org\/{rel}","templated":true}]}}