{"id":867,"date":"2020-11-09T16:04:18","date_gmt":"2020-11-09T16:04:18","guid":{"rendered":"http:\/\/www.lighthand.eu\/product\/import-placeholder-for-475\/"},"modified":"2025-12-20T13:31:35","modified_gmt":"2025-12-20T13:31:35","slug":"amortyzator-wodzy-sawka-light-hand","status":"publish","type":"product","link":"https:\/\/www.lighthand.eu\/en\/product\/sawka-light-hand-rein-shock-absorber\/","title":{"rendered":"Sawka Light Hand"},"content":{"rendered":"<div data-elementor-type=\"product-post\" data-elementor-id=\"867\" class=\"elementor elementor-867\" data-elementor-post-type=\"product\">\n\t\t\t\t\t\t<section class=\"elementor-section elementor-top-section elementor-element elementor-element-5c936495 elementor-section-boxed elementor-section-height-default elementor-section-height-default\" data-id=\"5c936495\" data-element_type=\"section\">\n\t\t\t\t\t\t<div class=\"elementor-container elementor-column-gap-default\">\n\t\t\t\t\t<div class=\"elementor-column elementor-col-50 elementor-top-column elementor-element elementor-element-67d83495\" data-id=\"67d83495\" data-element_type=\"column\">\n\t\t\t<div class=\"elementor-widget-wrap elementor-element-populated\">\n\t\t\t\t\t\t<div class=\"elementor-element elementor-element-3d3d0ef7 elementor-widget elementor-widget-table-of-contents\" data-id=\"3d3d0ef7\" data-element_type=\"widget\" data-settings=\"{&quot;container&quot;:&quot;main&quot;,&quot;exclude_headings_by_selector&quot;:[],&quot;marker_view&quot;:&quot;bullets&quot;,&quot;icon&quot;:{&quot;value&quot;:&quot;&quot;,&quot;library&quot;:&quot;&quot;},&quot;headings_by_tags&quot;:[&quot;h3&quot;,&quot;h4&quot;],&quot;sticky&quot;:&quot;top&quot;,&quot;sticky_on&quot;:[&quot;desktop&quot;],&quot;sticky_offset&quot;:110,&quot;sticky_parent&quot;:&quot;yes&quot;,&quot;no_headings_message&quot;:&quot;No headings were found on this page.&quot;,&quot;hierarchical_view&quot;:&quot;yes&quot;,&quot;min_height&quot;:{&quot;unit&quot;:&quot;px&quot;,&quot;size&quot;:&quot;&quot;,&quot;sizes&quot;:[]},&quot;min_height_tablet&quot;:{&quot;unit&quot;:&quot;px&quot;,&quot;size&quot;:&quot;&quot;,&quot;sizes&quot;:[]},&quot;min_height_mobile&quot;:{&quot;unit&quot;:&quot;px&quot;,&quot;size&quot;:&quot;&quot;,&quot;sizes&quot;:[]},&quot;sticky_effects_offset&quot;:0,&quot;sticky_anchor_link_offset&quot;:0}\" data-widget_type=\"table-of-contents.default\">\n\t\t\t\t<div class=\"elementor-widget-container\">\n\t\t\t\t\t\t\t<div class=\"elementor-toc__header\">\n\t\t\t<h5 class=\"elementor-toc__header-title\">\n\t\t\t\tTable of Contents\t\t\t<\/h5>\n\t\t\t\t\t<\/div>\n\t\t<div id=\"elementor-toc__3d3d0ef7\" class=\"elementor-toc__body\">\n\t\t\t<div class=\"elementor-toc__spinner-container\">\n\t\t\t\t<i class=\"elementor-toc__spinner eicon-animation-spin eicon-loading\" aria-hidden=\"true\"><\/i>\t\t\t<\/div>\n\t\t<\/div>\n\t\t\t\t\t\t<\/div>\n\t\t\t\t<\/div>\n\t\t\t\t\t<\/div>\n\t\t<\/div>\n\t\t\t\t<main class=\"elementor-column elementor-col-50 elementor-top-column elementor-element elementor-element-12bb6026\" data-id=\"12bb6026\" data-element_type=\"column\">\n\t\t\t<div class=\"elementor-widget-wrap elementor-element-populated\">\n\t\t\t\t\t\t<div class=\"elementor-element elementor-element-523470a2 elementor-widget__width-initial elementor-widget-mobile__width-initial elementor-widget elementor-widget-text-editor\" data-id=\"523470a2\" data-element_type=\"widget\" data-widget_type=\"text-editor.default\">\n\t\t\t\t<div class=\"elementor-widget-container\">\n\t\t\t\t\t\t\t\t\t<p>&nbsp;<\/p>\n<a id=\"jak-uzywac\"><h3>How to use it?<\/h3>\n<h4>Fastening<\/h4><\/a>\n<p>A small carabiner-sized device is easy to attach to the bit. The Sawka Light Hand\u00ae clip must be attached to the bit ring in such a way that the Sawka Light Hand\u00ae logo is visible (the clip is facing away from the horse's mouth). On the other end, we attach the reins.<\/p>\n<p>It can be used in training any equestrian discipline.<\/p>\n<h4>How to begin?<\/h4>\n<p>Just attach the Sawka Light Hand\u00ae to the rein and start your ride. Sawka Light Hand\u00ae will do the rest, helping your horse find a comfortable position for him.<\/p>\n<p>At the beginning, try to avoid lateral movements. It's best to gradually introduce the horse to the product, starting with riding in straight lines and large circles. You should feel a significant improvement in lightness from the first training session. You can also use the Sawka Light Hand\u00ae when working from the ground.<\/p>\n<p>When the horse is feeling well, start training daily as usual, but this time with a new feeling of lightness.<\/p>\n<p>However, we advise you to always check with your trainer about any changes to your training routine.<\/p>\n<h4>Side reins<\/h4>\n<p>A good method of introducing this device to horses is using side reins.<\/p>\n<p>With the currently used techniques of working on side reins, there is no announce of final barrier. If horse tries to free itself from the inconvenience of the side reins, the animal immediately bounces off the bit. Lunging on side reins teaches the horse to recognize the signals that precede the event. The inclusion of the spring consistently announces the action of the bit. The innovative action of the Sawka Light Hand\u00ae makes the lighter contact with the bit announce a stronger one.<\/p>\n<p>Bits that are too thick should be avoided to discourage horses from \"hanging\" on them.<\/p>\n<h4>Working from the saddle<\/h4>\n<p>There is a problem when switching from working on side reins to working in the saddle - the human hand is not as consistent as the buckle and constantly introduces disturbances. Therefore, this transition always eliminates the positive effect previously achieved on the side reins.<\/p>\n<p>This is where the Sawka Light Hand\u00ae helps, by providing a safety margin and by eliminating unintended signals.<\/p>\n<p>We will soon be releasing a complete training program to help you maximize the potential of the Sawka Light Hand\u00ae.<\/p>\n<a id=\"faq\"><h3>Frequently asked questions<\/h3><\/a>\n<h4>Is the use of Sawka Light Hand a \"shortcut\"?<\/h4>\n<p>The Sawka Light Hand\u00ae gives riders and horses new ways to communicate, which doesn't mean it's the easy way. The device shows the rider a goal to pursue and helps the horse rebuild trust in the hand.<\/p>\n<p>Perhaps you and your horse, despite many years of training, still cannot fully get along. Perhaps you are making the same mistakes unknowingly. The hardest thing is to go beyond the beaten path and stop working according to patterns that have been learned long ago. This applies to both horses and riders.<\/p>\n<p>We have heard many times: \"this horse does not chew the bit, he is always so stiff, this type is so.\" Then we attached the Sawka Light Hand\u00ae to the bit and something slowly started to change best. This is confirmed by the opinions of users.<\/p>\n<p>With Sawka Light Hand\u00ae you will communicate with your horse faster and easier. The use of this device is a means to an end, not an end in itself<\/p>\n<h4>What is the difference between the effect of SLH and the effect of an elastic attached to the reins?<\/h4>\n<p>As for the logic of action, nothing. But there is an important psychological aspect that makes a big difference. Classic equestrian sport requires a simple rein. Solutions with rubber bands bulge them. Riders subconsciously try to tighten the reins, which eliminates the effect of gentle cushioning. The Sawka Light Hand\u00ae abutment is a natural extension of the reins and with its use this problem does not occur. In addition, when the device is fully extended, the resistance is very clear and is signaled by a soft, but audible to the horse, tapping of metal on metal.<\/p>\n<p>Additional advantages of the SLH are solid and aesthetic workmanship, functionality, ease of installation and versatility.<\/p>\n<h4>Does Sawka Light Hand\u00ae allow a better \"contact\" with the horse's mouth?<\/h4>\n<div>\n<p>Definitely yes. The device allows you to follow the horse's movement more smoothly, and thus for a better, undisturbed sense of contact.<\/p>\n<\/div>\n<div><\/div>\n<h4>If the device stretches 3 cm, is it already \"too\" tight?<\/h4>\n<p>The piston inside the device extends in the range of 0-3 cm. The minimum stretching occurs when the loose hand is closed on the reins. Maximum stretch is when the rider clearly withdraws his arm or the horse presses against the bit.<\/p>\n<p>Each horse is different, it is impossible to clearly define what is too light and what is too strong an action without looking at a given case. When working with any horse, remember that the ultimate goal is to be soft and light in movement and in contact.<\/p>\n<p>Pulling out the maximum is a sign that the Sawka Light Hand\u00ae goes into the normal reins mode, so to speak. Before horses understand the essence of this friendly device, they will pull the spring to the maximum. They have to do this to know where the comfort limit ends.<\/p>\n<h4>How quickly does the horse get used to working with this device?<\/h4>\n<p>Most horses notice a significant improvement in the first minutes of the ride. The horse responds automatically to an improvement in the quality of contact, just as it responds immediately to an improvement in the rider's seat or relaxation.<\/p>\n<p>The exception are horses that have lost trust in the rider's hand. This happens when a horse has been misguided for a long time, often in recreational horses. The longer it takes them to rebuild trust. It's just that these horses are stubbornly looking for sensations known to them from their previous life practice.<\/p>\n<div><\/div>\n<h4>How much does the device weigh? Can its weight disturb the horse?<\/h4>\n<p>Sawka Light Hand weighs about 150 g.<\/p>\n<p>When the reins are tight, it is an extension between the rider's hand and the horse's mouth. When the reins are loose, they hang freely and do not interfere with the horse. The effect of the Sawka Light Hand\u00ae depends on the action of the hand. When the rein is loose and the pressure is not applied, the device does not exert any significant pressure on the corners of the horse's mouth.<\/p>\n<h4>Will the horse stay in contact longer thanks to Light Hand?<\/h4>\n<p>Sawka Light Hand\u00ae eliminates vibrations of the reins and accidental movements of the rider's hand. It makes it easier for the horse to stay connected.<br>\n<span style=\"color: var( --e-global-color-text );\">Contact problems may originate elsewhere. You have to make sure that the horse does not hurt, that the saddle is fit and the horse accepts the type of bite selected.<\/span><\/p>\n<h4>What is the durability of the device?<\/h4>\n<p>If used as intended, the Sawka Light Hand is very durable. The product is covered by a two-year warranty. Side bends should be avoided as it is not resistant to bending in this plane.<a id=\"konserwacja\"><a id=\"konserwacja\"><\/a><br>\n<a><\/a><\/p><a><\/a>\n<h4>Maintenance - How do I take care of the device?<\/h4>\n<\/a><p><a><br><\/a>\nWe recommend greasing the piston every six months. It is a good habit to wash the device in clean water after each use.<\/p>\n<h4>Certificates and security<\/h4>\n<p>The product is made of harmless materials. Security certificates are available upon request.<a id=\"warunki-gwarancji\"><\/a><\/p>\n<p><a><\/a><\/p><a><\/a>\n<h4>Terms of warranty<\/h4>\n<\/a><p><a><\/a><br>\nThe manufacturer gives a two-year warranty for the device. The warranty is not granted if the product is used in a manner inconsistent with the instructions. The manufacturer is not responsible for improper use of the Sawka Light Hand\u00ae.<\/p>\t\t\t\t\t\t\t\t<\/div>\n\t\t\t\t<\/div>\n\t\t\t\t\t<\/div>\n\t\t<\/main>\n\t\t\t\t\t<\/div>\n\t\t<\/section>\n\t\t\t\t<\/div>","protected":false},"excerpt":{"rendered":"<p>The device acts as a rein damper.<br \/>\nThe spring in the middle of the sleeve stretches in the range of 0-3 cm. Providing a margin of safety, it eliminates unintended signals and leaves the horse a space where she can move his head or neck looking for a comfortable position.<br \/>\nThe kit includes two dampers (right and left).<\/p>","protected":false},"featured_media":868,"template":"","meta":[],"product_brand":[],"product_cat":[49],"product_tag":[],"class_list":{"0":"post-867","1":"product","2":"type-product","3":"status-publish","4":"has-post-thumbnail","6":"product_cat-uncategorized","8":"first","9":"outofstock","10":"taxable","11":"shipping-taxable","12":"purchasable","13":"product-type-simple"},"yoast_head":"<!-- This site is optimized with the Yoast SEO plugin v24.9 - https:\/\/yoast.com\/wordpress\/plugins\/seo\/ -->\n<title>Amortyzator wodzy Sawka Light Hand - Sawka Light Hand&reg;<\/title>\n<meta name=\"robots\" content=\"index, follow, max-snippet:-1, max-image-preview:large, max-video-preview:-1\" \/>\n<link rel=\"canonical\" href=\"https:\/\/www.lighthand.eu\/en\/product\/sawka-light-hand-rein-shock-absorber\/\" \/>\n<meta property=\"og:locale\" content=\"en_GB\" \/>\n<meta property=\"og:type\" content=\"article\" \/>\n<meta property=\"og:title\" content=\"Amortyzator wodzy Sawka Light Hand - Sawka Light Hand&reg;\" \/>\n<meta property=\"og:description\" content=\"Urz\u0105dzenie dzia\u0142a jak amortyzator wodzy. Znajduj\u0105ca si\u0119 w \u015brodku tulei spr\u0119\u017cyna rozci\u0105ga si\u0119 w zakresie 0-3 cm. Zapewniaj\u0105c margines bezpiecze\u0144stwa eliminuje niezamierzone dzia\u0142anie wodzy oraz pozostawia koniowi przestrze\u0144, w kt\u00f3rej mo\u017ce poruszy\u0107 g\u0142ow\u0105 lub szyj\u0105 szukaj\u0105c komfortowego dla siebie ustawienia. Zestaw zawiera dwa amortyzatory (prawy i lewy).\" \/>\n<meta property=\"og:url\" content=\"https:\/\/www.lighthand.eu\/en\/product\/sawka-light-hand-rein-shock-absorber\/\" \/>\n<meta property=\"og:site_name\" content=\"Sawka Light Hand&reg;\" \/>\n<meta property=\"article:modified_time\" content=\"2025-12-20T13:31:35+00:00\" \/>\n<meta property=\"og:image\" content=\"https:\/\/www.lighthand.eu\/wp-content\/uploads\/2020\/11\/Grey-Sawka-Light-Hand-2-2-1.jpg\" \/>\n\t<meta property=\"og:image:width\" content=\"2000\" \/>\n\t<meta property=\"og:image:height\" content=\"1629\" \/>\n\t<meta property=\"og:image:type\" content=\"image\/jpeg\" \/>\n<meta name=\"twitter:card\" content=\"summary_large_image\" \/>\n<meta name=\"twitter:label1\" content=\"Estimated reading time\" \/>\n\t<meta name=\"twitter:data1\" content=\"7 minutes\" \/>\n<script type=\"application\/ld+json\" class=\"yoast-schema-graph\">{\"@context\":\"https:\/\/schema.org\",\"@graph\":[{\"@type\":\"WebPage\",\"@id\":\"https:\/\/www.lighthand.eu\/product\/amortyzator-wodzy-sawka-light-hand\/\",\"url\":\"https:\/\/www.lighthand.eu\/product\/amortyzator-wodzy-sawka-light-hand\/\",\"name\":\"Amortyzator wodzy Sawka Light Hand - Sawka Light Hand&reg;\",\"isPartOf\":{\"@id\":\"https:\/\/www.lighthand.eu\/#website\"},\"primaryImageOfPage\":{\"@id\":\"https:\/\/www.lighthand.eu\/product\/amortyzator-wodzy-sawka-light-hand\/#primaryimage\"},\"image\":{\"@id\":\"https:\/\/www.lighthand.eu\/product\/amortyzator-wodzy-sawka-light-hand\/#primaryimage\"},\"thumbnailUrl\":\"https:\/\/www.lighthand.eu\/wp-content\/uploads\/2020\/11\/Grey-Sawka-Light-Hand-2-2-1.jpg\",\"datePublished\":\"2020-11-09T16:04:18+00:00\",\"dateModified\":\"2025-12-20T13:31:35+00:00\",\"breadcrumb\":{\"@id\":\"https:\/\/www.lighthand.eu\/product\/amortyzator-wodzy-sawka-light-hand\/#breadcrumb\"},\"inLanguage\":\"en-GB\",\"potentialAction\":[{\"@type\":\"ReadAction\",\"target\":[\"https:\/\/www.lighthand.eu\/product\/amortyzator-wodzy-sawka-light-hand\/\"]}]},{\"@type\":\"ImageObject\",\"inLanguage\":\"en-GB\",\"@id\":\"https:\/\/www.lighthand.eu\/product\/amortyzator-wodzy-sawka-light-hand\/#primaryimage\",\"url\":\"https:\/\/www.lighthand.eu\/wp-content\/uploads\/2020\/11\/Grey-Sawka-Light-Hand-2-2-1.jpg\",\"contentUrl\":\"https:\/\/www.lighthand.eu\/wp-content\/uploads\/2020\/11\/Grey-Sawka-Light-Hand-2-2-1.jpg\",\"width\":2000,\"height\":1629},{\"@type\":\"BreadcrumbList\",\"@id\":\"https:\/\/www.lighthand.eu\/product\/amortyzator-wodzy-sawka-light-hand\/#breadcrumb\",\"itemListElement\":[{\"@type\":\"ListItem\",\"position\":1,\"name\":\"Home\",\"item\":\"https:\/\/www.lighthand.eu\/pl\/\"},{\"@type\":\"ListItem\",\"position\":2,\"name\":\"Shop\",\"item\":\"https:\/\/www.lighthand.eu\/shop\/\"},{\"@type\":\"ListItem\",\"position\":3,\"name\":\"Amortyzator wodzy Sawka Light Hand\"}]},{\"@type\":\"WebSite\",\"@id\":\"https:\/\/www.lighthand.eu\/#website\",\"url\":\"https:\/\/www.lighthand.eu\/\",\"name\":\"Sawka Light Hand&reg;\",\"description\":\"Rein Aid\",\"potentialAction\":[{\"@type\":\"SearchAction\",\"target\":{\"@type\":\"EntryPoint\",\"urlTemplate\":\"https:\/\/www.lighthand.eu\/?s={search_term_string}\"},\"query-input\":{\"@type\":\"PropertyValueSpecification\",\"valueRequired\":true,\"valueName\":\"search_term_string\"}}],\"inLanguage\":\"en-GB\"}]}<\/script>\n<!-- \/ Yoast SEO plugin. -->","yoast_head_json":{"title":"Amortyzator wodzy Sawka Light Hand - Sawka Light Hand&reg;","robots":{"index":"index","follow":"follow","max-snippet":"max-snippet:-1","max-image-preview":"max-image-preview:large","max-video-preview":"max-video-preview:-1"},"canonical":"https:\/\/www.lighthand.eu\/en\/product\/sawka-light-hand-rein-shock-absorber\/","og_locale":"en_GB","og_type":"article","og_title":"Amortyzator wodzy Sawka Light Hand - Sawka Light Hand&reg;","og_description":"Urz\u0105dzenie dzia\u0142a jak amortyzator wodzy. Znajduj\u0105ca si\u0119 w \u015brodku tulei spr\u0119\u017cyna rozci\u0105ga si\u0119 w zakresie 0-3 cm. Zapewniaj\u0105c margines bezpiecze\u0144stwa eliminuje niezamierzone dzia\u0142anie wodzy oraz pozostawia koniowi przestrze\u0144, w kt\u00f3rej mo\u017ce poruszy\u0107 g\u0142ow\u0105 lub szyj\u0105 szukaj\u0105c komfortowego dla siebie ustawienia. Zestaw zawiera dwa amortyzatory (prawy i lewy).","og_url":"https:\/\/www.lighthand.eu\/en\/product\/sawka-light-hand-rein-shock-absorber\/","og_site_name":"Sawka Light Hand&reg;","article_modified_time":"2025-12-20T13:31:35+00:00","og_image":[{"width":2000,"height":1629,"url":"https:\/\/www.lighthand.eu\/wp-content\/uploads\/2020\/11\/Grey-Sawka-Light-Hand-2-2-1.jpg","type":"image\/jpeg"}],"twitter_card":"summary_large_image","twitter_misc":{"Estimated reading time":"7 minutes"},"schema":{"@context":"https:\/\/schema.org","@graph":[{"@type":"WebPage","@id":"https:\/\/www.lighthand.eu\/product\/amortyzator-wodzy-sawka-light-hand\/","url":"https:\/\/www.lighthand.eu\/product\/amortyzator-wodzy-sawka-light-hand\/","name":"Amortyzator wodzy Sawka Light Hand - Sawka Light Hand&reg;","isPartOf":{"@id":"https:\/\/www.lighthand.eu\/#website"},"primaryImageOfPage":{"@id":"https:\/\/www.lighthand.eu\/product\/amortyzator-wodzy-sawka-light-hand\/#primaryimage"},"image":{"@id":"https:\/\/www.lighthand.eu\/product\/amortyzator-wodzy-sawka-light-hand\/#primaryimage"},"thumbnailUrl":"https:\/\/www.lighthand.eu\/wp-content\/uploads\/2020\/11\/Grey-Sawka-Light-Hand-2-2-1.jpg","datePublished":"2020-11-09T16:04:18+00:00","dateModified":"2025-12-20T13:31:35+00:00","breadcrumb":{"@id":"https:\/\/www.lighthand.eu\/product\/amortyzator-wodzy-sawka-light-hand\/#breadcrumb"},"inLanguage":"en-GB","potentialAction":[{"@type":"ReadAction","target":["https:\/\/www.lighthand.eu\/product\/amortyzator-wodzy-sawka-light-hand\/"]}]},{"@type":"ImageObject","inLanguage":"en-GB","@id":"https:\/\/www.lighthand.eu\/product\/amortyzator-wodzy-sawka-light-hand\/#primaryimage","url":"https:\/\/www.lighthand.eu\/wp-content\/uploads\/2020\/11\/Grey-Sawka-Light-Hand-2-2-1.jpg","contentUrl":"https:\/\/www.lighthand.eu\/wp-content\/uploads\/2020\/11\/Grey-Sawka-Light-Hand-2-2-1.jpg","width":2000,"height":1629},{"@type":"BreadcrumbList","@id":"https:\/\/www.lighthand.eu\/product\/amortyzator-wodzy-sawka-light-hand\/#breadcrumb","itemListElement":[{"@type":"ListItem","position":1,"name":"Home","item":"https:\/\/www.lighthand.eu\/pl\/"},{"@type":"ListItem","position":2,"name":"Shop","item":"https:\/\/www.lighthand.eu\/shop\/"},{"@type":"ListItem","position":3,"name":"Amortyzator wodzy Sawka Light Hand"}]},{"@type":"WebSite","@id":"https:\/\/www.lighthand.eu\/#website","url":"https:\/\/www.lighthand.eu\/","name":"Sawka Light Hand&reg;","description":"Rein Aid","potentialAction":[{"@type":"SearchAction","target":{"@type":"EntryPoint","urlTemplate":"https:\/\/www.lighthand.eu\/?s={search_term_string}"},"query-input":{"@type":"PropertyValueSpecification","valueRequired":true,"valueName":"search_term_string"}}],"inLanguage":"en-GB"}]}},"_links":{"self":[{"href":"https:\/\/www.lighthand.eu\/en\/wp-json\/wp\/v2\/product\/867","targetHints":{"allow":["GET"]}}],"collection":[{"href":"https:\/\/www.lighthand.eu\/en\/wp-json\/wp\/v2\/product"}],"about":[{"href":"https:\/\/www.lighthand.eu\/en\/wp-json\/wp\/v2\/types\/product"}],"version-history":[{"count":52,"href":"https:\/\/www.lighthand.eu\/en\/wp-json\/wp\/v2\/product\/867\/revisions"}],"predecessor-version":[{"id":2346,"href":"https:\/\/www.lighthand.eu\/en\/wp-json\/wp\/v2\/product\/867\/revisions\/2346"}],"wp:featuredmedia":[{"embeddable":true,"href":"https:\/\/www.lighthand.eu\/en\/wp-json\/wp\/v2\/media\/868"}],"wp:attachment":[{"href":"https:\/\/www.lighthand.eu\/en\/wp-json\/wp\/v2\/media?parent=867"}],"wp:term":[{"taxonomy":"product_brand","embeddable":true,"href":"https:\/\/www.lighthand.eu\/en\/wp-json\/wp\/v2\/product_brand?post=867"},{"taxonomy":"product_cat","embeddable":true,"href":"https:\/\/www.lighthand.eu\/en\/wp-json\/wp\/v2\/product_cat?post=867"},{"taxonomy":"product_tag","embeddable":true,"href":"https:\/\/www.lighthand.eu\/en\/wp-json\/wp\/v2\/product_tag?post=867"}],"curies":[{"name":"wp","href":"https:\/\/api.w.org\/{rel}","templated":true}]}}