{"id":541,"date":"2019-10-12T08:33:37","date_gmt":"2019-10-12T08:33:37","guid":{"rendered":"http:\/\/www.lighthand.eu\/?page_id=541"},"modified":"2020-11-12T12:22:10","modified_gmt":"2020-11-12T12:22:10","slug":"privacy-policy-2","status":"publish","type":"page","link":"https:\/\/www.lighthand.eu\/es\/privacy-policy-2\/","title":{"rendered":"Pol\u00edtica de privacidad"},"content":{"rendered":"<div data-elementor-type=\"wp-page\" data-elementor-id=\"541\" class=\"elementor elementor-541\" data-elementor-post-type=\"page\">\n\t\t\t\t\t\t<section class=\"elementor-section elementor-top-section elementor-element elementor-element-61c89630 elementor-section-boxed elementor-section-height-default elementor-section-height-default\" data-id=\"61c89630\" data-element_type=\"section\">\n\t\t\t\t\t\t<div class=\"elementor-container elementor-column-gap-default\">\n\t\t\t\t\t<div class=\"elementor-column elementor-col-100 elementor-top-column elementor-element elementor-element-796bc8bd\" data-id=\"796bc8bd\" data-element_type=\"column\" data-settings=\"{&quot;background_background&quot;:&quot;classic&quot;}\">\n\t\t\t<div class=\"elementor-widget-wrap elementor-element-populated\">\n\t\t\t\t\t\t<div class=\"elementor-element elementor-element-6bbcfbc7 elementor-widget elementor-widget-text-editor\" data-id=\"6bbcfbc7\" data-element_type=\"widget\" data-widget_type=\"text-editor.default\">\n\t\t\t\t<div class=\"elementor-widget-container\">\n\t\t\t\t\t\t\t\t\t<p><b>Niniejsza Polityka prywatno\u015bci okre\u015bla zasady pobierania i gromadzenia oraz przetwarzania i wykorzystywania danych osobowych pozyskanych od Pa\u0144stwa przez 4Horses Consulting Mateusz Gieryn, Holendry Baranowskie 71A, 96-314 Baran\u00f3w, nip 784 235 02 76, <\/b>b\u0119d\u0105cego Administratorem strony www.lighthand.eu (zwany dalej Administratorem)<\/p>\n<p>Administrator dok\u0142ada wszelkich stara\u0144 w celu zapewnienia poszanowania Pa\u0144stwa prywatno\u015bci i ochrony udzielonych informacji osobowych oraz podejmuje w tym celu wszelkie niezb\u0119dne dzia\u0142ania, szczeg\u00f3lnie poprzez zapewnienie przestrzegania przepis\u00f3w reguluj\u0105cych w jaki spos\u00f3b mo\u017cna zbiera\u0107, zarz\u0105dza\u0107, przechowywa\u0107 oraz wykorzystywa\u0107 dane osobowe, wskazanych w Rozporz\u0105dzeniu Parlamentu Europejskiego i Rady (UE) 2016\/679 z dnia 27.04.2016 r. w sprawie ochrony os\u00f3b fizycznych w zwi\u0105zku z przetwarzaniem danych osobowych i w sprawie swobodnego przep\u0142ywu takich danych oraz uchylenia dyrektywy 95\/46\/WE (okre\u015blane jako \u201eRODO\u201d).<\/p>\n<h3>1. Cele i podstawy przetwarzania Pa\u0144stwa danych osobowych.<\/h3>\n<p>Celem zawarcia i wykonania umowy, kt\u00f3rej Pa\u0144stwo s\u0105 stron\u0105 lub podj\u0119cia dzia\u0142a\u0144 przed zawarciem umowy, w tym sprzeda\u017cy towar\u00f3w lub us\u0142ug lub prowadzenia serwisu posprzeda\u017cowego, na podstawie art. 6 ust. 1b oraz 1c RODO,<\/p>\n<p>Celem prowadzonych przez Administratora dzia\u0142a\u0144 handlowo marketingowych na Pa\u0144stwa rzecz, w szczeg\u00f3lno\u015bci przesy\u0142ania za po\u015brednictwem poczty elektronicznej nowych ofert promocji oraz informacji handlowej, dotycz\u0105cych produkt\u00f3w i us\u0142ug oferowanych przez Administratora , a w szczeg\u00f3lno\u015bci na otrzymywanie newslettera., na podstawie art. 6 ust. 1a RODO, w zwi\u0105zku z art. 10 ustawy z 18.07.2002r. o \u015bwiadczeniu us\u0142ug droga elektroniczn\u0105<br>celem prowadzonych przez Administratora dzia\u0142a\u0144 handlowo marketingowych na Pa\u0144stwa rzecz, w szczeg\u00f3lno\u015bci poprzez wykorzystywanie telekomunikacyjnych urz\u0105dze\u0144 ko\u0144cowych i automatycznych system\u00f3w wywo\u0142uj\u0105cych dla cel\u00f3w marketingu bezpo\u015bredniego, na podstawie art. 6 ust. 1a RODO, w zwi\u0105zku z art. 172 ust. 1 ustawy z dnia 16.07.2014r. Prawo telekomunikacyjne.<\/p>\n<p>Podanie danych celem realizacji pkt. I jest warunkiem zawarcia umowy. Odmowa podania danych w zakresie niezb\u0119dnym do zawarcia lub realizacji umowy oraz w zakresie wymaganym przez przepisy prawa b\u0119dzie uniemo\u017cliwia\u0142a jej zwarcie.<\/p>\n<p>Podanie danych celem realizacji pkt II i III jest ca\u0142kowicie dobrowolne i niezwi\u0105zane z Pa\u0144stwa prawami wynikaj\u0105cymi z pkt I. Mimo to zach\u0119camy do wyra\u017cenia zgody w przedmiotowym zakresie. Pozwoli to nam na przedstawianie Pa\u0144stwu naszych ofert oraz popraw\u0119 jako\u015bci sprzeda\u017cy.<\/p>\n<h3>2. Jakie dane pobiera Administrator podczas zawierania i wykonywania umowy sprzeda\u017cy towar\u00f3w lub us\u0142ug?<\/h3>\n<p>Administrator b\u0119dzie od Pa\u0144stwa pobiera\u0142 nast\u0119puj\u0105ce dane osobowe:<br>\u2013&nbsp; imi\u0119 i nazwisko, adres do korespondencji, adres poczty elektronicznej, numer telefonu.<\/p>\n<p>Serwis realizuje funkcje pozyskiwania informacji o u\u017cytkownikach i ich zachowaniu w nast\u0119puj\u0105cy spos\u00f3b:<\/p>\n<p>Poprzez dobrowolnie wprowadzone w formularzach dane, kt\u00f3re zostaj\u0105 wprowadzone do system\u00f3w Operatora.<\/p>\n<p>Poprzez zapisywanie w urz\u0105dzeniach ko\u0144cowych plik\u00f3w cookie (tzw. \u201eciasteczka\u201d).<\/p>\n<h3>3. Udost\u0119pnienie danych.<\/h3>\n<p>Dane udost\u0119pnione przez Pa\u0144stwa nie b\u0119d\u0105 podlega\u0142y udost\u0119pnieniu podmiotom trzecim za wyj\u0105tkiem:<\/p>\n<p>\u2013 podmiot\u00f3w uczestnicz\u0105cych w procesach niezb\u0119dnych do wykonania umowy, w tym zapewniaj\u0105cych transport towar\u00f3w, us\u0142ugi p\u0142atnicze, us\u0142ugi \u015bwiadczone drog\u0105 elektroniczn\u0105,<br>\u2013 wsp\u00f3\u0142pracownik\u00f3w \u015bwiadcz\u0105cych us\u0142ugi zwi\u0105zane z bezpo\u015bredni\u0105 obs\u0142ug\u0105 Pa\u0144stwa oraz \u015bwiadcz\u0105cym us\u0142ugi informatyczne,<br>\u2013 organ\u00f3w w\u0142adzy publicznej lub podmiot\u00f3w wykonuj\u0105cych zadania publiczne<\/p>\n<h3>4. Przechowywanie danych.<\/h3>\n<p>Administrator dok\u0142ada wszelkich mo\u017cliwych stara\u0144, aby zabezpieczy\u0107 Pa\u0144stwa dane i ochroni\u0107 je przed dzia\u0142aniami os\u00f3b trzecich, spe\u0142niaj\u0105c wszelkie przewidziane prawnie wymagania, a w szczeg\u00f3lno\u015bci przes\u0142anki wskazane w RODO.<br>W szczeg\u00f3lno\u015bci, Administrator wskazuje, \u017ce wszystkie podane dane b\u0119d\u0105 przetwarzane na podstawie RODO i zgodnie z tre\u015bci\u0105 og\u00f3lnego rozporz\u0105dzenia o ochronie danych,&nbsp;Administrator danych nie ma zamiaru przekazywa\u0107 danych osobowych do pa\u0144stwa trzeciego lub organizacji mi\u0119dzynarodowej,&nbsp;Dane osobowe b\u0119d\u0105 przechowywane: przez okres niezb\u0119dny do realizacji zawartej z Pa\u0144stwem umowy, a po tym czasie przez okres i w zakresie wymaganym przez przepisy prawa oraz okres, po kt\u00f3rym przedawni\u0105 si\u0119 roszczenia wynikaj\u0105ce z umowy.<\/p>\n<h3>5. W jaki spos\u00f3b mo\u017cecie Pa\u0144stwo korzysta\u0107 z przys\u0142uguj\u0105cych praw?<\/h3>\n<p>Macie Pa\u0144stwo prawo:<br>\u2013 dost\u0119pu do tre\u015bci swoich danych,<br>\u2013 sprostowania nieprawid\u0142owych lub niekompletnych danych,<br>\u2013 \u017c\u0105dania usuni\u0119cia danych osobowych, gdy dane nie s\u0105 ju\u017c niezb\u0119dne do cel\u00f3w, dla kt\u00f3rych by\u0142y zebrane lub w inny spos\u00f3b przetwarzane, osoba, kt\u00f3rej dane dotycz\u0105, wnios\u0142a sprzeciw wobec przetwarzania danych, osoba, kt\u00f3rej dane dotycz\u0105, cofn\u0119\u0142a zgod\u0119, na kt\u00f3rej opiera si\u0119 przetwarzanie i nie ma innej podstawy prawnej przetwarzania, dane przetwarzane s\u0105 niezgodnie z prawem, dane musz\u0105 by\u0107 usuni\u0119te w celu wywi\u0105zania si\u0119 z obowi\u0105zku wynikaj\u0105cego z przepis\u00f3w prawa,<br>\u2013 prawo do \u017c\u0105dania ograniczenia przetwarzania danych osobowych, gdy osoba, kt\u00f3rej dane dotycz\u0105, kwestionuje prawid\u0142owo\u015b\u0107 danych osobowych, przetwarzanie danych jest niezgodne z prawem, a osoba, kt\u00f3rej dane dotycz\u0105, sprzeciwia si\u0119 usuni\u0119ciu danych, \u017c\u0105daj\u0105c w zamian ich ograniczenia, administrator nie potrzebuje ju\u017c danych dla swoich cel\u00f3w, ale osoba, kt\u00f3rej dane dotycz\u0105, potrzebuje ich do ustalenia, obrony lub dochodzenia roszcze\u0144, osoba, kt\u00f3rej dane dotycz\u0105, wnios\u0142a sprzeciw wobec przetwarzania danych \u2013 do czasu ustalenia, czy prawnie uzasadnione podstawy po stronie administratora s\u0105 nadrz\u0119dne wobec podstawy sprzeciwu<\/p>\n<h3>6. Pytania i zastrze\u017cenia<\/h3>\n<p>Pytania i zastrze\u017cenia dotycz\u0105ce niniejszej Polityki prywatno\u015bci mog\u0105 by\u0107 przez Pa\u0144stwa kierowane do:&nbsp;<span style=\"background-color: var( --e-global-color-4e42da3 );\"><b>oficina@4horses.com.pl<\/b><\/span><\/p>\n<h3>7. Witryna oraz Sklep<\/h3>\n<p>Administrator prowadzi witryn\u0119 pod adresem: www.lighthand.eu<\/p>\n<h4>7.1 Jakie dane Sklep internetowy pobiera w spos\u00f3b automatyczny podczas korzystania z Witryny?<\/h4>\n<p>Sklep internetowy nie pobiera w spos\u00f3b automatyczny \u017cadnych danych, z wyj\u0105tkiem danych zawartych w plikach, o kt\u00f3rych mowa poni\u017cej, podczas samego korzystania z Witryny.<\/p>\n<p>Pliki cookies to ma\u0142e pliki tekstowe wysy\u0142ane przez Sklep internetowy i przechowywane na Pa\u0144stwa komputerze zawieraj\u0105ce pewne informacje zwi\u0105zane z korzystaniem przez Pa\u0144stwa z Witryn Administratora i Sklepu Internetowego. Wykorzystywane przez Sklep internetowy pliki cookies mog\u0105 mie\u0107 charakter tymczasowy lub trwa\u0142y. Tymczasowe pliki cookies s\u0105 usuwane z chwil\u0105 zamkni\u0119cia przegl\u0105darki, natomiast sta\u0142e pliki cookies s\u0105 przechowywane tak\u017ce po zako\u0144czeniu korzystania przez Pa\u0144stwa z Witryny i s\u0142u\u017c\u0105 do przechowywania informacji takich jak Pa\u0144stwa has\u0142o czy login, co przyspiesza i u\u0142atwia korzystanie z Witryny.<\/p>\n<h4>7.2 Cookies<\/h4>\n<p>Sklep internetowy wykorzystuje poni\u017cej wymienione pliki cookies w nast\u0119puj\u0105cych celach:<\/p>\n<p>utrzymanie sesji u\u017cytkownika Witryny (po zalogowaniu), dzi\u0119ki kt\u00f3rej u\u017cytkownik nie musi na ka\u017cdej podstronie Witryny ponownie wpisywa\u0107 loginu i has\u0142a<br>dostosowania zawarto\u015bci stron internetowych Witryny do preferencji u\u017cytkownika oraz optymalizacji korzystania ze stron internetowych; w szczeg\u00f3lno\u015bci pliki te pozwalaj\u0105 rozpozna\u0107 urz\u0105dzenie u\u017cytkownika Witryny i odpowiednio wy\u015bwietli\u0107 stron\u0119 internetow\u0105, dostosowan\u0105 do jego indywidualnych potrzeb<br>tworzenia statystyk, kt\u00f3re pomagaj\u0105 zrozumie\u0107, w jaki spos\u00f3b u\u017cytkownicy Witryny korzystaj\u0105 ze stron internetowych, co umo\u017cliwia ulepszanie ich struktury i zawarto\u015bci<\/p>\n<p>W wielu przypadkach oprogramowanie s\u0142u\u017c\u0105ce do przegl\u0105dania stron internetowych (przegl\u0105darka internetowa) domy\u015blnie dopuszcza przechowywanie plik\u00f3w cookies w urz\u0105dzeniu ko\u0144cowym u\u017cytkownika. Mo\u017cecie Pa\u0144stwo dokona\u0107 w ka\u017cdym czasie zmiany ustawie\u0144 dotycz\u0105cych plik\u00f3w cookies. Ustawienia te mog\u0105 zosta\u0107 zmienione w szczeg\u00f3lno\u015bci w taki spos\u00f3b, aby blokowa\u0107 automatyczn\u0105 obs\u0142ug\u0119 plik\u00f3w cookies w ustawieniach przegl\u0105darki internetowej b\u0105d\u017a informowa\u0107 o ich ka\u017cdorazowym zamieszczeniu w Pa\u0144stwa urz\u0105dzeniu. Szczeg\u00f3\u0142owe informacje o mo\u017cliwo\u015bci i sposobach obs\u0142ugi plik\u00f3w cookies dost\u0119pne s\u0105 w ustawieniach oprogramowania (przegl\u0105darki internetowej). Sklep Internetowy informuje, \u017ce ograniczenia stosowania plik\u00f3w cookies mog\u0105 wp\u0142yn\u0105\u0107 na niekt\u00f3re funkcjonalno\u015bci dost\u0119pne na stronach internetowych Witryny. Wi\u0119cej informacji na temat plik\u00f3w cookies dost\u0119pnych jest w sekcji \u201ePomoc\u201d w menu przegl\u0105darki internetowej.<\/p>\n<h4>7.3 Profilowanie<\/h4>\n<p>Na podstawie RODO oraz Pa\u0144stwa zgody, Administrator dokonuje profilowania i personalizacji marketingu. Administrator zbiera jedynie dane niezb\u0119dne do dokonania sprzeda\u017cy swoich produkt\u00f3w, dokonuj\u0105c profilowania konsumenta w zakresie umo\u017cliwiaj\u0105cym lepsze sugerowanie produkt\u00f3w w przysz\u0142o\u015bci. Proces profilowania ma zastosowanie jedynie na wewn\u0119trzne potrzeby Administrator i nie wi\u0105\u017ce si\u0119 z \u017cadnym procesem decyzyjnym wywo\u0142uj\u0105cym skutki prawne wzgl\u0119dem mnie. Do niniejszego zapisu odnosz\u0105 si\u0119 odpowiednio zapisy art. 3.<\/p>\n<h4>7.4 Pobierane przez Witryn\u0119 Dane<\/h4>\n<p>W ramach Witryn Administrator b\u0119dzie od Pa\u0144stwa pobiera\u0142 nast\u0119puj\u0105ce dane osobowe: imi\u0119 i nazwisko, adres, adres do wysy\u0142ki, adres poczty elektronicznej, numer telefonu.<\/p>\n<h4>7.5 Inne strony internetowe<\/h4>\n<p>W ramach Witryny mog\u0105 pojawia\u0107 si\u0119 okresowo linki do innych stron internetowych. Takie strony internetowe dzia\u0142aj\u0105 niezale\u017cnie od Witryny i nie s\u0105 w \u017caden spos\u00f3b nadzorowane przez Administratora. Strony te mog\u0105 posiada\u0107 w\u0142asne polityki dotycz\u0105ce prywatno\u015bci, z kt\u00f3rymi zalecamy zapozna\u0107 si\u0119. Administrator nie ponosi odpowiedzialno\u015bci za zasady post\u0119powania z danymi w ramach tych stron.<\/p>\n<h4>7.6 Pytania i zastrze\u017cenia<\/h4>\n<p>Pytania i zastrze\u017cenia dotycz\u0105ce Polityki prywatno\u015bci Witryn lub Sklepu mog\u0105 by\u0107 przez Pa\u0144stwa kierowane do: <b>oficina@4horses.com.pl<\/b><br>Polityka jest na bie\u017c\u0105co weryfikowana i w razie potrzeby aktualizowana. Zastrzegamy sobie prawo aktualizacji i zmiany polityki prywatno\u015bci poprzez publikacj\u0119 nowej tre\u015bci na swojej stronie internetowej.office@4horses.com.pl<\/p>\t\t\t\t\t\t\t\t<\/div>\n\t\t\t\t<\/div>\n\t\t\t\t\t<\/div>\n\t\t<\/div>\n\t\t\t\t\t<\/div>\n\t\t<\/section>\n\t\t\t\t<\/div>","protected":false},"excerpt":{"rendered":"<p>Niniejsza Polityka prywatno\u015bci okre\u015bla zasady pobierania i gromadzenia oraz przetwarzania i wykorzystywania danych osobowych pozyskanych od Pa\u0144stwa przez 4Horses Consulting Mateusz Gieryn, Holendry Baranowskie 71A, 96-314 Baran\u00f3w, nip 784 235 02 76, b\u0119d\u0105cego Administratorem strony www.lighthand.eu (zwany dalej Administratorem) Administrator dok\u0142ada wszelkich stara\u0144 w celu zapewnienia poszanowania Pa\u0144stwa prywatno\u015bci i ochrony udzielonych informacji osobowych oraz [&hellip;]<\/p>","protected":false},"author":1,"featured_media":548,"parent":0,"menu_order":0,"comment_status":"closed","ping_status":"closed","template":"","meta":{"footnotes":""},"class_list":["post-541","page","type-page","status-publish","has-post-thumbnail","hentry"],"yoast_head":"<!-- This site is optimized with the Yoast SEO plugin v24.9 - https:\/\/yoast.com\/wordpress\/plugins\/seo\/ -->\n<title>Polityka Prywatno\u015bci - Sawka Light Hand&reg;<\/title>\n<meta name=\"robots\" content=\"index, follow, max-snippet:-1, max-image-preview:large, max-video-preview:-1\" \/>\n<link rel=\"canonical\" href=\"https:\/\/www.lighthand.eu\/es\/privacy-policy-2\/\" \/>\n<meta property=\"og:locale\" content=\"es_ES\" \/>\n<meta property=\"og:type\" content=\"article\" \/>\n<meta property=\"og:title\" content=\"Polityka Prywatno\u015bci - Sawka Light Hand&reg;\" \/>\n<meta property=\"og:description\" content=\"Niniejsza Polityka prywatno\u015bci okre\u015bla zasady pobierania i gromadzenia oraz przetwarzania i wykorzystywania danych osobowych pozyskanych od Pa\u0144stwa przez 4Horses Consulting Mateusz Gieryn, Holendry Baranowskie 71A, 96-314 Baran\u00f3w, nip 784 235 02 76, b\u0119d\u0105cego Administratorem strony www.lighthand.eu (zwany dalej Administratorem) Administrator dok\u0142ada wszelkich stara\u0144 w celu zapewnienia poszanowania Pa\u0144stwa prywatno\u015bci i ochrony udzielonych informacji osobowych oraz [&hellip;]\" \/>\n<meta property=\"og:url\" content=\"https:\/\/www.lighthand.eu\/es\/privacy-policy-2\/\" \/>\n<meta property=\"og:site_name\" content=\"Sawka Light Hand&reg;\" \/>\n<meta property=\"article:modified_time\" content=\"2020-11-12T12:22:10+00:00\" \/>\n<meta property=\"og:image\" content=\"https:\/\/www.lighthand.eu\/wp-content\/uploads\/2019\/10\/AB7A9598-scaled.jpg\" \/>\n\t<meta property=\"og:image:width\" content=\"2560\" \/>\n\t<meta property=\"og:image:height\" content=\"1707\" \/>\n\t<meta property=\"og:image:type\" content=\"image\/jpeg\" \/>\n<meta name=\"twitter:card\" content=\"summary_large_image\" \/>\n<meta name=\"twitter:label1\" content=\"Tiempo de lectura\" \/>\n\t<meta name=\"twitter:data1\" content=\"8 minutos\" \/>\n<script type=\"application\/ld+json\" class=\"yoast-schema-graph\">{\"@context\":\"https:\/\/schema.org\",\"@graph\":[{\"@type\":\"WebPage\",\"@id\":\"https:\/\/www.lighthand.eu\/privacy-policy-2\/\",\"url\":\"https:\/\/www.lighthand.eu\/privacy-policy-2\/\",\"name\":\"Polityka Prywatno\u015bci - Sawka Light Hand&reg;\",\"isPartOf\":{\"@id\":\"https:\/\/www.lighthand.eu\/#website\"},\"primaryImageOfPage\":{\"@id\":\"https:\/\/www.lighthand.eu\/privacy-policy-2\/#primaryimage\"},\"image\":{\"@id\":\"https:\/\/www.lighthand.eu\/privacy-policy-2\/#primaryimage\"},\"thumbnailUrl\":\"https:\/\/www.lighthand.eu\/wp-content\/uploads\/2019\/10\/AB7A9598-scaled.jpg\",\"datePublished\":\"2019-10-12T08:33:37+00:00\",\"dateModified\":\"2020-11-12T12:22:10+00:00\",\"breadcrumb\":{\"@id\":\"https:\/\/www.lighthand.eu\/privacy-policy-2\/#breadcrumb\"},\"inLanguage\":\"es\",\"potentialAction\":[{\"@type\":\"ReadAction\",\"target\":[\"https:\/\/www.lighthand.eu\/privacy-policy-2\/\"]}]},{\"@type\":\"ImageObject\",\"inLanguage\":\"es\",\"@id\":\"https:\/\/www.lighthand.eu\/privacy-policy-2\/#primaryimage\",\"url\":\"https:\/\/www.lighthand.eu\/wp-content\/uploads\/2019\/10\/AB7A9598-scaled.jpg\",\"contentUrl\":\"https:\/\/www.lighthand.eu\/wp-content\/uploads\/2019\/10\/AB7A9598-scaled.jpg\",\"width\":2560,\"height\":1707},{\"@type\":\"BreadcrumbList\",\"@id\":\"https:\/\/www.lighthand.eu\/privacy-policy-2\/#breadcrumb\",\"itemListElement\":[{\"@type\":\"ListItem\",\"position\":1,\"name\":\"Home\",\"item\":\"https:\/\/www.lighthand.eu\/pl\/\"},{\"@type\":\"ListItem\",\"position\":2,\"name\":\"Polityka Prywatno\u015bci\"}]},{\"@type\":\"WebSite\",\"@id\":\"https:\/\/www.lighthand.eu\/#website\",\"url\":\"https:\/\/www.lighthand.eu\/\",\"name\":\"Sawka Light Hand&reg;\",\"description\":\"Rein Aid\",\"potentialAction\":[{\"@type\":\"SearchAction\",\"target\":{\"@type\":\"EntryPoint\",\"urlTemplate\":\"https:\/\/www.lighthand.eu\/?s={search_term_string}\"},\"query-input\":{\"@type\":\"PropertyValueSpecification\",\"valueRequired\":true,\"valueName\":\"search_term_string\"}}],\"inLanguage\":\"es\"}]}<\/script>\n<!-- \/ Yoast SEO plugin. -->","yoast_head_json":{"title":"Polityka Prywatno\u015bci - Sawka Light Hand&reg;","robots":{"index":"index","follow":"follow","max-snippet":"max-snippet:-1","max-image-preview":"max-image-preview:large","max-video-preview":"max-video-preview:-1"},"canonical":"https:\/\/www.lighthand.eu\/es\/privacy-policy-2\/","og_locale":"es_ES","og_type":"article","og_title":"Polityka Prywatno\u015bci - Sawka Light Hand&reg;","og_description":"Niniejsza Polityka prywatno\u015bci okre\u015bla zasady pobierania i gromadzenia oraz przetwarzania i wykorzystywania danych osobowych pozyskanych od Pa\u0144stwa przez 4Horses Consulting Mateusz Gieryn, Holendry Baranowskie 71A, 96-314 Baran\u00f3w, nip 784 235 02 76, b\u0119d\u0105cego Administratorem strony www.lighthand.eu (zwany dalej Administratorem) Administrator dok\u0142ada wszelkich stara\u0144 w celu zapewnienia poszanowania Pa\u0144stwa prywatno\u015bci i ochrony udzielonych informacji osobowych oraz [&hellip;]","og_url":"https:\/\/www.lighthand.eu\/es\/privacy-policy-2\/","og_site_name":"Sawka Light Hand&reg;","article_modified_time":"2020-11-12T12:22:10+00:00","og_image":[{"width":2560,"height":1707,"url":"https:\/\/www.lighthand.eu\/wp-content\/uploads\/2019\/10\/AB7A9598-scaled.jpg","type":"image\/jpeg"}],"twitter_card":"summary_large_image","twitter_misc":{"Tiempo de lectura":"8 minutos"},"schema":{"@context":"https:\/\/schema.org","@graph":[{"@type":"WebPage","@id":"https:\/\/www.lighthand.eu\/privacy-policy-2\/","url":"https:\/\/www.lighthand.eu\/privacy-policy-2\/","name":"Polityka Prywatno\u015bci - Sawka Light Hand&reg;","isPartOf":{"@id":"https:\/\/www.lighthand.eu\/#website"},"primaryImageOfPage":{"@id":"https:\/\/www.lighthand.eu\/privacy-policy-2\/#primaryimage"},"image":{"@id":"https:\/\/www.lighthand.eu\/privacy-policy-2\/#primaryimage"},"thumbnailUrl":"https:\/\/www.lighthand.eu\/wp-content\/uploads\/2019\/10\/AB7A9598-scaled.jpg","datePublished":"2019-10-12T08:33:37+00:00","dateModified":"2020-11-12T12:22:10+00:00","breadcrumb":{"@id":"https:\/\/www.lighthand.eu\/privacy-policy-2\/#breadcrumb"},"inLanguage":"es","potentialAction":[{"@type":"ReadAction","target":["https:\/\/www.lighthand.eu\/privacy-policy-2\/"]}]},{"@type":"ImageObject","inLanguage":"es","@id":"https:\/\/www.lighthand.eu\/privacy-policy-2\/#primaryimage","url":"https:\/\/www.lighthand.eu\/wp-content\/uploads\/2019\/10\/AB7A9598-scaled.jpg","contentUrl":"https:\/\/www.lighthand.eu\/wp-content\/uploads\/2019\/10\/AB7A9598-scaled.jpg","width":2560,"height":1707},{"@type":"BreadcrumbList","@id":"https:\/\/www.lighthand.eu\/privacy-policy-2\/#breadcrumb","itemListElement":[{"@type":"ListItem","position":1,"name":"Home","item":"https:\/\/www.lighthand.eu\/pl\/"},{"@type":"ListItem","position":2,"name":"Polityka Prywatno\u015bci"}]},{"@type":"WebSite","@id":"https:\/\/www.lighthand.eu\/#website","url":"https:\/\/www.lighthand.eu\/","name":"Sawka Light Hand&reg;","description":"Rein Aid","potentialAction":[{"@type":"SearchAction","target":{"@type":"EntryPoint","urlTemplate":"https:\/\/www.lighthand.eu\/?s={search_term_string}"},"query-input":{"@type":"PropertyValueSpecification","valueRequired":true,"valueName":"search_term_string"}}],"inLanguage":"es"}]}},"_links":{"self":[{"href":"https:\/\/www.lighthand.eu\/es\/wp-json\/wp\/v2\/pages\/541","targetHints":{"allow":["GET"]}}],"collection":[{"href":"https:\/\/www.lighthand.eu\/es\/wp-json\/wp\/v2\/pages"}],"about":[{"href":"https:\/\/www.lighthand.eu\/es\/wp-json\/wp\/v2\/types\/page"}],"author":[{"embeddable":true,"href":"https:\/\/www.lighthand.eu\/es\/wp-json\/wp\/v2\/users\/1"}],"replies":[{"embeddable":true,"href":"https:\/\/www.lighthand.eu\/es\/wp-json\/wp\/v2\/comments?post=541"}],"version-history":[{"count":20,"href":"https:\/\/www.lighthand.eu\/es\/wp-json\/wp\/v2\/pages\/541\/revisions"}],"predecessor-version":[{"id":2909,"href":"https:\/\/www.lighthand.eu\/es\/wp-json\/wp\/v2\/pages\/541\/revisions\/2909"}],"wp:featuredmedia":[{"embeddable":true,"href":"https:\/\/www.lighthand.eu\/es\/wp-json\/wp\/v2\/media\/548"}],"wp:attachment":[{"href":"https:\/\/www.lighthand.eu\/es\/wp-json\/wp\/v2\/media?parent=541"}],"curies":[{"name":"wp","href":"https:\/\/api.w.org\/{rel}","templated":true}]}}