{"id":867,"date":"2020-11-09T16:04:18","date_gmt":"2020-11-09T16:04:18","guid":{"rendered":"http:\/\/www.lighthand.eu\/product\/import-placeholder-for-475\/"},"modified":"2025-12-20T13:31:35","modified_gmt":"2025-12-20T13:31:35","slug":"amortyzator-wodzy-sawka-light-hand","status":"publish","type":"product","link":"https:\/\/www.lighthand.eu\/es\/producto\/amortiguador-de-rienda-de-mano-ligera-sawka\/","title":{"rendered":"Sawka Light Hand"},"content":{"rendered":"<div data-elementor-type=\"product-post\" data-elementor-id=\"867\" class=\"elementor elementor-867\" data-elementor-post-type=\"product\">\n\t\t\t\t\t\t<section class=\"elementor-section elementor-top-section elementor-element elementor-element-5c936495 elementor-section-boxed elementor-section-height-default elementor-section-height-default\" data-id=\"5c936495\" data-element_type=\"section\">\n\t\t\t\t\t\t<div class=\"elementor-container elementor-column-gap-default\">\n\t\t\t\t\t<div class=\"elementor-column elementor-col-50 elementor-top-column elementor-element elementor-element-67d83495\" data-id=\"67d83495\" data-element_type=\"column\">\n\t\t\t<div class=\"elementor-widget-wrap elementor-element-populated\">\n\t\t\t\t\t\t<div class=\"elementor-element elementor-element-3d3d0ef7 elementor-widget elementor-widget-table-of-contents\" data-id=\"3d3d0ef7\" data-element_type=\"widget\" data-settings=\"{&quot;container&quot;:&quot;main&quot;,&quot;exclude_headings_by_selector&quot;:[],&quot;marker_view&quot;:&quot;bullets&quot;,&quot;icon&quot;:{&quot;value&quot;:&quot;&quot;,&quot;library&quot;:&quot;&quot;},&quot;headings_by_tags&quot;:[&quot;h3&quot;,&quot;h4&quot;],&quot;sticky&quot;:&quot;top&quot;,&quot;sticky_on&quot;:[&quot;desktop&quot;],&quot;sticky_offset&quot;:110,&quot;sticky_parent&quot;:&quot;yes&quot;,&quot;no_headings_message&quot;:&quot;No headings were found on this page.&quot;,&quot;hierarchical_view&quot;:&quot;yes&quot;,&quot;min_height&quot;:{&quot;unit&quot;:&quot;px&quot;,&quot;size&quot;:&quot;&quot;,&quot;sizes&quot;:[]},&quot;min_height_tablet&quot;:{&quot;unit&quot;:&quot;px&quot;,&quot;size&quot;:&quot;&quot;,&quot;sizes&quot;:[]},&quot;min_height_mobile&quot;:{&quot;unit&quot;:&quot;px&quot;,&quot;size&quot;:&quot;&quot;,&quot;sizes&quot;:[]},&quot;sticky_effects_offset&quot;:0,&quot;sticky_anchor_link_offset&quot;:0}\" data-widget_type=\"table-of-contents.default\">\n\t\t\t\t<div class=\"elementor-widget-container\">\n\t\t\t\t\t\t\t<div class=\"elementor-toc__header\">\n\t\t\t<h5 class=\"elementor-toc__header-title\">\n\t\t\t\tContenido\t\t\t<\/h5>\n\t\t\t\t\t<\/div>\n\t\t<div id=\"elementor-toc__3d3d0ef7\" class=\"elementor-toc__body\">\n\t\t\t<div class=\"elementor-toc__spinner-container\">\n\t\t\t\t<i class=\"elementor-toc__spinner eicon-animation-spin eicon-loading\" aria-hidden=\"true\"><\/i>\t\t\t<\/div>\n\t\t<\/div>\n\t\t\t\t\t\t<\/div>\n\t\t\t\t<\/div>\n\t\t\t\t\t<\/div>\n\t\t<\/div>\n\t\t\t\t<main class=\"elementor-column elementor-col-50 elementor-top-column elementor-element elementor-element-12bb6026\" data-id=\"12bb6026\" data-element_type=\"column\">\n\t\t\t<div class=\"elementor-widget-wrap elementor-element-populated\">\n\t\t\t\t\t\t<div class=\"elementor-element elementor-element-523470a2 elementor-widget__width-initial elementor-widget-mobile__width-initial elementor-widget elementor-widget-text-editor\" data-id=\"523470a2\" data-element_type=\"widget\" data-widget_type=\"text-editor.default\">\n\t\t\t\t<div class=\"elementor-widget-container\">\n\t\t\t\t\t\t\t\t\t<p>&nbsp;<\/p>\n<a id=\"jak-uzywac\"><h3>\u00bfC\u00f3mo se usa?<\/h3>\n<h4>Fijaci\u00f3n<\/h4><\/a>\n<p>Un dispositivo del tama\u00f1o de un mosquet\u00f3n es f\u00e1cil de sujetar al bocado. El clip Sawka Light Hand\u00ae debe sujetarse al anillo del bocado de manera que el logotipo de Sawka Light Hand\u00ae sea visible (el clip est\u00e1 orientado lejos de la boca del caballo). En el otro extremo, sujetamos las riendas.<\/p>\n<p>Se puede usar en cualquier disciplina ecuestre durante el entrenamiento.<\/p>\n<h4>\u00bfC\u00f3mo empezar?<\/h4>\n<p>Simplemente coloque el Sawka Light Hand\u00ae en la rienda y comience su paseo. El Sawka Light Hand\u00ae har\u00e1 el resto, ayudando a su caballo a encontrar una posici\u00f3n c\u00f3moda para \u00e9l.<\/p>\n<p>Al principio, intente evitar los movimientos laterales. Es mejor introducir gradualmente al caballo en el producto, comenzando con el paseo en l\u00edneas rectas y grandes c\u00edrculos. Deber\u00eda sentir una mejora significativa en la ligereza desde la primera sesi\u00f3n de entrenamiento. Tambi\u00e9n puede usar el Sawka Light Hand\u00ae cuando trabaje desde el suelo.<\/p>\n<p>Cuando el caballo se siente bien, comienza el entrenamiento diario como de costumbre, pero esta vez con una nueva sensaci\u00f3n de ligereza.<\/p>\n<p>Sin embargo, le aconsejamos que siempre consulte con su entrenador acerca de cualquier cambio en su rutina de entrenamiento.<\/p>\n<h4>Cabezadas laterales<\/h4>\n<p>Un buen m\u00e9todo para introducir este dispositivo a los caballos es usar cabezadas laterales.<\/p>\n<p>Con las t\u00e9cnicas actualmente utilizadas para trabajar con las cabezadas laterales, no hay anuncio de una barrera final. Si el caballo intenta liberarse de la incomodidad de las cabezadas laterales, el animal reacciona de inmediato al bocado. El trabajo en c\u00edrculos con cabezadas laterales ense\u00f1a al caballo a reconocer las se\u00f1ales que preceden al evento. La inclusi\u00f3n del resorte anuncia de manera consistente la acci\u00f3n del bocado. La acci\u00f3n innovadora del Sawka Light Hand\u00ae hace que el contacto m\u00e1s ligero con el bocado anuncie un contacto m\u00e1s fuerte.<\/p>\n<p>Se deben evitar los filetes demasiado gruesos para desalentar a los caballos de 'apoyarse' en ellos<\/p>\n<h4>Trabajar desde la silla de montar<\/h4>\n<p>Existe un problema al pasar del trabajo con cabezadas laterales al trabajo en la silla de montar: la mano humana no es tan constante como la hebilla y constantemente introduce perturbaciones. Por lo tanto, esta transici\u00f3n siempre elimina el efecto positivo previamente logrado con las cabezadas laterales.<\/p>\n<p>Aqu\u00ed es donde el Sawka Light Hand\u00ae ayuda al proporcionar un margen de seguridad y al eliminar se\u00f1ales no deseadas.<\/p>\n<p>Pronto lanzaremos un programa de entrenamiento completo para ayudarte a maximizar el potencial del Sawka Light Hand\u00ae.<\/p>\n<a id=\"faq\"><h3>Preguntas frecuentes<\/h3><\/a>\n<h4>\u00bfEs el uso del Sawka Light Hand una 'v\u00eda r\u00e1pida'?<\/h4>\n<p>El Sawka Light Hand\u00ae ofrece a jinetes y caballos nuevas formas de comunicarse, lo que no significa que sea el camino f\u00e1cil. El dispositivo muestra al jinete un objetivo a seguir y ayuda al caballo a reconstruir la confianza en la mano.<\/p>\n<p>Quiz\u00e1s usted y su caballo, a pesar de muchos a\u00f1os de entrenamiento, a\u00fan no pueden llevarse completamente bien. Tal vez est\u00e1n cometiendo los mismos errores sin darse cuenta. Lo m\u00e1s dif\u00edcil es salir del camino trillado y dejar de trabajar seg\u00fan patrones que se han aprendido hace mucho tiempo. Esto se aplica tanto a los caballos como a los jinetes.<\/p>\n<p>Hemos escuchado muchas veces: \"Este caballo no mastica el bocado, siempre est\u00e1 tan r\u00edgido, es as\u00ed.\" Luego, adjuntamos el Sawka Light Hand\u00ae al bocado y algo lentamente comenz\u00f3 a cambiar para mejor. Esto lo confirman las opiniones de los usuarios.<\/p>\n<p>Con Sawka Light Hand\u00ae, comunicar\u00e1s m\u00e1s r\u00e1pido y f\u00e1cilmente con tu caballo. El uso de este dispositivo es un medio para un fin, no un fin en s\u00ed mismo.<\/p>\n<h4>\u00bfCu\u00e1l es la diferencia entre el efecto del SLH y el efecto de un el\u00e1stico unido a las riendas?<\/h4>\n<p>En cuanto a la l\u00f3gica de acci\u00f3n, nada. Pero hay un aspecto psicol\u00f3gico importante que marca una gran diferencia. El deporte ecuestre cl\u00e1sico requiere unas riendas simples. Las soluciones con bandas de goma las vuelven voluminosas. Los jinetes intentan inconscientemente apretar las riendas, lo que elimina el efecto de amortiguaci\u00f3n suave. El tope Sawka Light Hand\u00ae es una extensi\u00f3n natural de las riendas y, con su uso, este problema no ocurre. Adem\u00e1s, cuando el dispositivo est\u00e1 completamente extendido, la resistencia es muy clara y se se\u00f1ala con un suave pero audible tintineo de metal contra metal para el caballo.<\/p>\n<p>Otras ventajas del SLH son su s\u00f3lida y est\u00e9tica elaboraci\u00f3n, funcionalidad, facilidad de instalaci\u00f3n y versatilidad.<\/p>\n<h4>\u00bfPermite Sawka Light Hand\u00ae un mejor \"contacto\" con la boca del caballo?<\/h4>\n<div>\n<p>Definitivamente s\u00ed. El dispositivo te permite seguir los movimientos del caballo de manera m\u00e1s suave y, por lo tanto, lograr un mejor contacto sin interrupciones.<\/p>\n<\/div>\n<div><\/div>\n<h4>Si el dispositivo se estira 3 cm, \u00bfya est\u00e1 \"demasiado\" apretado?<\/h4>\n<p>El pist\u00f3n dentro del dispositivo se extiende en el rango de 0 a 3 cm. Se produce un estiramiento m\u00ednimo cuando una mano suelta se cierra sobre las riendas. El estiramiento m\u00e1ximo es cuando el jinete retira claramente la mano o el caballo presiona el bocado.<\/p>\n<p>Cada caballo es diferente, es imposible determinar claramente qu\u00e9 es una acci\u00f3n demasiado ligera y qu\u00e9 es demasiado fuerte sin mirar un caso concreto. A la hora de trabajar con cualquier caballo, recuerda que el objetivo final es conseguir suavidad y ligereza en el movimiento y el contacto.<\/p>\n<p>La extensi\u00f3n m\u00e1xima es una se\u00f1al de que Sawka Light Hand\u00ae est\u00e1 cambiando al modo de funcionamiento de una rienda normal. Antes de que los caballos comprendan la esencia de este simp\u00e1tico dispositivo, estirar\u00e1n el resorte tanto como sea posible. Necesitan hacer esto para saber d\u00f3nde termina la l\u00ednea de comodidad.<\/p>\n<h4>\u00bfQu\u00e9 tan r\u00e1pido se &quot;encuentra&quot; el caballo trabajando con este dispositivo?<\/h4>\n<p>La mayor\u00eda de los caballos notan una mejora significativa en los primeros minutos de montar. El caballo responde autom\u00e1ticamente a una mejora en la calidad del contacto, del mismo modo que responde inmediatamente a una mejora en el asiento o la relajaci\u00f3n del jinete.<\/p>\n<p>La excepci\u00f3n son los caballos que han perdido la confianza en la mano del jinete. Esto sucede cuando un caballo es manipulado incorrectamente durante mucho tiempo, afectando a menudo a los caballos recreativos. Necesitan m\u00e1s tiempo para reconstruir la confianza. Estos caballos simplemente buscan persistentemente experiencias que conocen de su pr\u00e1ctica de vida anterior.<\/p>\n<div><\/div>\n<h4>\u00bfCu\u00e1nto pesa el dispositivo? \u00bfSu peso puede molestar al caballo?<\/h4>\n<p>Sawka Light Hand pesa aproximadamente 150 g.<\/p>\n<p>Cuando las riendas est\u00e1n tensas, son una extensi\u00f3n entre la mano del jinete y la boca del caballo. Cuando las riendas est\u00e1n sueltas, cuelga libremente y no molesta al caballo. El funcionamiento de Sawka Light Hand\u00ae depende de la acci\u00f3n de la mano. Cuando las riendas est\u00e1n sueltas y la mano pasiva, el dispositivo no ejerce una presi\u00f3n significativa en las comisuras de la boca del caballo.<\/p>\n<h4>\u00bfEl caballo permanecer\u00e1 en contacto por m\u00e1s tiempo gracias a Light Hand?<\/h4>\n<p>Sawka Light Hand\u00ae elimina las vibraciones de las riendas y los movimientos accidentales de la mano del jinete. Hace que sea m\u00e1s f\u00e1cil para el caballo mantenerse conectado.<br>\n<span style=\"color: var( --e-global-color-text );\">Los problemas de contacto pueden originarse en otra parte. Debes asegurarte de que el caballo no sienta ning\u00fan dolor, que la silla le quede bien y que acepte el tipo de brida seleccionado.<\/span><\/p>\n<h4>\u00bfCu\u00e1l es la durabilidad del dispositivo?<\/h4>\n<p>Si el Sawka Light Hand se utiliza seg\u00fan lo previsto, es muy duradero. El producto est\u00e1 cubierto por una garant\u00eda de dos a\u00f1os. Se deben evitar las curvaturas laterales ya que no es resistente a la flexi\u00f3n en este plano.<a id=\"konserwacja\"><a id=\"konserwacja\"><\/a><br>\n<a><\/a><\/p><a><\/a>\n<h4>Mantenimiento \u2013 \u00bfC\u00f3mo cuidar el dispositivo?<\/h4>\n<\/a><p><a><br><\/a>\nRecomendamos lubricar el pist\u00f3n de la pinza cada seis meses. Es una buena costumbre lavar el dispositivo con agua limpia despu\u00e9s de cada uso.<\/p>\n<h4>Certificados y seguridad<\/h4>\n<p>El producto est\u00e1 fabricado con materiales inofensivos. Los certificados de seguridad est\u00e1n disponibles bajo petici\u00f3n.<a id=\"warunki-gwarancji\"><\/a><\/p>\n<p><a><\/a><\/p><a><\/a>\n<h4>Garant\u00eda<\/h4>\n<\/a><p><a><\/a><br>\nEl fabricante ofrece una garant\u00eda de dos a\u00f1os para el dispositivo. La garant\u00eda no se otorga si el producto se utiliza de manera inconsistente con las instrucciones. El fabricante no es responsable del uso inadecuado de Sawka Light Hand\u00ae.<\/p>\t\t\t\t\t\t\t\t<\/div>\n\t\t\t\t<\/div>\n\t\t\t\t\t<\/div>\n\t\t<\/main>\n\t\t\t\t\t<\/div>\n\t\t<\/section>\n\t\t\t\t<\/div>","protected":false},"excerpt":{"rendered":"<p>El dispositivo act\u00faa como un amortiguador de riendas.<br \/>\nEl resorte en el medio de la manga se estira en un rango de 0-3 cm. Proporcionando un margen de seguridad, elimina se\u00f1ales no deseadas y deja al caballo un espacio donde puede mover su cabeza o cuello para buscar una posici\u00f3n c\u00f3moda.<br \/>\nEl kit incluye dos ayudas (derecha e izquierda).<\/p>","protected":false},"featured_media":868,"template":"","meta":[],"product_brand":[],"product_cat":[49],"product_tag":[],"class_list":{"0":"post-867","1":"product","2":"type-product","3":"status-publish","4":"has-post-thumbnail","6":"product_cat-uncategorized","8":"first","9":"outofstock","10":"taxable","11":"shipping-taxable","12":"purchasable","13":"product-type-simple"},"yoast_head":"<!-- This site is optimized with the Yoast SEO plugin v24.9 - https:\/\/yoast.com\/wordpress\/plugins\/seo\/ -->\n<title>Amortyzator wodzy Sawka Light Hand - Sawka Light Hand&reg;<\/title>\n<meta name=\"robots\" content=\"index, follow, max-snippet:-1, max-image-preview:large, max-video-preview:-1\" \/>\n<link rel=\"canonical\" href=\"https:\/\/www.lighthand.eu\/es\/producto\/amortiguador-de-rienda-de-mano-ligera-sawka\/\" \/>\n<meta property=\"og:locale\" content=\"es_ES\" \/>\n<meta property=\"og:type\" content=\"article\" \/>\n<meta property=\"og:title\" content=\"Amortyzator wodzy Sawka Light Hand - Sawka Light Hand&reg;\" \/>\n<meta property=\"og:description\" content=\"Urz\u0105dzenie dzia\u0142a jak amortyzator wodzy. Znajduj\u0105ca si\u0119 w \u015brodku tulei spr\u0119\u017cyna rozci\u0105ga si\u0119 w zakresie 0-3 cm. Zapewniaj\u0105c margines bezpiecze\u0144stwa eliminuje niezamierzone dzia\u0142anie wodzy oraz pozostawia koniowi przestrze\u0144, w kt\u00f3rej mo\u017ce poruszy\u0107 g\u0142ow\u0105 lub szyj\u0105 szukaj\u0105c komfortowego dla siebie ustawienia. Zestaw zawiera dwa amortyzatory (prawy i lewy).\" \/>\n<meta property=\"og:url\" content=\"https:\/\/www.lighthand.eu\/es\/producto\/amortiguador-de-rienda-de-mano-ligera-sawka\/\" \/>\n<meta property=\"og:site_name\" content=\"Sawka Light Hand&reg;\" \/>\n<meta property=\"article:modified_time\" content=\"2025-12-20T13:31:35+00:00\" \/>\n<meta property=\"og:image\" content=\"https:\/\/www.lighthand.eu\/wp-content\/uploads\/2020\/11\/Grey-Sawka-Light-Hand-2-2-1.jpg\" \/>\n\t<meta property=\"og:image:width\" content=\"2000\" \/>\n\t<meta property=\"og:image:height\" content=\"1629\" \/>\n\t<meta property=\"og:image:type\" content=\"image\/jpeg\" \/>\n<meta name=\"twitter:card\" content=\"summary_large_image\" \/>\n<meta name=\"twitter:label1\" content=\"Tiempo de lectura\" \/>\n\t<meta name=\"twitter:data1\" content=\"7 minutos\" \/>\n<script type=\"application\/ld+json\" class=\"yoast-schema-graph\">{\"@context\":\"https:\/\/schema.org\",\"@graph\":[{\"@type\":\"WebPage\",\"@id\":\"https:\/\/www.lighthand.eu\/product\/amortyzator-wodzy-sawka-light-hand\/\",\"url\":\"https:\/\/www.lighthand.eu\/product\/amortyzator-wodzy-sawka-light-hand\/\",\"name\":\"Amortyzator wodzy Sawka Light Hand - Sawka Light Hand&reg;\",\"isPartOf\":{\"@id\":\"https:\/\/www.lighthand.eu\/#website\"},\"primaryImageOfPage\":{\"@id\":\"https:\/\/www.lighthand.eu\/product\/amortyzator-wodzy-sawka-light-hand\/#primaryimage\"},\"image\":{\"@id\":\"https:\/\/www.lighthand.eu\/product\/amortyzator-wodzy-sawka-light-hand\/#primaryimage\"},\"thumbnailUrl\":\"https:\/\/www.lighthand.eu\/wp-content\/uploads\/2020\/11\/Grey-Sawka-Light-Hand-2-2-1.jpg\",\"datePublished\":\"2020-11-09T16:04:18+00:00\",\"dateModified\":\"2025-12-20T13:31:35+00:00\",\"breadcrumb\":{\"@id\":\"https:\/\/www.lighthand.eu\/product\/amortyzator-wodzy-sawka-light-hand\/#breadcrumb\"},\"inLanguage\":\"es\",\"potentialAction\":[{\"@type\":\"ReadAction\",\"target\":[\"https:\/\/www.lighthand.eu\/product\/amortyzator-wodzy-sawka-light-hand\/\"]}]},{\"@type\":\"ImageObject\",\"inLanguage\":\"es\",\"@id\":\"https:\/\/www.lighthand.eu\/product\/amortyzator-wodzy-sawka-light-hand\/#primaryimage\",\"url\":\"https:\/\/www.lighthand.eu\/wp-content\/uploads\/2020\/11\/Grey-Sawka-Light-Hand-2-2-1.jpg\",\"contentUrl\":\"https:\/\/www.lighthand.eu\/wp-content\/uploads\/2020\/11\/Grey-Sawka-Light-Hand-2-2-1.jpg\",\"width\":2000,\"height\":1629},{\"@type\":\"BreadcrumbList\",\"@id\":\"https:\/\/www.lighthand.eu\/product\/amortyzator-wodzy-sawka-light-hand\/#breadcrumb\",\"itemListElement\":[{\"@type\":\"ListItem\",\"position\":1,\"name\":\"Home\",\"item\":\"https:\/\/www.lighthand.eu\/pl\/\"},{\"@type\":\"ListItem\",\"position\":2,\"name\":\"Shop\",\"item\":\"https:\/\/www.lighthand.eu\/shop\/\"},{\"@type\":\"ListItem\",\"position\":3,\"name\":\"Amortyzator wodzy Sawka Light Hand\"}]},{\"@type\":\"WebSite\",\"@id\":\"https:\/\/www.lighthand.eu\/#website\",\"url\":\"https:\/\/www.lighthand.eu\/\",\"name\":\"Sawka Light Hand&reg;\",\"description\":\"Rein Aid\",\"potentialAction\":[{\"@type\":\"SearchAction\",\"target\":{\"@type\":\"EntryPoint\",\"urlTemplate\":\"https:\/\/www.lighthand.eu\/?s={search_term_string}\"},\"query-input\":{\"@type\":\"PropertyValueSpecification\",\"valueRequired\":true,\"valueName\":\"search_term_string\"}}],\"inLanguage\":\"es\"}]}<\/script>\n<!-- \/ Yoast SEO plugin. -->","yoast_head_json":{"title":"Amortyzator wodzy Sawka Light Hand - Sawka Light Hand&reg;","robots":{"index":"index","follow":"follow","max-snippet":"max-snippet:-1","max-image-preview":"max-image-preview:large","max-video-preview":"max-video-preview:-1"},"canonical":"https:\/\/www.lighthand.eu\/es\/producto\/amortiguador-de-rienda-de-mano-ligera-sawka\/","og_locale":"es_ES","og_type":"article","og_title":"Amortyzator wodzy Sawka Light Hand - Sawka Light Hand&reg;","og_description":"Urz\u0105dzenie dzia\u0142a jak amortyzator wodzy. Znajduj\u0105ca si\u0119 w \u015brodku tulei spr\u0119\u017cyna rozci\u0105ga si\u0119 w zakresie 0-3 cm. Zapewniaj\u0105c margines bezpiecze\u0144stwa eliminuje niezamierzone dzia\u0142anie wodzy oraz pozostawia koniowi przestrze\u0144, w kt\u00f3rej mo\u017ce poruszy\u0107 g\u0142ow\u0105 lub szyj\u0105 szukaj\u0105c komfortowego dla siebie ustawienia. Zestaw zawiera dwa amortyzatory (prawy i lewy).","og_url":"https:\/\/www.lighthand.eu\/es\/producto\/amortiguador-de-rienda-de-mano-ligera-sawka\/","og_site_name":"Sawka Light Hand&reg;","article_modified_time":"2025-12-20T13:31:35+00:00","og_image":[{"width":2000,"height":1629,"url":"https:\/\/www.lighthand.eu\/wp-content\/uploads\/2020\/11\/Grey-Sawka-Light-Hand-2-2-1.jpg","type":"image\/jpeg"}],"twitter_card":"summary_large_image","twitter_misc":{"Tiempo de lectura":"7 minutos"},"schema":{"@context":"https:\/\/schema.org","@graph":[{"@type":"WebPage","@id":"https:\/\/www.lighthand.eu\/product\/amortyzator-wodzy-sawka-light-hand\/","url":"https:\/\/www.lighthand.eu\/product\/amortyzator-wodzy-sawka-light-hand\/","name":"Amortyzator wodzy Sawka Light Hand - Sawka Light Hand&reg;","isPartOf":{"@id":"https:\/\/www.lighthand.eu\/#website"},"primaryImageOfPage":{"@id":"https:\/\/www.lighthand.eu\/product\/amortyzator-wodzy-sawka-light-hand\/#primaryimage"},"image":{"@id":"https:\/\/www.lighthand.eu\/product\/amortyzator-wodzy-sawka-light-hand\/#primaryimage"},"thumbnailUrl":"https:\/\/www.lighthand.eu\/wp-content\/uploads\/2020\/11\/Grey-Sawka-Light-Hand-2-2-1.jpg","datePublished":"2020-11-09T16:04:18+00:00","dateModified":"2025-12-20T13:31:35+00:00","breadcrumb":{"@id":"https:\/\/www.lighthand.eu\/product\/amortyzator-wodzy-sawka-light-hand\/#breadcrumb"},"inLanguage":"es","potentialAction":[{"@type":"ReadAction","target":["https:\/\/www.lighthand.eu\/product\/amortyzator-wodzy-sawka-light-hand\/"]}]},{"@type":"ImageObject","inLanguage":"es","@id":"https:\/\/www.lighthand.eu\/product\/amortyzator-wodzy-sawka-light-hand\/#primaryimage","url":"https:\/\/www.lighthand.eu\/wp-content\/uploads\/2020\/11\/Grey-Sawka-Light-Hand-2-2-1.jpg","contentUrl":"https:\/\/www.lighthand.eu\/wp-content\/uploads\/2020\/11\/Grey-Sawka-Light-Hand-2-2-1.jpg","width":2000,"height":1629},{"@type":"BreadcrumbList","@id":"https:\/\/www.lighthand.eu\/product\/amortyzator-wodzy-sawka-light-hand\/#breadcrumb","itemListElement":[{"@type":"ListItem","position":1,"name":"Home","item":"https:\/\/www.lighthand.eu\/pl\/"},{"@type":"ListItem","position":2,"name":"Shop","item":"https:\/\/www.lighthand.eu\/shop\/"},{"@type":"ListItem","position":3,"name":"Amortyzator wodzy Sawka Light Hand"}]},{"@type":"WebSite","@id":"https:\/\/www.lighthand.eu\/#website","url":"https:\/\/www.lighthand.eu\/","name":"Sawka Light Hand&reg;","description":"Rein Aid","potentialAction":[{"@type":"SearchAction","target":{"@type":"EntryPoint","urlTemplate":"https:\/\/www.lighthand.eu\/?s={search_term_string}"},"query-input":{"@type":"PropertyValueSpecification","valueRequired":true,"valueName":"search_term_string"}}],"inLanguage":"es"}]}},"_links":{"self":[{"href":"https:\/\/www.lighthand.eu\/es\/wp-json\/wp\/v2\/product\/867","targetHints":{"allow":["GET"]}}],"collection":[{"href":"https:\/\/www.lighthand.eu\/es\/wp-json\/wp\/v2\/product"}],"about":[{"href":"https:\/\/www.lighthand.eu\/es\/wp-json\/wp\/v2\/types\/product"}],"version-history":[{"count":52,"href":"https:\/\/www.lighthand.eu\/es\/wp-json\/wp\/v2\/product\/867\/revisions"}],"predecessor-version":[{"id":2346,"href":"https:\/\/www.lighthand.eu\/es\/wp-json\/wp\/v2\/product\/867\/revisions\/2346"}],"wp:featuredmedia":[{"embeddable":true,"href":"https:\/\/www.lighthand.eu\/es\/wp-json\/wp\/v2\/media\/868"}],"wp:attachment":[{"href":"https:\/\/www.lighthand.eu\/es\/wp-json\/wp\/v2\/media?parent=867"}],"wp:term":[{"taxonomy":"product_brand","embeddable":true,"href":"https:\/\/www.lighthand.eu\/es\/wp-json\/wp\/v2\/product_brand?post=867"},{"taxonomy":"product_cat","embeddable":true,"href":"https:\/\/www.lighthand.eu\/es\/wp-json\/wp\/v2\/product_cat?post=867"},{"taxonomy":"product_tag","embeddable":true,"href":"https:\/\/www.lighthand.eu\/es\/wp-json\/wp\/v2\/product_tag?post=867"}],"curies":[{"name":"wp","href":"https:\/\/api.w.org\/{rel}","templated":true}]}}