{"id":1291,"date":"2020-12-11T19:59:51","date_gmt":"2020-12-11T19:59:51","guid":{"rendered":"https:\/\/www.lighthand.eu\/?page_id=1291"},"modified":"2021-01-27T21:59:43","modified_gmt":"2021-01-27T21:59:43","slug":"o-nas","status":"publish","type":"page","link":"https:\/\/www.lighthand.eu\/fr\/o-nas\/","title":{"rendered":"Qui sommes-nous"},"content":{"rendered":"<div data-elementor-type=\"wp-page\" data-elementor-id=\"1291\" class=\"elementor elementor-1291\" data-elementor-post-type=\"page\">\n\t\t\t\t\t\t<section class=\"elementor-section elementor-top-section elementor-element elementor-element-248d2c4 elementor-section-height-min-height elementor-section-content-middle elementor-reverse-mobile elementor-section-items-bottom elementor-section-boxed elementor-section-height-default\" data-id=\"248d2c4\" data-element_type=\"section\" data-settings=\"{&quot;background_background&quot;:&quot;classic&quot;}\">\n\t\t\t\t\t\t\t<div class=\"elementor-background-overlay\"><\/div>\n\t\t\t\t\t\t\t<div class=\"elementor-container elementor-column-gap-no\">\n\t\t\t\t\t<div class=\"elementor-column elementor-col-50 elementor-top-column elementor-element elementor-element-aef6df4\" data-id=\"aef6df4\" data-element_type=\"column\">\n\t\t\t<div class=\"elementor-widget-wrap elementor-element-populated\">\n\t\t\t\t\t\t<div class=\"elementor-element elementor-element-95cf611 elementor-widget elementor-widget-heading\" data-id=\"95cf611\" data-element_type=\"widget\" data-widget_type=\"heading.default\">\n\t\t\t\t<div class=\"elementor-widget-container\">\n\t\t\t\t\t<h1 class=\"elementor-heading-title elementor-size-default\">Qui sommes-nous<\/h1>\t\t\t\t<\/div>\n\t\t\t\t<\/div>\n\t\t\t\t\t<\/div>\n\t\t<\/div>\n\t\t\t\t<div class=\"elementor-column elementor-col-50 elementor-top-column elementor-element elementor-element-4eee9cf\" data-id=\"4eee9cf\" data-element_type=\"column\">\n\t\t\t<div class=\"elementor-widget-wrap\">\n\t\t\t\t\t\t\t<\/div>\n\t\t<\/div>\n\t\t\t\t\t<\/div>\n\t\t<\/section>\n\t\t\t\t<section class=\"elementor-section elementor-top-section elementor-element elementor-element-96de046 elementor-section-height-min-height elementor-section-boxed elementor-section-height-default elementor-section-items-middle\" data-id=\"96de046\" data-element_type=\"section\" data-settings=\"{&quot;background_background&quot;:&quot;classic&quot;}\">\n\t\t\t\t\t\t<div class=\"elementor-container elementor-column-gap-default\">\n\t\t\t\t\t<div class=\"elementor-column elementor-col-100 elementor-top-column elementor-element elementor-element-a94293b\" data-id=\"a94293b\" data-element_type=\"column\">\n\t\t\t<div class=\"elementor-widget-wrap elementor-element-populated\">\n\t\t\t\t\t\t<div class=\"elementor-element elementor-element-1ee5911 elementor-widget elementor-widget-text-editor\" data-id=\"1ee5911\" data-element_type=\"widget\" data-widget_type=\"text-editor.default\">\n\t\t\t\t<div class=\"elementor-widget-container\">\n\t\t\t\t\t\t\t\t\t<p>Jerzy Sawka,<br>directeur de l&#039;hippodrome de Wroc\u0142aw - Partynice<\/p>\t\t\t\t\t\t\t\t<\/div>\n\t\t\t\t<\/div>\n\t\t\t\t<div class=\"elementor-element elementor-element-f8fa0f8 elementor-widget elementor-widget-text-editor\" data-id=\"f8fa0f8\" data-element_type=\"widget\" data-widget_type=\"text-editor.default\">\n\t\t\t\t<div class=\"elementor-widget-container\">\n\t\t\t\t\t\t\t\t\t<p>Au milieu des ann\u00e9es 1980, j&#039;ai eu l&#039;id\u00e9e d&#039;\u00e9liminer les secousses manuelles non qualifi\u00e9es qui nuisent \u00e0 l&#039;entra\u00eenement des chevaux. Je me suis inspir\u00e9 de Krzysztof Skorupski, aupr\u00e8s duquel j&#039;ai obtenu mon brevet de moniteur de loisirs \u00e9questres. Il m&#039;a appris \u00e0 respecter la bouche d&#039;un cheval. Dans les \u00e9coles du Club d&#039;\u00e9quitation acad\u00e9mique de Wroc\u0142aw, que je dirigeais, les \u00e9l\u00e8ves avaient des r\u00eanes faites d&#039;une gerbe de ficelle attach\u00e9e au mors avec un \u00e9lastique provenant d&#039;une chambre \u00e0 air de v\u00e9lo.&nbsp;<\/p>\n<p>Apr\u00e8s plus de trente ans en tant que directeur de l&#039;hippodrome de Wroc\u0142aw - Partynice, je suis revenu \u00e0 mon ancienne id\u00e9e. Il y a encore des ressorts, des \u00e9lastiques, des tubes en plastique, des cadenas de toutes sortes, des cannes \u00e0 p\u00eache et des permis de navigation qui tra\u00eenent sur le rebord de la fen\u00eatre et sur le bureau de mon bureau.<\/p>\n<p><span style=\"color: var( --e-global-color-text );\">Jusqu&#039;au jour o\u00f9 une id\u00e9e m&#039;est venue : il fallait que ce soit un appareil simple, solide et compatible avec le mat\u00e9riel \u00e9questre utilis\u00e9. Et c&#039;est ainsi que j&#039;ai trouv\u00e9 Franciszek Pera.<\/span><\/p>\n<p><span style=\"color: var( --e-global-color-text );\">Sawka Light Hand est le r\u00e9sultat final de mes combinaisons.<\/span><\/p>\t\t\t\t\t\t\t\t<\/div>\n\t\t\t\t<\/div>\n\t\t\t\t\t<\/div>\n\t\t<\/div>\n\t\t\t\t\t<\/div>\n\t\t<\/section>\n\t\t\t\t<section class=\"elementor-section elementor-top-section elementor-element elementor-element-48adfa1 elementor-section-full_width elementor-section-height-default elementor-section-height-default\" data-id=\"48adfa1\" data-element_type=\"section\">\n\t\t\t\t\t\t<div class=\"elementor-container elementor-column-gap-default\">\n\t\t\t\t\t<div class=\"elementor-column elementor-col-100 elementor-top-column elementor-element elementor-element-0288423\" data-id=\"0288423\" data-element_type=\"column\" data-settings=\"{&quot;motion_fx_motion_fx_scrolling&quot;:&quot;yes&quot;,&quot;motion_fx_translateX_effect&quot;:&quot;yes&quot;,&quot;motion_fx_translateX_speed&quot;:{&quot;unit&quot;:&quot;px&quot;,&quot;size&quot;:1.6,&quot;sizes&quot;:[]},&quot;motion_fx_translateX_affectedRange&quot;:{&quot;unit&quot;:&quot;%&quot;,&quot;size&quot;:&quot;&quot;,&quot;sizes&quot;:{&quot;start&quot;:0,&quot;end&quot;:48}},&quot;motion_fx_devices&quot;:[&quot;desktop&quot;]}\">\n\t\t\t<div class=\"elementor-widget-wrap elementor-element-populated\">\n\t\t\t\t\t\t<div class=\"elementor-element elementor-element-8150219 elementor-widget elementor-widget-menu-anchor\" data-id=\"8150219\" data-element_type=\"widget\" data-widget_type=\"menu-anchor.default\">\n\t\t\t\t<div class=\"elementor-widget-container\">\n\t\t\t\t\t\t\t<div class=\"elementor-menu-anchor\" id=\"opinie\"><\/div>\n\t\t\t\t\t\t<\/div>\n\t\t\t\t<\/div>\n\t\t\t\t<div class=\"elementor-element elementor-element-52d127a elementor-widget-divider--view-line_text elementor-widget-divider--element-align-left elementor-widget elementor-widget-divider\" data-id=\"52d127a\" data-element_type=\"widget\" data-widget_type=\"divider.default\">\n\t\t\t\t<div class=\"elementor-widget-container\">\n\t\t\t\t\t\t\t<div class=\"elementor-divider\">\n\t\t\t<span class=\"elementor-divider-separator\">\n\t\t\t\t\t\t\t<span class=\"elementor-divider__text elementor-divider__element\">\n\t\t\t\tNotre <b>mission<\/b>\t\t\t\t<\/span>\n\t\t\t\t\t\t<\/span>\n\t\t<\/div>\n\t\t\t\t\t\t<\/div>\n\t\t\t\t<\/div>\n\t\t\t\t\t<\/div>\n\t\t<\/div>\n\t\t\t\t\t<\/div>\n\t\t<\/section>\n\t\t\t\t<section class=\"elementor-section elementor-top-section elementor-element elementor-element-b67b0a2 elementor-section-height-min-height elementor-section-boxed elementor-section-height-default elementor-section-items-middle\" data-id=\"b67b0a2\" data-element_type=\"section\" data-settings=\"{&quot;background_background&quot;:&quot;classic&quot;}\">\n\t\t\t\t\t\t<div class=\"elementor-container elementor-column-gap-default\">\n\t\t\t\t\t<div class=\"elementor-column elementor-col-100 elementor-top-column elementor-element elementor-element-cf46f51\" data-id=\"cf46f51\" data-element_type=\"column\">\n\t\t\t<div class=\"elementor-widget-wrap elementor-element-populated\">\n\t\t\t\t\t\t<div class=\"elementor-element elementor-element-5f43584 elementor-widget elementor-widget-text-editor\" data-id=\"5f43584\" data-element_type=\"widget\" data-widget_type=\"text-editor.default\">\n\t\t\t\t<div class=\"elementor-widget-container\">\n\t\t\t\t\t\t\t\t\tPin Sawka Main L\u00e9g\u00e8re<span style=\"font-size: 15px; vertical-align: super;\">\u00ae<\/span> et vas-y. Lorsque les premiers skis de carving sont apparus, leurs utilisateurs essayaient de les forcer \u00e0 tourner. Ce n&#039;est pas n\u00e9cessaire, car ils s&#039;allument tout seuls. En quelques ann\u00e9es, les skis de carving ont remplac\u00e9 les skis classiques du march\u00e9. Mission de la main l\u00e9g\u00e8re de Sawka<span style=\"font-size: 15px; vertical-align: super;\">\u00ae<\/span> est une utilisation courante pour soulager la douleur dans la bouche des chevaux.\t\t\t\t\t\t\t\t<\/div>\n\t\t\t\t<\/div>\n\t\t\t\t\t<\/div>\n\t\t<\/div>\n\t\t\t\t\t<\/div>\n\t\t<\/section>\n\t\t\t\t<section class=\"elementor-section elementor-top-section elementor-element elementor-element-adfc3e6 elementor-section-full_width elementor-section-height-default elementor-section-height-default\" data-id=\"adfc3e6\" data-element_type=\"section\">\n\t\t\t\t\t\t<div class=\"elementor-container elementor-column-gap-default\">\n\t\t\t\t\t<div class=\"elementor-column elementor-col-100 elementor-top-column elementor-element elementor-element-1ed0b7a\" data-id=\"1ed0b7a\" data-element_type=\"column\" data-settings=\"{&quot;motion_fx_motion_fx_scrolling&quot;:&quot;yes&quot;,&quot;motion_fx_translateX_effect&quot;:&quot;yes&quot;,&quot;motion_fx_translateX_speed&quot;:{&quot;unit&quot;:&quot;px&quot;,&quot;size&quot;:1.6,&quot;sizes&quot;:[]},&quot;motion_fx_translateX_affectedRange&quot;:{&quot;unit&quot;:&quot;%&quot;,&quot;size&quot;:&quot;&quot;,&quot;sizes&quot;:{&quot;start&quot;:0,&quot;end&quot;:48}},&quot;motion_fx_devices&quot;:[&quot;desktop&quot;]}\">\n\t\t\t<div class=\"elementor-widget-wrap elementor-element-populated\">\n\t\t\t\t\t\t<div class=\"elementor-element elementor-element-18ed435 elementor-widget elementor-widget-menu-anchor\" data-id=\"18ed435\" data-element_type=\"widget\" data-widget_type=\"menu-anchor.default\">\n\t\t\t\t<div class=\"elementor-widget-container\">\n\t\t\t\t\t\t\t<div class=\"elementor-menu-anchor\" id=\"dla-jakich-koni\"><\/div>\n\t\t\t\t\t\t<\/div>\n\t\t\t\t<\/div>\n\t\t\t\t<div class=\"elementor-element elementor-element-dcbd89b elementor-widget-divider--view-line_text elementor-widget-divider--element-align-left elementor-widget elementor-widget-divider\" data-id=\"dcbd89b\" data-element_type=\"widget\" data-widget_type=\"divider.default\">\n\t\t\t\t<div class=\"elementor-widget-container\">\n\t\t\t\t\t\t\t<div class=\"elementor-divider\">\n\t\t\t<span class=\"elementor-divider-separator\">\n\t\t\t\t\t\t\t<span class=\"elementor-divider__text elementor-divider__element\">\n\t\t\t\tNotre <b>r\u00e9alisations<\/b>\t\t\t\t<\/span>\n\t\t\t\t\t\t<\/span>\n\t\t<\/div>\n\t\t\t\t\t\t<\/div>\n\t\t\t\t<\/div>\n\t\t\t\t\t<\/div>\n\t\t<\/div>\n\t\t\t\t\t<\/div>\n\t\t<\/section>\n\t\t\t\t<section class=\"elementor-section elementor-top-section elementor-element elementor-element-b4f7058 elementor-section-height-min-height elementor-section-content-top elementor-section-boxed elementor-section-height-default elementor-section-items-middle\" data-id=\"b4f7058\" data-element_type=\"section\" data-settings=\"{&quot;background_background&quot;:&quot;classic&quot;}\">\n\t\t\t\t\t\t<div class=\"elementor-container elementor-column-gap-wide\">\n\t\t\t\t\t<div class=\"elementor-column elementor-col-50 elementor-top-column elementor-element elementor-element-d2ef6bd\" data-id=\"d2ef6bd\" data-element_type=\"column\" data-settings=\"{&quot;background_background&quot;:&quot;classic&quot;}\">\n\t\t\t<div class=\"elementor-widget-wrap elementor-element-populated\">\n\t\t\t\t\t\t<div class=\"elementor-element elementor-element-5f00267 elementor-widget elementor-widget-image\" data-id=\"5f00267\" data-element_type=\"widget\" data-widget_type=\"image.default\">\n\t\t\t\t<div class=\"elementor-widget-container\">\n\t\t\t\t\t\t\t\t\t\t\t\t\t\t\t<img fetchpriority=\"high\" decoding=\"async\" width=\"395\" height=\"384\" src=\"https:\/\/www.lighthand.eu\/wp-content\/uploads\/2020\/11\/wyroznienie.png\" class=\"attachment-full size-full wp-image-1162\" alt=\"\" srcset=\"https:\/\/www.lighthand.eu\/wp-content\/uploads\/2020\/11\/wyroznienie.png 395w, https:\/\/www.lighthand.eu\/wp-content\/uploads\/2020\/11\/wyroznienie-300x292.png 300w\" sizes=\"(max-width: 395px) 100vw, 395px\" \/>\t\t\t\t\t\t\t\t\t\t\t\t\t\t\t<\/div>\n\t\t\t\t<\/div>\n\t\t\t\t<div class=\"elementor-element elementor-element-d12348b elementor-widget elementor-widget-heading\" data-id=\"d12348b\" data-element_type=\"widget\" data-widget_type=\"heading.default\">\n\t\t\t\t<div class=\"elementor-widget-container\">\n\t\t\t\t\t<h4 class=\"elementor-heading-title elementor-size-default\">Spoga comme Oscar<\/h4>\t\t\t\t<\/div>\n\t\t\t\t<\/div>\n\t\t\t\t<div class=\"elementor-element elementor-element-4d73838 elementor-widget elementor-widget-text-editor\" data-id=\"4d73838\" data-element_type=\"widget\" data-widget_type=\"text-editor.default\">\n\t\t\t\t<div class=\"elementor-widget-container\">\n\t\t\t\t\t\t\t\t\tEn 2019, \u00e0 la plus grande foire de l'industrie \u00e9questre au monde \u00e0 Cologne Sawka Light Hand<span style=\"font-size: 11px; vertical-align: super;\">\u00ae<\/span> a \u00e9t\u00e9 nomin\u00e9 dans la cat\u00e9gorie Innovation pour le Produit de l'Ann\u00e9e. C'est l'\u00e9quivalent de la nomination aux Oscars de l'industrie.\t\t\t\t\t\t\t\t<\/div>\n\t\t\t\t<\/div>\n\t\t\t\t\t<\/div>\n\t\t<\/div>\n\t\t\t\t<div class=\"elementor-column elementor-col-50 elementor-top-column elementor-element elementor-element-6f8e5de\" data-id=\"6f8e5de\" data-element_type=\"column\" data-settings=\"{&quot;background_background&quot;:&quot;classic&quot;}\">\n\t\t\t<div class=\"elementor-widget-wrap elementor-element-populated\">\n\t\t\t\t\t\t<div class=\"elementor-element elementor-element-b833f73 elementor-widget elementor-widget-image\" data-id=\"b833f73\" data-element_type=\"widget\" data-widget_type=\"image.default\">\n\t\t\t\t<div class=\"elementor-widget-container\">\n\t\t\t\t\t\t\t\t\t\t\t\t\t\t\t<img decoding=\"async\" width=\"362\" height=\"362\" src=\"https:\/\/www.lighthand.eu\/wp-content\/uploads\/2020\/11\/patent.png\" class=\"attachment-full size-full wp-image-1161\" alt=\"\" srcset=\"https:\/\/www.lighthand.eu\/wp-content\/uploads\/2020\/11\/patent.png 362w, https:\/\/www.lighthand.eu\/wp-content\/uploads\/2020\/11\/patent-300x300.png 300w, https:\/\/www.lighthand.eu\/wp-content\/uploads\/2020\/11\/patent-150x150.png 150w, https:\/\/www.lighthand.eu\/wp-content\/uploads\/2020\/11\/patent-100x100.png 100w\" sizes=\"(max-width: 362px) 100vw, 362px\" \/>\t\t\t\t\t\t\t\t\t\t\t\t\t\t\t<\/div>\n\t\t\t\t<\/div>\n\t\t\t\t<div class=\"elementor-element elementor-element-053817a elementor-widget elementor-widget-heading\" data-id=\"053817a\" data-element_type=\"widget\" data-widget_type=\"heading.default\">\n\t\t\t\t<div class=\"elementor-widget-container\">\n\t\t\t\t\t<h4 class=\"elementor-heading-title elementor-size-default\">Brevet<\/h4>\t\t\t\t<\/div>\n\t\t\t\t<\/div>\n\t\t\t\t<div class=\"elementor-element elementor-element-16a3575 elementor-widget elementor-widget-text-editor\" data-id=\"16a3575\" data-element_type=\"widget\" data-widget_type=\"text-editor.default\">\n\t\t\t\t<div class=\"elementor-widget-container\">\n\t\t\t\t\t\t\t\t\tSawka Light Hand<span style=\"font-size: 11px; vertical-align: super;\">\u00ae<\/span> est titulaire d&#039;un brevet de l&#039;Office des brevets de la R\u00e9publique de Pologne - demande P.425269.\t\t\t\t\t\t\t\t<\/div>\n\t\t\t\t<\/div>\n\t\t\t\t\t<\/div>\n\t\t<\/div>\n\t\t\t\t\t<\/div>\n\t\t<\/section>\n\t\t\t\t<\/div>","protected":false},"excerpt":{"rendered":"<p>O nas Jerzy Sawka,dyrektor Wroc\u0142awskiego Toru Wy\u015bcig\u00f3w Konnych &#8211; Partynice Na pomys\u0142 niwelowania zgubnych dla szkolenia koni niewprawnych szarpni\u0119\u0107 r\u0119koma wpad\u0142em w po\u0142owie lat 80. ubieg\u0142ego stulecia. Zainspirowa\u0142 mnie Krzysztof Skorupski, u kt\u00f3rego robi\u0142em uprawnienia instruktora rekreacji je\u017adzieckiej. To on nauczy\u0142 mnie szacunku dla ko\u0144skiego pyska. W prowadzonych przeze mnie szk\u00f3\u0142kach Akademickiego Klubu Je\u017adzieckiego Wroc\u0142aw [&hellip;]<\/p>","protected":false},"author":1,"featured_media":0,"parent":0,"menu_order":0,"comment_status":"closed","ping_status":"closed","template":"","meta":{"footnotes":""},"class_list":["post-1291","page","type-page","status-publish","hentry"],"yoast_head":"<!-- This site is optimized with the Yoast SEO plugin v24.9 - https:\/\/yoast.com\/wordpress\/plugins\/seo\/ -->\n<title>O nas - Sawka Light Hand&reg;<\/title>\n<meta name=\"robots\" content=\"index, follow, max-snippet:-1, max-image-preview:large, max-video-preview:-1\" \/>\n<link rel=\"canonical\" href=\"https:\/\/www.lighthand.eu\/fr\/o-nas\/\" \/>\n<meta property=\"og:locale\" content=\"fr_FR\" \/>\n<meta property=\"og:type\" content=\"article\" \/>\n<meta property=\"og:title\" content=\"O nas - Sawka Light Hand&reg;\" \/>\n<meta property=\"og:description\" content=\"O nas Jerzy Sawka,dyrektor Wroc\u0142awskiego Toru Wy\u015bcig\u00f3w Konnych &#8211; Partynice Na pomys\u0142 niwelowania zgubnych dla szkolenia koni niewprawnych szarpni\u0119\u0107 r\u0119koma wpad\u0142em w po\u0142owie lat 80. ubieg\u0142ego stulecia. Zainspirowa\u0142 mnie Krzysztof Skorupski, u kt\u00f3rego robi\u0142em uprawnienia instruktora rekreacji je\u017adzieckiej. To on nauczy\u0142 mnie szacunku dla ko\u0144skiego pyska. W prowadzonych przeze mnie szk\u00f3\u0142kach Akademickiego Klubu Je\u017adzieckiego Wroc\u0142aw [&hellip;]\" \/>\n<meta property=\"og:url\" content=\"https:\/\/www.lighthand.eu\/fr\/o-nas\/\" \/>\n<meta property=\"og:site_name\" content=\"Sawka Light Hand&reg;\" \/>\n<meta property=\"article:modified_time\" content=\"2021-01-27T21:59:43+00:00\" \/>\n<meta property=\"og:image\" content=\"https:\/\/www.lighthand.eu\/wp-content\/uploads\/2019\/08\/sawka_profil-scaled.jpg\" \/>\n\t<meta property=\"og:image:width\" content=\"2560\" \/>\n\t<meta property=\"og:image:height\" content=\"1707\" \/>\n\t<meta property=\"og:image:type\" content=\"image\/jpeg\" \/>\n<meta name=\"twitter:card\" content=\"summary_large_image\" \/>\n<meta name=\"twitter:label1\" content=\"Dur\u00e9e de lecture estim\u00e9e\" \/>\n\t<meta name=\"twitter:data1\" content=\"2 minutes\" \/>\n<script type=\"application\/ld+json\" class=\"yoast-schema-graph\">{\"@context\":\"https:\/\/schema.org\",\"@graph\":[{\"@type\":[\"WebPage\",\"AboutPage\"],\"@id\":\"https:\/\/www.lighthand.eu\/o-nas\/\",\"url\":\"https:\/\/www.lighthand.eu\/o-nas\/\",\"name\":\"O nas - Sawka Light Hand&reg;\",\"isPartOf\":{\"@id\":\"https:\/\/www.lighthand.eu\/#website\"},\"primaryImageOfPage\":{\"@id\":\"https:\/\/www.lighthand.eu\/o-nas\/#primaryimage\"},\"image\":{\"@id\":\"https:\/\/www.lighthand.eu\/o-nas\/#primaryimage\"},\"thumbnailUrl\":\"https:\/\/www.lighthand.eu\/wp-content\/uploads\/2020\/11\/wyroznienie.png\",\"datePublished\":\"2020-12-11T19:59:51+00:00\",\"dateModified\":\"2021-01-27T21:59:43+00:00\",\"breadcrumb\":{\"@id\":\"https:\/\/www.lighthand.eu\/o-nas\/#breadcrumb\"},\"inLanguage\":\"fr-FR\",\"potentialAction\":[{\"@type\":\"ReadAction\",\"target\":[\"https:\/\/www.lighthand.eu\/o-nas\/\"]}]},{\"@type\":\"ImageObject\",\"inLanguage\":\"fr-FR\",\"@id\":\"https:\/\/www.lighthand.eu\/o-nas\/#primaryimage\",\"url\":\"https:\/\/www.lighthand.eu\/wp-content\/uploads\/2020\/11\/wyroznienie.png\",\"contentUrl\":\"https:\/\/www.lighthand.eu\/wp-content\/uploads\/2020\/11\/wyroznienie.png\"},{\"@type\":\"BreadcrumbList\",\"@id\":\"https:\/\/www.lighthand.eu\/o-nas\/#breadcrumb\",\"itemListElement\":[{\"@type\":\"ListItem\",\"position\":1,\"name\":\"Home\",\"item\":\"https:\/\/www.lighthand.eu\/pl\/\"},{\"@type\":\"ListItem\",\"position\":2,\"name\":\"O nas\"}]},{\"@type\":\"WebSite\",\"@id\":\"https:\/\/www.lighthand.eu\/#website\",\"url\":\"https:\/\/www.lighthand.eu\/\",\"name\":\"Sawka Light Hand&reg;\",\"description\":\"Rein Aid\",\"potentialAction\":[{\"@type\":\"SearchAction\",\"target\":{\"@type\":\"EntryPoint\",\"urlTemplate\":\"https:\/\/www.lighthand.eu\/?s={search_term_string}\"},\"query-input\":{\"@type\":\"PropertyValueSpecification\",\"valueRequired\":true,\"valueName\":\"search_term_string\"}}],\"inLanguage\":\"fr-FR\"}]}<\/script>\n<!-- \/ Yoast SEO plugin. -->","yoast_head_json":{"title":"O nas - Sawka Light Hand&reg;","robots":{"index":"index","follow":"follow","max-snippet":"max-snippet:-1","max-image-preview":"max-image-preview:large","max-video-preview":"max-video-preview:-1"},"canonical":"https:\/\/www.lighthand.eu\/fr\/o-nas\/","og_locale":"fr_FR","og_type":"article","og_title":"O nas - Sawka Light Hand&reg;","og_description":"O nas Jerzy Sawka,dyrektor Wroc\u0142awskiego Toru Wy\u015bcig\u00f3w Konnych &#8211; Partynice Na pomys\u0142 niwelowania zgubnych dla szkolenia koni niewprawnych szarpni\u0119\u0107 r\u0119koma wpad\u0142em w po\u0142owie lat 80. ubieg\u0142ego stulecia. Zainspirowa\u0142 mnie Krzysztof Skorupski, u kt\u00f3rego robi\u0142em uprawnienia instruktora rekreacji je\u017adzieckiej. To on nauczy\u0142 mnie szacunku dla ko\u0144skiego pyska. W prowadzonych przeze mnie szk\u00f3\u0142kach Akademickiego Klubu Je\u017adzieckiego Wroc\u0142aw [&hellip;]","og_url":"https:\/\/www.lighthand.eu\/fr\/o-nas\/","og_site_name":"Sawka Light Hand&reg;","article_modified_time":"2021-01-27T21:59:43+00:00","og_image":[{"width":2560,"height":1707,"url":"https:\/\/www.lighthand.eu\/wp-content\/uploads\/2019\/08\/sawka_profil-scaled.jpg","type":"image\/jpeg"}],"twitter_card":"summary_large_image","twitter_misc":{"Dur\u00e9e de lecture estim\u00e9e":"2 minutes"},"schema":{"@context":"https:\/\/schema.org","@graph":[{"@type":["WebPage","AboutPage"],"@id":"https:\/\/www.lighthand.eu\/o-nas\/","url":"https:\/\/www.lighthand.eu\/o-nas\/","name":"O nas - Sawka Light Hand&reg;","isPartOf":{"@id":"https:\/\/www.lighthand.eu\/#website"},"primaryImageOfPage":{"@id":"https:\/\/www.lighthand.eu\/o-nas\/#primaryimage"},"image":{"@id":"https:\/\/www.lighthand.eu\/o-nas\/#primaryimage"},"thumbnailUrl":"https:\/\/www.lighthand.eu\/wp-content\/uploads\/2020\/11\/wyroznienie.png","datePublished":"2020-12-11T19:59:51+00:00","dateModified":"2021-01-27T21:59:43+00:00","breadcrumb":{"@id":"https:\/\/www.lighthand.eu\/o-nas\/#breadcrumb"},"inLanguage":"fr-FR","potentialAction":[{"@type":"ReadAction","target":["https:\/\/www.lighthand.eu\/o-nas\/"]}]},{"@type":"ImageObject","inLanguage":"fr-FR","@id":"https:\/\/www.lighthand.eu\/o-nas\/#primaryimage","url":"https:\/\/www.lighthand.eu\/wp-content\/uploads\/2020\/11\/wyroznienie.png","contentUrl":"https:\/\/www.lighthand.eu\/wp-content\/uploads\/2020\/11\/wyroznienie.png"},{"@type":"BreadcrumbList","@id":"https:\/\/www.lighthand.eu\/o-nas\/#breadcrumb","itemListElement":[{"@type":"ListItem","position":1,"name":"Home","item":"https:\/\/www.lighthand.eu\/pl\/"},{"@type":"ListItem","position":2,"name":"O nas"}]},{"@type":"WebSite","@id":"https:\/\/www.lighthand.eu\/#website","url":"https:\/\/www.lighthand.eu\/","name":"Sawka Light Hand&reg;","description":"Rein Aid","potentialAction":[{"@type":"SearchAction","target":{"@type":"EntryPoint","urlTemplate":"https:\/\/www.lighthand.eu\/?s={search_term_string}"},"query-input":{"@type":"PropertyValueSpecification","valueRequired":true,"valueName":"search_term_string"}}],"inLanguage":"fr-FR"}]}},"_links":{"self":[{"href":"https:\/\/www.lighthand.eu\/fr\/wp-json\/wp\/v2\/pages\/1291","targetHints":{"allow":["GET"]}}],"collection":[{"href":"https:\/\/www.lighthand.eu\/fr\/wp-json\/wp\/v2\/pages"}],"about":[{"href":"https:\/\/www.lighthand.eu\/fr\/wp-json\/wp\/v2\/types\/page"}],"author":[{"embeddable":true,"href":"https:\/\/www.lighthand.eu\/fr\/wp-json\/wp\/v2\/users\/1"}],"replies":[{"embeddable":true,"href":"https:\/\/www.lighthand.eu\/fr\/wp-json\/wp\/v2\/comments?post=1291"}],"version-history":[{"count":8,"href":"https:\/\/www.lighthand.eu\/fr\/wp-json\/wp\/v2\/pages\/1291\/revisions"}],"predecessor-version":[{"id":1623,"href":"https:\/\/www.lighthand.eu\/fr\/wp-json\/wp\/v2\/pages\/1291\/revisions\/1623"}],"wp:attachment":[{"href":"https:\/\/www.lighthand.eu\/fr\/wp-json\/wp\/v2\/media?parent=1291"}],"curies":[{"name":"wp","href":"https:\/\/api.w.org\/{rel}","templated":true}]}}