{"id":867,"date":"2020-11-09T16:04:18","date_gmt":"2020-11-09T16:04:18","guid":{"rendered":"http:\/\/www.lighthand.eu\/product\/import-placeholder-for-475\/"},"modified":"2025-12-20T13:31:35","modified_gmt":"2025-12-20T13:31:35","slug":"amortyzator-wodzy-sawka-light-hand","status":"publish","type":"product","link":"https:\/\/www.lighthand.eu\/fr\/product\/amortyzator-wodzy-sawka-light-hand\/","title":{"rendered":"Sawka Light Hand"},"content":{"rendered":"<div data-elementor-type=\"product-post\" data-elementor-id=\"867\" class=\"elementor elementor-867\" data-elementor-post-type=\"product\">\n\t\t\t\t\t\t<section class=\"elementor-section elementor-top-section elementor-element elementor-element-5c936495 elementor-section-boxed elementor-section-height-default elementor-section-height-default\" data-id=\"5c936495\" data-element_type=\"section\">\n\t\t\t\t\t\t<div class=\"elementor-container elementor-column-gap-default\">\n\t\t\t\t\t<div class=\"elementor-column elementor-col-50 elementor-top-column elementor-element elementor-element-67d83495\" data-id=\"67d83495\" data-element_type=\"column\">\n\t\t\t<div class=\"elementor-widget-wrap elementor-element-populated\">\n\t\t\t\t\t\t<div class=\"elementor-element elementor-element-3d3d0ef7 elementor-widget elementor-widget-table-of-contents\" data-id=\"3d3d0ef7\" data-element_type=\"widget\" data-settings=\"{&quot;container&quot;:&quot;main&quot;,&quot;exclude_headings_by_selector&quot;:[],&quot;marker_view&quot;:&quot;bullets&quot;,&quot;icon&quot;:{&quot;value&quot;:&quot;&quot;,&quot;library&quot;:&quot;&quot;},&quot;headings_by_tags&quot;:[&quot;h3&quot;,&quot;h4&quot;],&quot;sticky&quot;:&quot;top&quot;,&quot;sticky_on&quot;:[&quot;desktop&quot;],&quot;sticky_offset&quot;:110,&quot;sticky_parent&quot;:&quot;yes&quot;,&quot;no_headings_message&quot;:&quot;No headings were found on this page.&quot;,&quot;hierarchical_view&quot;:&quot;yes&quot;,&quot;min_height&quot;:{&quot;unit&quot;:&quot;px&quot;,&quot;size&quot;:&quot;&quot;,&quot;sizes&quot;:[]},&quot;min_height_tablet&quot;:{&quot;unit&quot;:&quot;px&quot;,&quot;size&quot;:&quot;&quot;,&quot;sizes&quot;:[]},&quot;min_height_mobile&quot;:{&quot;unit&quot;:&quot;px&quot;,&quot;size&quot;:&quot;&quot;,&quot;sizes&quot;:[]},&quot;sticky_effects_offset&quot;:0,&quot;sticky_anchor_link_offset&quot;:0}\" data-widget_type=\"table-of-contents.default\">\n\t\t\t\t<div class=\"elementor-widget-container\">\n\t\t\t\t\t\t\t<div class=\"elementor-toc__header\">\n\t\t\t<h5 class=\"elementor-toc__header-title\">\n\t\t\t\tContenu\t\t\t<\/h5>\n\t\t\t\t\t<\/div>\n\t\t<div id=\"elementor-toc__3d3d0ef7\" class=\"elementor-toc__body\">\n\t\t\t<div class=\"elementor-toc__spinner-container\">\n\t\t\t\t<i class=\"elementor-toc__spinner eicon-animation-spin eicon-loading\" aria-hidden=\"true\"><\/i>\t\t\t<\/div>\n\t\t<\/div>\n\t\t\t\t\t\t<\/div>\n\t\t\t\t<\/div>\n\t\t\t\t\t<\/div>\n\t\t<\/div>\n\t\t\t\t<main class=\"elementor-column elementor-col-50 elementor-top-column elementor-element elementor-element-12bb6026\" data-id=\"12bb6026\" data-element_type=\"column\">\n\t\t\t<div class=\"elementor-widget-wrap elementor-element-populated\">\n\t\t\t\t\t\t<div class=\"elementor-element elementor-element-523470a2 elementor-widget__width-initial elementor-widget-mobile__width-initial elementor-widget elementor-widget-text-editor\" data-id=\"523470a2\" data-element_type=\"widget\" data-widget_type=\"text-editor.default\">\n\t\t\t\t<div class=\"elementor-widget-container\">\n\t\t\t\t\t\t\t\t\t<p>&nbsp;<\/p>\n<a id=\"jak-uzywac\"><h3>Comment l'utiliser ?<\/h3>\n<h4>Fixation<\/h4><\/a>\n<p>Un petit dispositif de la taille d'un mousqueton est facile \u00e0 attacher au mors. Le clip Sawka Light Hand\u00ae doit \u00eatre fix\u00e9 \u00e0 l'anneau du mors de mani\u00e8re \u00e0 ce que le logo Sawka Light Hand\u00ae soit visible (le clip est orient\u00e9 loin de la bouche du cheval). \u00c0 l'autre extr\u00e9mit\u00e9, nous attachons les r\u00eanes.<\/p>\n<p>Il peut \u00eatre utilis\u00e9 dans n'importe quelle discipline \u00e9questre pendant l'entra\u00eenement.<\/p>\n<h4>Comment commencer ?<\/h4>\n<p>Il suffit de fixer le Sawka Light Hand\u00ae \u00e0 la r\u00eane et de commencer votre balade. Le Sawka Light Hand\u00ae fera le reste en aidant votre cheval \u00e0 trouver une position confortable pour lui.<\/p>\n<p>Au d\u00e9but, essayez d'\u00e9viter les mouvements lat\u00e9raux. Il est pr\u00e9f\u00e9rable d'introduire progressivement le cheval au produit en commen\u00e7ant par des lignes droites et de grands cercles. Vous devriez ressentir une am\u00e9lioration significative de la l\u00e9g\u00e8ret\u00e9 d\u00e8s la premi\u00e8re s\u00e9ance d'entra\u00eenement. Vous pouvez \u00e9galement utiliser le Sawka Light Hand\u00ae lors du travail au sol.<\/p>\n<p>Lorsque le cheval se sent bien, commencez l'entra\u00eenement quotidien comme d'habitude, mais cette fois avec une nouvelle sensation de l\u00e9g\u00e8ret\u00e9.<\/p>\n<p>Cependant, nous vous conseillons de toujours consulter votre instructeur concernant toute modification de votre routine d'entra\u00eenement.<\/p>\n<h4>R\u00eanes de c\u00f4t\u00e9<\/h4>\n<p>Une bonne m\u00e9thode pour introduire ce dispositif aux chevaux est d'utiliser des r\u00eanes d'encolure.<\/p>\n<p>Avec les techniques actuellement utilis\u00e9es pour travailler aux r\u00eanes d'encolure, il n'y a pas d'annonce de la barri\u00e8re finale. Si le cheval essaie de se lib\u00e9rer de l'inconfort des r\u00eanes d'encolure, l'animal r\u00e9agit imm\u00e9diatement au mors. L'usage des r\u00eanes d'encolure en longe apprend au cheval \u00e0 reconna\u00eetre les signaux qui pr\u00e9c\u00e8dent l'\u00e9v\u00e9nement. L'int\u00e9gration du ressort annonce syst\u00e9matiquement l'action du mors. L'action innovante de la Sawka Light Hand\u00ae fait en sorte que le contact plus l\u00e9ger avec le mors annonce un contact plus fort.<\/p>\n<p>Il faut \u00e9viter les mors trop \u00e9pais pour dissuader les chevaux de 's'appuyer' dessus.<\/p>\n<h4>Travailler \u00e0 partir de la selle<\/h4>\n<p>Il y a un probl\u00e8me lors de la transition du travail aux r\u00eanes d'encolure au travail en selle - la main humaine n'est pas aussi constante que la boucle et introduit constamment des perturbations. Par cons\u00e9quent, cette transition \u00e9limine toujours l'effet positif pr\u00e9c\u00e9demment obtenu avec les r\u00eanes d'encolure.<\/p>\n<p>C'est l\u00e0 que le Sawka Light Hand\u00ae intervient en offrant une marge de s\u00e9curit\u00e9 et en \u00e9liminant les signaux non intentionnels.<\/p>\n<p>Nous allons bient\u00f4t lancer un programme d'entra\u00eenement complet pour vous aider \u00e0 maximiser le potentiel du Sawka Light Hand\u00ae.<\/p>\n<a id=\"faq\"><h3>Questions fr\u00e9quemment pos\u00e9es<\/h3><\/a>\n<h4>L'utilisation du Sawka Light Hand est-elle un 'raccourci'?<\/h4>\n<p>Le Sawka Light Hand\u00ae offre aux cavaliers et aux chevaux de nouvelles fa\u00e7ons de communiquer, ce qui ne signifie pas que c'est la voie facile. Le dispositif montre au cavalier un objectif \u00e0 poursuivre et aide le cheval \u00e0 reconstruire sa confiance en la main.<\/p>\n<p>Peut-\u00eatre que vous et votre cheval, malgr\u00e9 de nombreuses ann\u00e9es d'entra\u00eenement, ne parviennent toujours pas \u00e0 vous entendre pleinement. Peut-\u00eatre que vous commettez les m\u00eames erreurs inconsciemment. Le plus difficile est de sortir des sentiers battus et d'arr\u00eater de travailler selon des sch\u00e9mas appris il y a longtemps. Cela s'applique aussi bien aux chevaux qu'aux cavaliers.<\/p>\n<p>Nous avons souvent entendu : \"Ce cheval ne m\u00e2che pas le mors, il est toujours si raide, c'est ainsi.\" Ensuite, nous avons fix\u00e9 le Sawka Light Hand\u00ae au mors, et lentement quelque chose a commenc\u00e9 \u00e0 changer pour le mieux. Cela est confirm\u00e9 par les avis des utilisateurs.<\/p>\n<p>Avec Sawka Light Hand\u00ae, vous communiquerez plus rapidement et plus facilement avec votre cheval. L'utilisation de ce dispositif est un moyen pour atteindre un but, ce n'est pas une fin en soi.<\/p>\n<h4>Quelle est la diff\u00e9rence entre l'effet du SLH et l'effet d'un \u00e9lastique attach\u00e9 aux r\u00eanes?<\/h4>\n<p>En ce qui concerne la logique d'action, rien. Mais il y a un aspect psychologique important qui fait une grande diff\u00e9rence. Le sport \u00e9questre classique exige un mors simple. Les solutions avec des bandes en caoutchouc les rendent volumineuses. Les cavaliers essaient inconsciemment de resserrer les r\u00eanes, ce qui \u00e9limine l'effet d'amortissement doux. L'appui Sawka Light Hand\u00ae est une extension naturelle des r\u00eanes, et avec son utilisation, ce probl\u00e8me ne se produit pas. De plus, lorsque l'appareil est compl\u00e8tement \u00e9tendu, la r\u00e9sistance est tr\u00e8s claire et est signal\u00e9e par un l\u00e9ger mais audible tintement de m\u00e9tal sur m\u00e9tal pour le cheval.<\/p>\n<p>Les avantages suppl\u00e9mentaires du SLH sont une fabrication solide et esth\u00e9tique, la fonctionnalit\u00e9, la facilit\u00e9 d'installation et la polyvalence.<\/p>\n<h4>Est-ce que Sawka Light Hand\u00ae permet un meilleur \"contact\" avec la bouche du cheval ?<\/h4>\n<div>\n<p>Absolument oui. Le dispositif vous permet de suivre les mouvements du cheval de mani\u00e8re plus fluide, assurant ainsi un meilleur contact sans perturbations.<\/p>\n<\/div>\n<div><\/div>\n<h4>Si l'appareil s'\u00e9tire de 3 cm, est-il d\u00e9j\u00e0 \"trop\" serr\u00e9 ?<\/h4>\n<p>Le piston \u00e0 l&#039;int\u00e9rieur de l&#039;appareil s&#039;\u00e9tend de 0 \u00e0 3 cm. Un \u00e9tirement minimal se produit lorsqu&#039;une main l\u00e2che est ferm\u00e9e sur les r\u00eanes. L&#039;\u00e9tirement maximum se produit lorsque le cavalier retire nettement sa main ou que le cheval appuie sur le mors.<\/p>\n<p>Chaque cheval est diff\u00e9rent, il est impossible de d\u00e9terminer clairement ce qui est une action trop l\u00e9g\u00e8re et ce qui est une action trop forte sans regarder un cas donn\u00e9. Lorsque vous travaillez avec un cheval, n&#039;oubliez pas que le but ultime est d&#039;obtenir douceur et l\u00e9g\u00e8ret\u00e9 dans le mouvement et le contact.<\/p>\n<p>L&#039;extension maximale est un signe que le Sawka Light Hand\u00ae passe au mode de fonctionnement d&#039;une r\u00eane normale. Avant que les chevaux ne comprennent l\u2019essence de ce dispositif convivial, ils vont \u00e9tirer le ressort autant que possible. Ils doivent le faire pour savoir o\u00f9 s\u2019arr\u00eate la ligne de confort.<\/p>\n<h4>\u00c0 quelle vitesse le cheval \u00ab se retrouve-t-il \u00bb \u00e0 travailler avec cet appareil ?<\/h4>\n<p>La plupart des chevaux remarquent une am\u00e9lioration significative d\u00e8s les premi\u00e8res minutes de conduite. Le cheval r\u00e9pond automatiquement \u00e0 une am\u00e9lioration de la qualit\u00e9 du contact, tout comme il r\u00e9pond imm\u00e9diatement \u00e0 une am\u00e9lioration de l&#039;assise ou du rel\u00e2chement du cavalier.<\/p>\n<p>L&#039;exception concerne les chevaux qui ont perdu confiance dans la main du cavalier. Cela se produit lorsqu&#039;un cheval est mal manipul\u00e9 pendant une longue p\u00e9riode, ce qui affecte souvent les chevaux de loisir. Ils ont besoin de plus de temps pour r\u00e9tablir la confiance. Ces chevaux sont simplement constamment \u00e0 la recherche d&#039;exp\u00e9riences qu&#039;ils ont connues gr\u00e2ce \u00e0 leur pratique de vie ant\u00e9rieure.<\/p>\n<div><\/div>\n<h4>Combien p\u00e8se l&#039;appareil ? Son poids peut-il g\u00eaner le cheval ?<\/h4>\n<p>Sawka Light Hand p\u00e8se environ 150 g.<\/p>\n<p>Lorsque les r\u00eanes sont tendues, elles constituent un prolongement entre la main du cavalier et la bouche du cheval. Lorsque les r\u00eanes sont l\u00e2ches, elles pendent librement et ne g\u00eanent pas le cheval. Le fonctionnement de Sawka Light Hand\u00ae d\u00e9pend de l\u2019action de la main. Lorsque la r\u00eane est l\u00e2che et la main passive, le dispositif n&#039;exerce pas de pression significative sur les commissures de la bouche du cheval.<\/p>\n<h4>Le cheval restera-t-il en contact plus longtemps gr\u00e2ce \u00e0 la Main L\u00e9g\u00e8re ?<\/h4>\n<p>Sawka Light Hand\u00ae \u00e9limine les vibrations des r\u00eanes et les mouvements accidentels de la main du cavalier. Permet au cheval de rester plus facilement connect\u00e9.<br>\n<span style=\"color: var( --e-global-color-text );\">Les probl\u00e8mes de contact peuvent provenir d\u2019ailleurs. Il faut s&#039;assurer que le cheval ne souffre pas, que la selle est bien ajust\u00e9e et qu&#039;il accepte le type de bride choisi.<\/span><\/p>\n<h4>Quelle est la durabilit\u00e9 de l&#039;appareil ?<\/h4>\n<p>Si le Sawka Light Hand est utilis\u00e9 comme pr\u00e9vu, il est tr\u00e8s durable. Le produit est couvert par une garantie de deux ans. Les courbures lat\u00e9rales doivent \u00eatre \u00e9vit\u00e9es car elles ne r\u00e9sistent pas \u00e0 la flexion dans ce plan.<a id=\"konserwacja\"><a id=\"konserwacja\"><\/a><br>\n<a><\/a><\/p><a><\/a>\n<h4>Entretien \u2013 Comment entretenir l&#039;appareil ?<\/h4>\n<\/a><p><a><br><\/a>\nNous recommandons de lubrifier le piston de l&#039;\u00e9trier tous les six mois. C&#039;est une bonne habitude de laver l&#039;appareil \u00e0 l&#039;eau claire apr\u00e8s chaque utilisation.<\/p>\n<h4>Certificats et s\u00e9curit\u00e9<\/h4>\n<p>Le produit est fabriqu\u00e9 \u00e0 partir de mat\u00e9riaux inoffensifs. Des certificats de s\u00e9curit\u00e9 sont disponibles sur demande.<a id=\"warunki-gwarancji\"><\/a><\/p>\n<p><a><\/a><\/p><a><\/a>\n<h4>Garantie<\/h4>\n<\/a><p><a><\/a><br>\nLe fabricant offre une garantie de deux ans sur l&#039;appareil. La garantie n&#039;est pas accord\u00e9e si le produit est utilis\u00e9 d&#039;une mani\u00e8re non conforme aux instructions. Le fabricant n&#039;est pas responsable de l&#039;utilisation inappropri\u00e9e de Sawka Light Hand\u00ae.<\/p>\t\t\t\t\t\t\t\t<\/div>\n\t\t\t\t<\/div>\n\t\t\t\t\t<\/div>\n\t\t<\/main>\n\t\t\t\t\t<\/div>\n\t\t<\/section>\n\t\t\t\t<\/div>","protected":false},"excerpt":{"rendered":"<p>Le dispositif agit comme un amortisseur de r\u00eanes.<br \/>\nLe ressort au milieu de la manche s'\u00e9tire dans la plage de 0 \u00e0 3 cm. Fournissant une marge de s\u00e9curit\u00e9, il \u00e9limine les signaux non intentionnels et laisse au cheval un espace o\u00f9 il peut bouger la t\u00eate ou le cou pour trouver une position confortable.<br \/>\nLe kit comprend deux aides (droite et gauche).<\/p>","protected":false},"featured_media":868,"template":"","meta":[],"product_brand":[],"product_cat":[49],"product_tag":[],"class_list":{"0":"post-867","1":"product","2":"type-product","3":"status-publish","4":"has-post-thumbnail","6":"product_cat-uncategorized","8":"first","9":"outofstock","10":"taxable","11":"shipping-taxable","12":"purchasable","13":"product-type-simple"},"yoast_head":"<!-- This site is optimized with the Yoast SEO plugin v24.9 - https:\/\/yoast.com\/wordpress\/plugins\/seo\/ -->\n<title>Amortyzator wodzy Sawka Light Hand - Sawka Light Hand&reg;<\/title>\n<meta name=\"robots\" content=\"index, follow, max-snippet:-1, max-image-preview:large, max-video-preview:-1\" \/>\n<link rel=\"canonical\" href=\"https:\/\/www.lighthand.eu\/fr\/product\/amortyzator-wodzy-sawka-light-hand\/\" \/>\n<meta property=\"og:locale\" content=\"fr_FR\" \/>\n<meta property=\"og:type\" content=\"article\" \/>\n<meta property=\"og:title\" content=\"Amortyzator wodzy Sawka Light Hand - Sawka Light Hand&reg;\" \/>\n<meta property=\"og:description\" content=\"Urz\u0105dzenie dzia\u0142a jak amortyzator wodzy. Znajduj\u0105ca si\u0119 w \u015brodku tulei spr\u0119\u017cyna rozci\u0105ga si\u0119 w zakresie 0-3 cm. Zapewniaj\u0105c margines bezpiecze\u0144stwa eliminuje niezamierzone dzia\u0142anie wodzy oraz pozostawia koniowi przestrze\u0144, w kt\u00f3rej mo\u017ce poruszy\u0107 g\u0142ow\u0105 lub szyj\u0105 szukaj\u0105c komfortowego dla siebie ustawienia. Zestaw zawiera dwa amortyzatory (prawy i lewy).\" \/>\n<meta property=\"og:url\" content=\"https:\/\/www.lighthand.eu\/fr\/product\/amortyzator-wodzy-sawka-light-hand\/\" \/>\n<meta property=\"og:site_name\" content=\"Sawka Light Hand&reg;\" \/>\n<meta property=\"article:modified_time\" content=\"2025-12-20T13:31:35+00:00\" \/>\n<meta property=\"og:image\" content=\"https:\/\/www.lighthand.eu\/wp-content\/uploads\/2020\/11\/Grey-Sawka-Light-Hand-2-2-1.jpg\" \/>\n\t<meta property=\"og:image:width\" content=\"2000\" \/>\n\t<meta property=\"og:image:height\" content=\"1629\" \/>\n\t<meta property=\"og:image:type\" content=\"image\/jpeg\" \/>\n<meta name=\"twitter:card\" content=\"summary_large_image\" \/>\n<meta name=\"twitter:label1\" content=\"Dur\u00e9e de lecture estim\u00e9e\" \/>\n\t<meta name=\"twitter:data1\" content=\"7 minutes\" \/>\n<script type=\"application\/ld+json\" class=\"yoast-schema-graph\">{\"@context\":\"https:\/\/schema.org\",\"@graph\":[{\"@type\":\"WebPage\",\"@id\":\"https:\/\/www.lighthand.eu\/product\/amortyzator-wodzy-sawka-light-hand\/\",\"url\":\"https:\/\/www.lighthand.eu\/product\/amortyzator-wodzy-sawka-light-hand\/\",\"name\":\"Amortyzator wodzy Sawka Light Hand - Sawka Light Hand&reg;\",\"isPartOf\":{\"@id\":\"https:\/\/www.lighthand.eu\/#website\"},\"primaryImageOfPage\":{\"@id\":\"https:\/\/www.lighthand.eu\/product\/amortyzator-wodzy-sawka-light-hand\/#primaryimage\"},\"image\":{\"@id\":\"https:\/\/www.lighthand.eu\/product\/amortyzator-wodzy-sawka-light-hand\/#primaryimage\"},\"thumbnailUrl\":\"https:\/\/www.lighthand.eu\/wp-content\/uploads\/2020\/11\/Grey-Sawka-Light-Hand-2-2-1.jpg\",\"datePublished\":\"2020-11-09T16:04:18+00:00\",\"dateModified\":\"2025-12-20T13:31:35+00:00\",\"breadcrumb\":{\"@id\":\"https:\/\/www.lighthand.eu\/product\/amortyzator-wodzy-sawka-light-hand\/#breadcrumb\"},\"inLanguage\":\"fr-FR\",\"potentialAction\":[{\"@type\":\"ReadAction\",\"target\":[\"https:\/\/www.lighthand.eu\/product\/amortyzator-wodzy-sawka-light-hand\/\"]}]},{\"@type\":\"ImageObject\",\"inLanguage\":\"fr-FR\",\"@id\":\"https:\/\/www.lighthand.eu\/product\/amortyzator-wodzy-sawka-light-hand\/#primaryimage\",\"url\":\"https:\/\/www.lighthand.eu\/wp-content\/uploads\/2020\/11\/Grey-Sawka-Light-Hand-2-2-1.jpg\",\"contentUrl\":\"https:\/\/www.lighthand.eu\/wp-content\/uploads\/2020\/11\/Grey-Sawka-Light-Hand-2-2-1.jpg\",\"width\":2000,\"height\":1629},{\"@type\":\"BreadcrumbList\",\"@id\":\"https:\/\/www.lighthand.eu\/product\/amortyzator-wodzy-sawka-light-hand\/#breadcrumb\",\"itemListElement\":[{\"@type\":\"ListItem\",\"position\":1,\"name\":\"Home\",\"item\":\"https:\/\/www.lighthand.eu\/pl\/\"},{\"@type\":\"ListItem\",\"position\":2,\"name\":\"Shop\",\"item\":\"https:\/\/www.lighthand.eu\/shop\/\"},{\"@type\":\"ListItem\",\"position\":3,\"name\":\"Amortyzator wodzy Sawka Light Hand\"}]},{\"@type\":\"WebSite\",\"@id\":\"https:\/\/www.lighthand.eu\/#website\",\"url\":\"https:\/\/www.lighthand.eu\/\",\"name\":\"Sawka Light Hand&reg;\",\"description\":\"Rein Aid\",\"potentialAction\":[{\"@type\":\"SearchAction\",\"target\":{\"@type\":\"EntryPoint\",\"urlTemplate\":\"https:\/\/www.lighthand.eu\/?s={search_term_string}\"},\"query-input\":{\"@type\":\"PropertyValueSpecification\",\"valueRequired\":true,\"valueName\":\"search_term_string\"}}],\"inLanguage\":\"fr-FR\"}]}<\/script>\n<!-- \/ Yoast SEO plugin. -->","yoast_head_json":{"title":"Amortyzator wodzy Sawka Light Hand - Sawka Light Hand&reg;","robots":{"index":"index","follow":"follow","max-snippet":"max-snippet:-1","max-image-preview":"max-image-preview:large","max-video-preview":"max-video-preview:-1"},"canonical":"https:\/\/www.lighthand.eu\/fr\/product\/amortyzator-wodzy-sawka-light-hand\/","og_locale":"fr_FR","og_type":"article","og_title":"Amortyzator wodzy Sawka Light Hand - Sawka Light Hand&reg;","og_description":"Urz\u0105dzenie dzia\u0142a jak amortyzator wodzy. Znajduj\u0105ca si\u0119 w \u015brodku tulei spr\u0119\u017cyna rozci\u0105ga si\u0119 w zakresie 0-3 cm. Zapewniaj\u0105c margines bezpiecze\u0144stwa eliminuje niezamierzone dzia\u0142anie wodzy oraz pozostawia koniowi przestrze\u0144, w kt\u00f3rej mo\u017ce poruszy\u0107 g\u0142ow\u0105 lub szyj\u0105 szukaj\u0105c komfortowego dla siebie ustawienia. Zestaw zawiera dwa amortyzatory (prawy i lewy).","og_url":"https:\/\/www.lighthand.eu\/fr\/product\/amortyzator-wodzy-sawka-light-hand\/","og_site_name":"Sawka Light Hand&reg;","article_modified_time":"2025-12-20T13:31:35+00:00","og_image":[{"width":2000,"height":1629,"url":"https:\/\/www.lighthand.eu\/wp-content\/uploads\/2020\/11\/Grey-Sawka-Light-Hand-2-2-1.jpg","type":"image\/jpeg"}],"twitter_card":"summary_large_image","twitter_misc":{"Dur\u00e9e de lecture estim\u00e9e":"7 minutes"},"schema":{"@context":"https:\/\/schema.org","@graph":[{"@type":"WebPage","@id":"https:\/\/www.lighthand.eu\/product\/amortyzator-wodzy-sawka-light-hand\/","url":"https:\/\/www.lighthand.eu\/product\/amortyzator-wodzy-sawka-light-hand\/","name":"Amortyzator wodzy Sawka Light Hand - Sawka Light Hand&reg;","isPartOf":{"@id":"https:\/\/www.lighthand.eu\/#website"},"primaryImageOfPage":{"@id":"https:\/\/www.lighthand.eu\/product\/amortyzator-wodzy-sawka-light-hand\/#primaryimage"},"image":{"@id":"https:\/\/www.lighthand.eu\/product\/amortyzator-wodzy-sawka-light-hand\/#primaryimage"},"thumbnailUrl":"https:\/\/www.lighthand.eu\/wp-content\/uploads\/2020\/11\/Grey-Sawka-Light-Hand-2-2-1.jpg","datePublished":"2020-11-09T16:04:18+00:00","dateModified":"2025-12-20T13:31:35+00:00","breadcrumb":{"@id":"https:\/\/www.lighthand.eu\/product\/amortyzator-wodzy-sawka-light-hand\/#breadcrumb"},"inLanguage":"fr-FR","potentialAction":[{"@type":"ReadAction","target":["https:\/\/www.lighthand.eu\/product\/amortyzator-wodzy-sawka-light-hand\/"]}]},{"@type":"ImageObject","inLanguage":"fr-FR","@id":"https:\/\/www.lighthand.eu\/product\/amortyzator-wodzy-sawka-light-hand\/#primaryimage","url":"https:\/\/www.lighthand.eu\/wp-content\/uploads\/2020\/11\/Grey-Sawka-Light-Hand-2-2-1.jpg","contentUrl":"https:\/\/www.lighthand.eu\/wp-content\/uploads\/2020\/11\/Grey-Sawka-Light-Hand-2-2-1.jpg","width":2000,"height":1629},{"@type":"BreadcrumbList","@id":"https:\/\/www.lighthand.eu\/product\/amortyzator-wodzy-sawka-light-hand\/#breadcrumb","itemListElement":[{"@type":"ListItem","position":1,"name":"Home","item":"https:\/\/www.lighthand.eu\/pl\/"},{"@type":"ListItem","position":2,"name":"Shop","item":"https:\/\/www.lighthand.eu\/shop\/"},{"@type":"ListItem","position":3,"name":"Amortyzator wodzy Sawka Light Hand"}]},{"@type":"WebSite","@id":"https:\/\/www.lighthand.eu\/#website","url":"https:\/\/www.lighthand.eu\/","name":"Sawka Light Hand&reg;","description":"Rein Aid","potentialAction":[{"@type":"SearchAction","target":{"@type":"EntryPoint","urlTemplate":"https:\/\/www.lighthand.eu\/?s={search_term_string}"},"query-input":{"@type":"PropertyValueSpecification","valueRequired":true,"valueName":"search_term_string"}}],"inLanguage":"fr-FR"}]}},"_links":{"self":[{"href":"https:\/\/www.lighthand.eu\/fr\/wp-json\/wp\/v2\/product\/867","targetHints":{"allow":["GET"]}}],"collection":[{"href":"https:\/\/www.lighthand.eu\/fr\/wp-json\/wp\/v2\/product"}],"about":[{"href":"https:\/\/www.lighthand.eu\/fr\/wp-json\/wp\/v2\/types\/product"}],"version-history":[{"count":52,"href":"https:\/\/www.lighthand.eu\/fr\/wp-json\/wp\/v2\/product\/867\/revisions"}],"predecessor-version":[{"id":2346,"href":"https:\/\/www.lighthand.eu\/fr\/wp-json\/wp\/v2\/product\/867\/revisions\/2346"}],"wp:featuredmedia":[{"embeddable":true,"href":"https:\/\/www.lighthand.eu\/fr\/wp-json\/wp\/v2\/media\/868"}],"wp:attachment":[{"href":"https:\/\/www.lighthand.eu\/fr\/wp-json\/wp\/v2\/media?parent=867"}],"wp:term":[{"taxonomy":"product_brand","embeddable":true,"href":"https:\/\/www.lighthand.eu\/fr\/wp-json\/wp\/v2\/product_brand?post=867"},{"taxonomy":"product_cat","embeddable":true,"href":"https:\/\/www.lighthand.eu\/fr\/wp-json\/wp\/v2\/product_cat?post=867"},{"taxonomy":"product_tag","embeddable":true,"href":"https:\/\/www.lighthand.eu\/fr\/wp-json\/wp\/v2\/product_tag?post=867"}],"curies":[{"name":"wp","href":"https:\/\/api.w.org\/{rel}","templated":true}]}}