{"id":1637,"date":"2021-06-09T15:19:02","date_gmt":"2021-06-09T15:19:02","guid":{"rendered":"https:\/\/www.lighthand.eu\/?page_id=1637"},"modified":"2021-06-09T15:45:52","modified_gmt":"2021-06-09T15:45:52","slug":"dane-kontaktowe","status":"publish","type":"page","link":"https:\/\/www.lighthand.eu\/hu\/dane-kontaktowe\/","title":{"rendered":"El\u00e9rhet\u0151s\u00e9geit"},"content":{"rendered":"<div data-elementor-type=\"wp-page\" data-elementor-id=\"1637\" class=\"elementor elementor-1637\" data-elementor-post-type=\"page\">\n\t\t\t\t\t\t<section class=\"elementor-section elementor-top-section elementor-element elementor-element-3907811 elementor-section-height-min-height elementor-section-items-stretch ignore-toc elementor-section-boxed elementor-section-height-default\" data-id=\"3907811\" data-element_type=\"section\">\n\t\t\t\t\t\t<div class=\"elementor-container elementor-column-gap-default\">\n\t\t\t\t\t<div class=\"elementor-column elementor-col-50 elementor-top-column elementor-element elementor-element-404f08b1\" data-id=\"404f08b1\" data-element_type=\"column\" data-settings=\"{&quot;background_background&quot;:&quot;classic&quot;}\">\n\t\t\t<div class=\"elementor-widget-wrap elementor-element-populated\">\n\t\t\t\t\t\t<div class=\"elementor-element elementor-element-18c8342f elementor-widget elementor-widget-spacer\" data-id=\"18c8342f\" data-element_type=\"widget\" data-widget_type=\"spacer.default\">\n\t\t\t\t<div class=\"elementor-widget-container\">\n\t\t\t\t\t\t\t<div class=\"elementor-spacer\">\n\t\t\t<div class=\"elementor-spacer-inner\"><\/div>\n\t\t<\/div>\n\t\t\t\t\t\t<\/div>\n\t\t\t\t<\/div>\n\t\t\t\t\t<\/div>\n\t\t<\/div>\n\t\t\t\t<div class=\"elementor-column elementor-col-50 elementor-top-column elementor-element elementor-element-398e88aa\" data-id=\"398e88aa\" data-element_type=\"column\" data-settings=\"{&quot;background_background&quot;:&quot;classic&quot;}\">\n\t\t\t<div class=\"elementor-widget-wrap elementor-element-populated\">\n\t\t\t\t\t\t<div class=\"elementor-element elementor-element-5cf9be94 elementor-widget elementor-widget-heading\" data-id=\"5cf9be94\" data-element_type=\"widget\" data-widget_type=\"heading.default\">\n\t\t\t\t<div class=\"elementor-widget-container\">\n\t\t\t\t\t<h2 class=\"elementor-heading-title elementor-size-default\">El\u00e9rhet\u0151s\u00e9geit<\/h2>\t\t\t\t<\/div>\n\t\t\t\t<\/div>\n\t\t\t\t<div class=\"elementor-element elementor-element-1f6f22fe elementor-widget elementor-widget-text-editor\" data-id=\"1f6f22fe\" data-element_type=\"widget\" data-widget_type=\"text-editor.default\">\n\t\t\t\t<div class=\"elementor-widget-container\">\n\t\t\t\t\t\t\t\t\t<p><b>4Horses Consulting Mateusz Gieryn<\/b><br \/>Holendry Baranowskie 71A<br \/>96-314 Baran\u00f3w<br \/>+48 609 745 168<br \/>office@4horses.com.pl<\/p><p>NIP: 784 235 02 76<br \/>REGON: 200700607<\/p>\t\t\t\t\t\t\t\t<\/div>\n\t\t\t\t<\/div>\n\t\t\t\t<div class=\"elementor-element elementor-element-2641b280 elementor-button-align-stretch elementor-widget elementor-widget-form\" data-id=\"2641b280\" data-element_type=\"widget\" data-settings=\"{&quot;step_next_label&quot;:&quot;Next&quot;,&quot;step_previous_label&quot;:&quot;Previous&quot;,&quot;button_width&quot;:&quot;100&quot;,&quot;step_type&quot;:&quot;number_text&quot;,&quot;step_icon_shape&quot;:&quot;circle&quot;}\" data-widget_type=\"form.default\">\n\t\t\t\t<div class=\"elementor-widget-container\">\n\t\t\t\t\t\t\t<form class=\"elementor-form\" method=\"post\" name=\"New Form\" action=\"\">\n\t\t\t<input type=\"hidden\" name=\"post_id\" value=\"1637\"\/>\n\t\t\t<input type=\"hidden\" name=\"form_id\" value=\"2641b280\"\/>\n\t\t\t<input type=\"hidden\" name=\"referer_title\" value=\"Dane kontaktowe - Sawka Light Hand&reg;\" \/>\n\n\t\t\t\t\t\t\t<input type=\"hidden\" name=\"queried_id\" value=\"1637\"\/>\n\t\t\t\n\t\t\t<div class=\"elementor-form-fields-wrapper elementor-labels-\">\n\t\t\t\t\t\t\t\t<div class=\"elementor-field-type-text elementor-field-group elementor-column elementor-field-group-field_0fee444 elementor-col-100\">\n\t\t\t\t\t\t\t\t\t\t\t\t<label for=\"form-field-field_0fee444\" class=\"elementor-field-label elementor-screen-only\">\n\t\t\t\t\t\t\t\tN\u00e9v\t\t\t\t\t\t\t<\/label>\n\t\t\t\t\t\t\t\t\t\t\t\t\t\t<input size=\"1\" type=\"text\" name=\"form_fields[field_0fee444]\" id=\"form-field-field_0fee444\" class=\"elementor-field elementor-size-md  elementor-field-textual\" placeholder=\"N\u00e9v\">\n\t\t\t\t\t\t\t\t\t\t\t<\/div>\n\t\t\t\t\t\t\t\t<div class=\"elementor-field-type-email elementor-field-group elementor-column elementor-field-group-email_subscribe elementor-col-100 elementor-field-required\">\n\t\t\t\t\t\t\t\t\t\t\t\t<label for=\"form-field-email_subscribe\" class=\"elementor-field-label elementor-screen-only\">\n\t\t\t\t\t\t\t\tEmail\t\t\t\t\t\t\t<\/label>\n\t\t\t\t\t\t\t\t\t\t\t\t\t\t<input size=\"1\" type=\"email\" name=\"form_fields[email_subscribe]\" id=\"form-field-email_subscribe\" class=\"elementor-field elementor-size-md  elementor-field-textual\" placeholder=\"Email\" required=\"required\">\n\t\t\t\t\t\t\t\t\t\t\t<\/div>\n\t\t\t\t\t\t\t\t<div class=\"elementor-field-type-textarea elementor-field-group elementor-column elementor-field-group-field_4a4225f elementor-col-100\">\n\t\t\t\t\t<textarea class=\"elementor-field-textual elementor-field  elementor-size-md\" name=\"form_fields[field_4a4225f]\" id=\"form-field-field_4a4225f\" rows=\"4\" placeholder=\"\u00dczenet\"><\/textarea>\t\t\t\t<\/div>\n\t\t\t\t\t\t\t\t<div class=\"elementor-field-group elementor-column elementor-field-type-submit elementor-col-100 e-form__buttons\">\n\t\t\t\t\t<button class=\"elementor-button elementor-size-sm\" type=\"submit\">\n\t\t\t\t\t\t<span class=\"elementor-button-content-wrapper\">\n\t\t\t\t\t\t\t\t\t\t\t\t\t\t\t\t\t\t\t\t\t\t<span class=\"elementor-button-text\">\u00dczenetet k\u00fcldeni<\/span>\n\t\t\t\t\t\t\t\t\t\t\t\t\t<\/span>\n\t\t\t\t\t<\/button>\n\t\t\t\t<\/div>\n\t\t\t<\/div>\n\t\t<input type=\"hidden\" name=\"trp-form-language\" value=\"hu\"\/><\/form>\n\t\t\t\t\t\t<\/div>\n\t\t\t\t<\/div>\n\t\t\t\t\t<\/div>\n\t\t<\/div>\n\t\t\t\t\t<\/div>\n\t\t<\/section>\n\t\t\t\t<\/div>","protected":false},"excerpt":{"rendered":"<p>El\u00e9rhet\u0151s\u00e9gek 4Horses Consulting Mateusz GierynHolendry Baranowskie 71A96-314 Baran\u00f3w+48 609 745 168office@4horses.com.pl NIP: 784 235 02 76 REGON: 200700607<\/p>","protected":false},"author":1,"featured_media":0,"parent":0,"menu_order":0,"comment_status":"closed","ping_status":"closed","template":"","meta":{"footnotes":""},"class_list":["post-1637","page","type-page","status-publish","hentry"],"yoast_head":"<!-- This site is optimized with the Yoast SEO plugin v24.9 - https:\/\/yoast.com\/wordpress\/plugins\/seo\/ -->\n<title>Dane kontaktowe - Sawka Light Hand&reg;<\/title>\n<meta name=\"robots\" content=\"index, follow, max-snippet:-1, max-image-preview:large, max-video-preview:-1\" \/>\n<link rel=\"canonical\" href=\"https:\/\/www.lighthand.eu\/hu\/dane-kontaktowe\/\" \/>\n<meta property=\"og:locale\" content=\"hu_HU\" \/>\n<meta property=\"og:type\" content=\"article\" \/>\n<meta property=\"og:title\" content=\"Dane kontaktowe - Sawka Light Hand&reg;\" \/>\n<meta property=\"og:description\" content=\"Dane kontaktowe 4Horses Consulting Mateusz GierynHolendry Baranowskie 71A96-314 Baran\u00f3w+48 609 745 168office@4horses.com.pl NIP: 784 235 02 76REGON: 200700607\" \/>\n<meta property=\"og:url\" content=\"https:\/\/www.lighthand.eu\/hu\/dane-kontaktowe\/\" \/>\n<meta property=\"og:site_name\" content=\"Sawka Light Hand&reg;\" \/>\n<meta property=\"article:modified_time\" content=\"2021-06-09T15:45:52+00:00\" \/>\n<meta name=\"twitter:card\" content=\"summary_large_image\" \/>\n<meta name=\"twitter:label1\" content=\"Becs\u00fclt olvas\u00e1si id\u0151\" \/>\n\t<meta name=\"twitter:data1\" content=\"1 perc\" \/>\n<script type=\"application\/ld+json\" class=\"yoast-schema-graph\">{\"@context\":\"https:\/\/schema.org\",\"@graph\":[{\"@type\":\"WebPage\",\"@id\":\"https:\/\/www.lighthand.eu\/dane-kontaktowe\/\",\"url\":\"https:\/\/www.lighthand.eu\/dane-kontaktowe\/\",\"name\":\"Dane kontaktowe - Sawka Light Hand&reg;\",\"isPartOf\":{\"@id\":\"https:\/\/www.lighthand.eu\/#website\"},\"datePublished\":\"2021-06-09T15:19:02+00:00\",\"dateModified\":\"2021-06-09T15:45:52+00:00\",\"breadcrumb\":{\"@id\":\"https:\/\/www.lighthand.eu\/dane-kontaktowe\/#breadcrumb\"},\"inLanguage\":\"hu\",\"potentialAction\":[{\"@type\":\"ReadAction\",\"target\":[\"https:\/\/www.lighthand.eu\/dane-kontaktowe\/\"]}]},{\"@type\":\"BreadcrumbList\",\"@id\":\"https:\/\/www.lighthand.eu\/dane-kontaktowe\/#breadcrumb\",\"itemListElement\":[{\"@type\":\"ListItem\",\"position\":1,\"name\":\"Home\",\"item\":\"https:\/\/www.lighthand.eu\/pl\/\"},{\"@type\":\"ListItem\",\"position\":2,\"name\":\"Dane kontaktowe\"}]},{\"@type\":\"WebSite\",\"@id\":\"https:\/\/www.lighthand.eu\/#website\",\"url\":\"https:\/\/www.lighthand.eu\/\",\"name\":\"Sawka Light Hand&reg;\",\"description\":\"Rein Aid\",\"potentialAction\":[{\"@type\":\"SearchAction\",\"target\":{\"@type\":\"EntryPoint\",\"urlTemplate\":\"https:\/\/www.lighthand.eu\/?s={search_term_string}\"},\"query-input\":{\"@type\":\"PropertyValueSpecification\",\"valueRequired\":true,\"valueName\":\"search_term_string\"}}],\"inLanguage\":\"hu\"}]}<\/script>\n<!-- \/ Yoast SEO plugin. -->","yoast_head_json":{"title":"Dane kontaktowe - Sawka Light Hand&reg;","robots":{"index":"index","follow":"follow","max-snippet":"max-snippet:-1","max-image-preview":"max-image-preview:large","max-video-preview":"max-video-preview:-1"},"canonical":"https:\/\/www.lighthand.eu\/hu\/dane-kontaktowe\/","og_locale":"hu_HU","og_type":"article","og_title":"Dane kontaktowe - Sawka Light Hand&reg;","og_description":"Dane kontaktowe 4Horses Consulting Mateusz GierynHolendry Baranowskie 71A96-314 Baran\u00f3w+48 609 745 168office@4horses.com.pl NIP: 784 235 02 76REGON: 200700607","og_url":"https:\/\/www.lighthand.eu\/hu\/dane-kontaktowe\/","og_site_name":"Sawka Light Hand&reg;","article_modified_time":"2021-06-09T15:45:52+00:00","twitter_card":"summary_large_image","twitter_misc":{"Becs\u00fclt olvas\u00e1si id\u0151":"1 perc"},"schema":{"@context":"https:\/\/schema.org","@graph":[{"@type":"WebPage","@id":"https:\/\/www.lighthand.eu\/dane-kontaktowe\/","url":"https:\/\/www.lighthand.eu\/dane-kontaktowe\/","name":"Dane kontaktowe - Sawka Light Hand&reg;","isPartOf":{"@id":"https:\/\/www.lighthand.eu\/#website"},"datePublished":"2021-06-09T15:19:02+00:00","dateModified":"2021-06-09T15:45:52+00:00","breadcrumb":{"@id":"https:\/\/www.lighthand.eu\/dane-kontaktowe\/#breadcrumb"},"inLanguage":"hu","potentialAction":[{"@type":"ReadAction","target":["https:\/\/www.lighthand.eu\/dane-kontaktowe\/"]}]},{"@type":"BreadcrumbList","@id":"https:\/\/www.lighthand.eu\/dane-kontaktowe\/#breadcrumb","itemListElement":[{"@type":"ListItem","position":1,"name":"Home","item":"https:\/\/www.lighthand.eu\/pl\/"},{"@type":"ListItem","position":2,"name":"Dane kontaktowe"}]},{"@type":"WebSite","@id":"https:\/\/www.lighthand.eu\/#website","url":"https:\/\/www.lighthand.eu\/","name":"Sawka Light Hand&reg;","description":"Rein Aid","potentialAction":[{"@type":"SearchAction","target":{"@type":"EntryPoint","urlTemplate":"https:\/\/www.lighthand.eu\/?s={search_term_string}"},"query-input":{"@type":"PropertyValueSpecification","valueRequired":true,"valueName":"search_term_string"}}],"inLanguage":"hu"}]}},"_links":{"self":[{"href":"https:\/\/www.lighthand.eu\/hu\/wp-json\/wp\/v2\/pages\/1637","targetHints":{"allow":["GET"]}}],"collection":[{"href":"https:\/\/www.lighthand.eu\/hu\/wp-json\/wp\/v2\/pages"}],"about":[{"href":"https:\/\/www.lighthand.eu\/hu\/wp-json\/wp\/v2\/types\/page"}],"author":[{"embeddable":true,"href":"https:\/\/www.lighthand.eu\/hu\/wp-json\/wp\/v2\/users\/1"}],"replies":[{"embeddable":true,"href":"https:\/\/www.lighthand.eu\/hu\/wp-json\/wp\/v2\/comments?post=1637"}],"version-history":[{"count":40,"href":"https:\/\/www.lighthand.eu\/hu\/wp-json\/wp\/v2\/pages\/1637\/revisions"}],"predecessor-version":[{"id":1679,"href":"https:\/\/www.lighthand.eu\/hu\/wp-json\/wp\/v2\/pages\/1637\/revisions\/1679"}],"wp:attachment":[{"href":"https:\/\/www.lighthand.eu\/hu\/wp-json\/wp\/v2\/media?parent=1637"}],"curies":[{"name":"wp","href":"https:\/\/api.w.org\/{rel}","templated":true}]}}