{"id":1601,"date":"2021-05-20T11:25:40","date_gmt":"2021-05-20T11:25:40","guid":{"rendered":"https:\/\/www.lighthand.eu\/?post_type=product&#038;p=1601"},"modified":"2022-11-06T20:54:43","modified_gmt":"2022-11-06T20:54:43","slug":"amortyzator-wodzy-sawka-light-hand-pro","status":"publish","type":"product","link":"https:\/\/www.lighthand.eu\/hu\/product\/amortyzator-wodzy-sawka-light-hand-pro\/","title":{"rendered":"Amortyzator wodzy Sawka Light Hand Pro"},"content":{"rendered":"<div data-elementor-type=\"product-post\" data-elementor-id=\"1601\" class=\"elementor elementor-1601\" data-elementor-post-type=\"product\">\n\t\t\t\t\t\t<section class=\"elementor-section elementor-top-section elementor-element elementor-element-5c936495 elementor-section-boxed elementor-section-height-default elementor-section-height-default\" data-id=\"5c936495\" data-element_type=\"section\">\n\t\t\t\t\t\t<div class=\"elementor-container elementor-column-gap-default\">\n\t\t\t\t\t<div class=\"elementor-column elementor-col-50 elementor-top-column elementor-element elementor-element-67d83495\" data-id=\"67d83495\" data-element_type=\"column\">\n\t\t\t<div class=\"elementor-widget-wrap elementor-element-populated\">\n\t\t\t\t\t\t<div class=\"elementor-element elementor-element-3d3d0ef7 elementor-widget elementor-widget-table-of-contents\" data-id=\"3d3d0ef7\" data-element_type=\"widget\" data-settings=\"{&quot;container&quot;:&quot;main&quot;,&quot;exclude_headings_by_selector&quot;:[],&quot;marker_view&quot;:&quot;bullets&quot;,&quot;icon&quot;:{&quot;value&quot;:&quot;&quot;,&quot;library&quot;:&quot;&quot;},&quot;headings_by_tags&quot;:[&quot;h3&quot;,&quot;h4&quot;],&quot;sticky&quot;:&quot;top&quot;,&quot;sticky_on&quot;:[&quot;desktop&quot;],&quot;sticky_offset&quot;:110,&quot;sticky_parent&quot;:&quot;yes&quot;,&quot;no_headings_message&quot;:&quot;Aucun titre n\\u2019a \\u00e9t\\u00e9 trouv\\u00e9 sur cette page.&quot;,&quot;hierarchical_view&quot;:&quot;yes&quot;,&quot;min_height&quot;:{&quot;unit&quot;:&quot;px&quot;,&quot;size&quot;:&quot;&quot;,&quot;sizes&quot;:[]},&quot;min_height_tablet&quot;:{&quot;unit&quot;:&quot;px&quot;,&quot;size&quot;:&quot;&quot;,&quot;sizes&quot;:[]},&quot;min_height_mobile&quot;:{&quot;unit&quot;:&quot;px&quot;,&quot;size&quot;:&quot;&quot;,&quot;sizes&quot;:[]},&quot;sticky_effects_offset&quot;:0,&quot;sticky_anchor_link_offset&quot;:0}\" data-widget_type=\"table-of-contents.default\">\n\t\t\t\t<div class=\"elementor-widget-container\">\n\t\t\t\t\t\t\t<div class=\"elementor-toc__header\">\n\t\t\t<h5 class=\"elementor-toc__header-title\">\n\t\t\t\tTartalom\t\t\t<\/h5>\n\t\t\t\t\t<\/div>\n\t\t<div id=\"elementor-toc__3d3d0ef7\" class=\"elementor-toc__body\">\n\t\t\t<div class=\"elementor-toc__spinner-container\">\n\t\t\t\t<i class=\"elementor-toc__spinner eicon-animation-spin eicon-loading\" aria-hidden=\"true\"><\/i>\t\t\t<\/div>\n\t\t<\/div>\n\t\t\t\t\t\t<\/div>\n\t\t\t\t<\/div>\n\t\t\t\t\t<\/div>\n\t\t<\/div>\n\t\t\t\t<main class=\"elementor-column elementor-col-50 elementor-top-column elementor-element elementor-element-12bb6026\" data-id=\"12bb6026\" data-element_type=\"column\">\n\t\t\t<div class=\"elementor-widget-wrap elementor-element-populated\">\n\t\t\t\t\t\t<div class=\"elementor-element elementor-element-523470a2 elementor-widget__width-initial elementor-widget-mobile__width-initial elementor-widget elementor-widget-text-editor\" data-id=\"523470a2\" data-element_type=\"widget\" data-widget_type=\"text-editor.default\">\n\t\t\t\t<div class=\"elementor-widget-container\">\n\t\t\t\t\t\t\t\t\t<p>&nbsp;<\/p>\n<p><a><\/a><\/p><a>\n<h3>Hogyan kell haszn\u00e1lni?<\/h3>\n<h4>R\u00f6gz\u00edt\u0151<\/h4>\n<\/a><p><a><\/a><\/p>\n<p>Ma\u0142e urz\u0105dzenie wielko\u015bci karabi\u0144czyka jest \u0142atwe do zamocowania przy w\u0119dzidle. Klips Sawka Light Hand\u00ae Pro musi by\u0107 przymocowany do k\u00f3\u0142ka w\u0119dzid\u0142owego w taki spos\u00f3b, aby logotyp Sawka Light Hand\u00ae&nbsp;<span style=\"color: var( --e-global-color-text );\">Pro<\/span><span style=\"color: var( --e-global-color-text );\">&nbsp;by\u0142 widoczny (klips jest odwr\u00f3cony od pyska konia). Z drugiej strony mocujemy wodze.<\/span><\/p>\n<p>B\u00e1rmilyen lovas szak\u00e1g edz\u00e9s\u00e9n haszn\u00e1lhat\u00f3.<\/p>\n<h4>Hogyan kezdj\u00fck?<\/h4>\n<p>Wystarczy przymocowa\u0107 Sawka Light Hand\u00ae&nbsp;<span style=\"color: var( --e-global-color-text );\">Pro<\/span><span style=\"color: var( --e-global-color-text );\">&nbsp;do wodzy i rozpocz\u0105\u0107 jazd\u0119. Nabierz wodze na kontakt, a Sawka Light Hand\u00ae&nbsp;<\/span><span style=\"color: var( --e-global-color-text );\">Pro<\/span><span style=\"color: var( --e-global-color-text );\">&nbsp;zrobi reszt\u0119, pomagaj\u0105c koniowi znale\u017a\u0107 dla niego komfortow\u0105 pozycj\u0119.<\/span><\/p>\n<p>Na pocz\u0105tku staraj si\u0119 unika\u0107 chod\u00f3w bocznych. Najlepiej jest stopniowo wprowadza\u0107 konia w dzia\u0142anie produktu, zaczynaj\u0105c od jazdy po liniach prostych i du\u017cych kr\u0119gach. Powiniene\u015b poczu\u0107 znaczn\u0105 popraw\u0119 lekko\u015bci od pierwszej sesji treningowej. Mo\u017cesz tak\u017ce u\u017cy\u0107 Sawka Light Hand\u00ae<span style=\"color: var( --e-global-color-text );\">&nbsp;<\/span><span style=\"color: var( --e-global-color-text );\">Pro<\/span><span style=\"color: var( --e-global-color-text );\">&nbsp;podczas wykonywania pracy z ziemi.<\/span><\/p>\n<p>Ha a lovad j\u00f3l \u00e9rzi mag\u00e1t, kezdje el a napi edz\u00e9st a szok\u00e1sos m\u00f3don, de ez\u00fattal a k\u00f6nnyeds\u00e9g \u00faj \u00e9rz\u00e9s\u00e9vel.<\/p>\n<p>Mindazon\u00e1ltal azt tan\u00e1csoljuk, hogy mindig konzult\u00e1ljon edz\u0151j\u00e9vel az edz\u00e9si rutinj\u00e1nak v\u00e1ltoz\u00e1sair\u00f3l.<\/p>\n<h4>Hegym\u00e1sz\u00f3k<\/h4>\n<p>Egy j\u00f3 m\u00f3dja annak, hogy ezt az eszk\u00f6zt bemutassuk a lovakkal val\u00f3 munkav\u00e9gz\u00e9shez, ha l\u00f3sz\u00edjakon dolgozunk.<\/p>\n<p>Przy obecnie stosowanych technikach pracy na wypinaczach ko\u0144 nie ma \u017cadnej zapowiedzi bariery ostatecznej. W przypadku pr\u00f3by uwolnienia si\u0119 od niedogodno\u015bci wypinacza, zwierz\u0119&nbsp; od razu mocno odbija si\u0119 od w\u0119dzid\u0142a. Lon\u017cowanie na wypinaczach z amortyzatorem uczy konia rozpoznawania sygna\u0142\u00f3w poprzedzaj\u0105cych zdarzenie. W\u0142\u0105czanie si\u0119 spr\u0119\u017cynki konsekwentnie zapowiada dzia\u0142anie w\u0119dzid\u0142a. Nowatorskie dzia\u0142anie Sawka Light Hand\u00ae<span style=\"color: var( --e-global-color-text );\">&nbsp;<\/span><span style=\"color: var( --e-global-color-text );\">Pro<\/span><span style=\"color: var( --e-global-color-text );\">&nbsp;sprawia, \u017ce l\u017cejszy kontakt z w\u0119dzid\u0142em zapowiada mocniejszy.<\/span><\/p>\n<p>A t\u00fal vastag biteket ker\u00fclni kell, hogy a lovak ne l\u00f3gjanak rajtuk.<\/p>\n<h4>Nyeregb\u0151l munka<\/h4>\n<p>Amikor az oldals\u00e1von v\u00e9gzett munk\u00e1r\u00f3l a nyeregben val\u00f3 munkav\u00e9gz\u00e9sre v\u00e1ltunk, probl\u00e9ma mer\u00fcl fel - az emberi k\u00e9z nem olyan k\u00f6vetkezetes, mint az oldall\u00e9c, \u00e9s folyamatosan zavarokat okoz. Ez\u00e9rt ez az \u00e1tmenet mindig kioltja a m\u00e1sz\u00f3kra kor\u00e1bban el\u00e9rt pozit\u00edv hat\u00e1st.<\/p>\n<p>I tu pomaga amortyzator Sawka Light Hand\u00ae<span style=\"color: var( --e-global-color-text );\">&nbsp;<\/span><span style=\"color: var( --e-global-color-text );\">Pro<\/span><span style=\"color: var( --e-global-color-text );\">, kt\u00f3ry zapewnia margines bezpiecze\u0144stwa, eliminuj\u0105c niezamierzone dzia\u0142ania wodzy.<\/span><\/p>\n<p>Wkr\u00f3tce wydamy ca\u0142y program treningowy, kt\u00f3ry pomo\u017ce Ci zmaksymalizowa\u0107 potencja\u0142 Sawki Light Hand\u00ae<span style=\"color: var( --e-global-color-text );\">&nbsp;<\/span><span style=\"color: var( --e-global-color-text );\">Pro<\/span><span style=\"color: var( --e-global-color-text );\">.<\/span><\/p>\n<p><a><\/a><\/p><a>\n<h3>Gyakran Ism\u00e9telt K\u00e9rd\u00e9sek<\/h3>\n<\/a><p><a><\/a><\/p>\n<h4>A Sawka Light Hand haszn\u00e1lata &quot;parancsikon&quot;?<\/h4>\n<p>Sawka Light Hand\u00ae&nbsp;Pro daje je\u017ad\u017acom i koniom nowe mo\u017cliwo\u015bci porozumienia si\u0119, co nie znaczy, \u017ce jest to p\u00f3j\u015bcie na \u0142atwizn\u0119. Urz\u0105dzenie pokazuje je\u017ad\u017acowi cel, do kt\u00f3rego warto d\u0105\u017cy\u0107 i pomaga koniowi odbudowa\u0107 zaufanie do r\u0119ki.<\/p>\n<p>Lehet, hogy te \u00e9s a lovad a sok \u00e9ves edz\u00e9s ellen\u00e9re m\u00e9g mindig nem tudtok kij\u00f6nni teljesen. Lehet, hogy \u00f6ntudatlanul is elk\u00f6veti ugyanazokat a hib\u00e1kat. A legnehezebb dolog t\u00fall\u00e9pni a kitaposott \u00faton, \u00e9s abbahagyni a r\u00e9g\u00f3ta tanult mint\u00e1k szerinti cselekv\u00e9st. Ez vonatkozik a lovakra \u00e9s a lovasokra is.<\/p>\n<p>Wiele razy s\u0142yszeli\u015bmy: \u201eten ko\u0144 nie prze\u017cuwa w\u0119dzid\u0142a, on zawsze jest taki sztywny, ten typ tak ma\u201d. Potem przypinali\u015bmy Sawka Light Hand\u00ae&nbsp;Pro do w\u0119dzid\u0142a i co\u015b powoli zaczyna\u0142o si\u0119 zmienia\u0107 najlepsze. Potwierdzaj\u0105 to opinie u\u017cytkownik\u00f3w.<\/p>\n<p>Z Sawka Light Hand\u00ae&nbsp;Pro szybciej i \u0142atwiej porozumiesz si\u0119 ze swoim wierzchowcem. Korzystanie z tego urz\u0105dzenia to \u015brodek do osi\u0105gni\u0119cia celu, a nie cel sam w sobie<\/p>\n<h4>Miben k\u00fcl\u00f6nb\u00f6zik az SLH hat\u00e1sa a gyepl\u0151h\u00f6z er\u0151s\u00edtett gumiszalagt\u00f3l?<\/h4>\n<p>Je\u015bli idzie o logik\u0119 dzia\u0142ania, to niczym. Ale jest istotny aspekt psychologiczny, czyni\u0105cy wielk\u0105 r\u00f3\u017cnic\u0119. Je\u017adziectwo klasyczne wymaga zachowania prostej wodzy. Rozwi\u0105zania z gumkami za\u015b je wybrzuszaj\u0105. Je\u017ad\u017acy pod\u015bwiadomie d\u0105\u017c\u0105 do napinania wodzy, co niweluje efekt delikatnej amortyzacji.&nbsp; \u0141\u0105cznik Sawka Light Hand\u00ae&nbsp;Pro jest naturalnym przed\u0142u\u017ceniem wodzy i przy jego stosowaniu ten problem nie wyst\u0119puje. Ponadto przy maksymalnym wyci\u0105gni\u0119ciu t\u0142oka op\u00f3r jest bardzo wyra\u017any i sygnalizowany cichym, ale s\u0142yszalnym dla konia, stukni\u0119ciem metalu o metal.<\/p>\n<p>A leng\u00e9scsillap\u00edt\u00f3 tov\u00e1bbi el\u0151nyei k\u00f6z\u00e9 tartozik a szil\u00e1rd \u00e9s eszt\u00e9tikus kidolgoz\u00e1s, a funkcionalit\u00e1s, a k\u00f6nny\u0171 beszerel\u00e9s \u00e9s az univerz\u00e1lis haszn\u00e1lat.<\/p>\n<h4>Czy Sawka Light Hand\u00ae&nbsp;Pro pozwala na lepsze wyczucie \u201ekontaktu\u201d z pyskiem konia?<\/h4>\n<div>\n<p>Hat\u00e1rozottan igen. A k\u00e9sz\u00fcl\u00e9k lehet\u0151v\u00e9 teszi a l\u00f3 mozg\u00e1s\u00e1nak g\u00f6rd\u00fcl\u00e9kenyebb k\u00f6vet\u00e9s\u00e9t, ez\u00e1ltal a jobb, zavartalan \u00e9rintkez\u00e9s \u00e9rdek\u00e9ben.<\/p>\n<\/div>\n<div><\/div>\n<h4>Ha a k\u00e9sz\u00fcl\u00e9k 3 cm-t ny\u00falik, akkor &quot;t\u00fal&quot; feszes?<\/h4>\n<p>A k\u00e9sz\u00fcl\u00e9k belsej\u00e9ben l\u00e9v\u0151 dugatty\u00fa 0-3 cm tartom\u00e1nyban ny\u00falik ki. Minim\u00e1lis ny\u00fajt\u00e1s akkor k\u00f6vetkezik be, ha egy laza k\u00e9z a gyepl\u0151re van z\u00e1rva. A maxim\u00e1lis ny\u00fajt\u00e1s az, amikor a lovas egy\u00e9rtelm\u0171en visszah\u00fazza a kez\u00e9t, vagy a l\u00f3 megnyomja a bitet.<\/p>\n<p>Minden l\u00f3 m\u00e1s \u00e9s m\u00e1s, nem lehet egy\u00e9rtelm\u0171en meghat\u00e1rozni, hogy mi a t\u00fal k\u00f6nny\u0171 \u00e9s mi a t\u00fal er\u0151s, an\u00e9lk\u00fcl, hogy megn\u00e9zn\u00e9nk az adott esetet. Ha b\u00e1rmilyen l\u00f3val dolgozik, ne feledje, hogy a v\u00e9gs\u0151 c\u00e9l a l\u00e1gys\u00e1g \u00e9s k\u00f6nnyeds\u00e9g el\u00e9r\u00e9se a mozg\u00e1sban \u00e9s az \u00e9rintkez\u00e9sben.<\/p>\n<p>Wyciagni\u0119cie maksymalne to znak, \u017ce Sawka Light Hand\u00ae&nbsp;Pro przechodzi niejako w tryb pracy zwyk\u0142ej wodzy. Zanim konie zrozumiej\u0105 istot\u0119 tego przyjaznego dla nich urz\u0105dzenia, b\u0119d\u0105 wyci\u0105ga\u0107 spr\u0119\u017cynk\u0119 maksymalnie. Musz\u0105 to zrobi\u0107, \u017ceby wiedzie\u0107 gdzie ko\u0144czy si\u0119 granica komfortu.<\/p>\n<h4>Milyen gyorsan &quot;tal\u00e1lja mag\u00e1t&quot; a l\u00f3, hogy ezzel az eszk\u00f6zzel dolgozik?<\/h4>\n<p>A legt\u00f6bb l\u00f3 jelent\u0151s javul\u00e1st \u00e9szlel a lovagl\u00e1s els\u0151 perceiben. A l\u00f3 automatikusan reag\u00e1l az \u00e9rintkez\u00e9s min\u0151s\u00e9g\u00e9nek javul\u00e1s\u00e1ra, ahogy azonnal reag\u00e1l a lovas \u00fcl\u00e9s\u00e9nek vagy relax\u00e1ci\u00f3j\u00e1nak javul\u00e1s\u00e1ra.<\/p>\n<p>Kiv\u00e9telt k\u00e9peznek azok a lovak, amelyek elvesztett\u00e9k a lovas kez\u00e9be vetett bizalmukat. Ez akkor fordul el\u0151, ha egy lovat hossz\u00fa ideig helytelen\u00fcl kezelnek, ami gyakran \u00e9rinti a szabadid\u0151s lovakat. T\u00f6bb id\u0151re van sz\u00fcks\u00e9g\u00fck a bizalom helyre\u00e1ll\u00edt\u00e1s\u00e1hoz. Ezek a lovak egyszer\u0171en kitart\u00f3an keresik a kor\u00e1bbi \u00e9letgyakorlatukb\u00f3l ismert tapasztalatokat.<\/p>\n<div><\/div>\n<h4>Mennyi a k\u00e9sz\u00fcl\u00e9k s\u00falya? Zavarhatja a s\u00falya a lovat?<\/h4>\n<p>A Sawka Light Hand s\u00falya k\u00f6r\u00fclbel\u00fcl 150 g.<\/p>\n<p>Gdy wodze s\u0105 napi\u0119te stanowi ich przed\u0142u\u017cenie pomi\u0119dzy r\u0119k\u0105 je\u017ad\u017aca a pyskiem konia. Gdy wodze s\u0105 lu\u017ane, zwisa swobodnie i nie przeszkadza koniowi.&nbsp;Dzia\u0142anie Sawka Light Hand\u00ae&nbsp;Pro zale\u017cy od dzia\u0142ania r\u0119ki. Kiedy wodza jest lu\u017ana a r\u0119ka bierna urz\u0105dzenie nie wywiera znacz\u0105cego nacisku na k\u0105ciki pyska konia.<\/p>\n<h4>A k\u00f6nny\u0171 k\u00e9znek k\u00f6sz\u00f6nhet\u0151en tov\u00e1bb marad a l\u00f3 kapcsolatban?<\/h4>\n<p>Sawka Light Hand\u00ae&nbsp;Pro niweluje drgania wodzy i przypadkowe ruchy r\u0119ki je\u017ad\u017aca. U\u0142atwia koniowi pozostanie na kontakcie.<br><span style=\"color: var( --e-global-color-text );\">A kapcsolattart\u00e1si probl\u00e9m\u00e1k m\u00e1shonnan is eredhetnek. \u00dcgyelni kell arra, hogy a l\u00f3 ne f\u00e1jjon, a nyereg j\u00f3l illeszkedjen, \u00e9s hogy a l\u00f3 elfogadja a kiv\u00e1lasztott kant\u00e1rt.<\/span><\/p>\n<h4>Milyen a k\u00e9sz\u00fcl\u00e9k tart\u00f3ss\u00e1ga?<\/h4>\n<p>Je\u015bli Sawka Light Hand&nbsp;Pro jest u\u017cywane zgodnie z przeznaczeniem, jest bardzo trwa\u0142e. Produkt obj\u0119ty jest dwuletni\u0105 gwarancj\u0105. Nale\u017cy unika\u0107 zgi\u0119\u0107 bocznych, gdy\u017c nie jest odporny na zginanie w tej p\u0142aszczy\u017anie.<a><\/a><a><\/a><br><a><\/a><\/p>\n<p><a><\/a><\/p>\n<h4>Karbantart\u00e1s \u2013 Hogyan kell \u00e1polni a k\u00e9sz\u00fcl\u00e9ket?<\/h4>\n<p><\/p>\n<p><a><br><\/a><br>\nJavasoljuk, hogy f\u00e9l\u00e9vente kenje meg a f\u00e9knyereg dugatty\u00faj\u00e1t. J\u00f3 szok\u00e1s a k\u00e9sz\u00fcl\u00e9ket minden haszn\u00e1lat ut\u00e1n tiszta v\u00edzben kimosni.<\/p>\n<h4>Tan\u00fas\u00edtv\u00e1nyok \u00e9s biztons\u00e1g<\/h4>\n<p>A term\u00e9k \u00e1rtalmatlan anyagokb\u00f3l k\u00e9sz\u00fclt. Biztons\u00e1gi tan\u00fas\u00edtv\u00e1nyok k\u00e9r\u00e9sre rendelkez\u00e9sre \u00e1llnak.<a><\/a><\/p>\n<p><a><\/a><\/p>\n<p><a><\/a><\/p>\n<h4>J\u00f3t\u00e1ll\u00e1si felt\u00e9telek<\/h4>\n<p><\/p>\n<p><a><\/a><br>Producent udziela dwuletniej gwarancji na urz\u0105dzenie. Gwarancja nie jest udzielana, je\u015bli produkt jest u\u017cywany w spos\u00f3b niezgodny z instrukcj\u0105. Producent nie ponosi odpowiedzialno\u015bci za niew\u0142a\u015bciwe u\u017cycie Sawka Light Hand\u00ae&nbsp;Pro.<\/p>\t\t\t\t\t\t\t\t<\/div>\n\t\t\t\t<\/div>\n\t\t\t\t\t<\/div>\n\t\t<\/main>\n\t\t\t\t\t<\/div>\n\t\t<\/section>\n\t\t\t\t<\/div>","protected":false},"excerpt":{"rendered":"<p>A k\u00e9sz\u00fcl\u00e9k leng\u00e9scsillap\u00edt\u00f3k\u00e9nt m\u0171k\u00f6dik.<br \/>\nWersja dedykowana zawodnikom, kt\u00f3rzy potrzebuj\u0105 podczas start\u00f3w szybszej reakcji konia. Szczeg\u00f3lnie przydatna profesjonalistom maj\u0105cym du\u017ce do\u015bwiadczenie i indywidualne przyzwyczajenia pracy wodzami. W tym wydaniu t\u0142ok amortyzatora wysuwa si\u0119 na 1 cm. Zapewniaj\u0105c margines bezpiecze\u0144stwa eliminuje niezamierzone dzia\u0142anie wodzy oraz pozostawia koniowi przestrze\u0144, w kt\u00f3rej mo\u017ce poruszy\u0107 g\u0142ow\u0105 lub szyj\u0105 szukaj\u0105c komfortowego dla siebie ustawienia.<br \/>\nA k\u00e9szlet k\u00e9t leng\u00e9scsillap\u00edt\u00f3t tartalmaz (jobb \u00e9s bal).<\/p>","protected":false},"featured_media":1602,"template":"","meta":[],"product_brand":[],"product_cat":[49],"product_tag":[],"class_list":{"0":"post-1601","1":"product","2":"type-product","3":"status-publish","4":"has-post-thumbnail","6":"product_cat-uncategorized","8":"first","9":"outofstock","10":"taxable","11":"shipping-taxable","12":"purchasable","13":"product-type-simple"},"yoast_head":"<!-- This site is optimized with the Yoast SEO plugin v24.9 - https:\/\/yoast.com\/wordpress\/plugins\/seo\/ -->\n<title>Amortyzator wodzy Sawka Light Hand Pro - Sawka Light Hand&reg;<\/title>\n<meta name=\"robots\" content=\"index, follow, max-snippet:-1, max-image-preview:large, max-video-preview:-1\" \/>\n<link rel=\"canonical\" href=\"https:\/\/www.lighthand.eu\/hu\/product\/amortyzator-wodzy-sawka-light-hand-pro\/\" \/>\n<meta property=\"og:locale\" content=\"hu_HU\" \/>\n<meta property=\"og:type\" content=\"article\" \/>\n<meta property=\"og:title\" content=\"Amortyzator wodzy Sawka Light Hand Pro - Sawka Light Hand&reg;\" \/>\n<meta property=\"og:description\" content=\"Urz\u0105dzenie dzia\u0142a jak amortyzator wodzy. Wersja dedykowana zawodnikom, kt\u00f3rzy potrzebuj\u0105 podczas start\u00f3w szybszej reakcji konia. Szczeg\u00f3lnie przydatna profesjonalistom maj\u0105cym du\u017ce do\u015bwiadczenie i indywidualne przyzwyczajenia pracy wodzami. W tym wydaniu t\u0142ok amortyzatora wysuwa si\u0119 na 1 cm. Zapewniaj\u0105c margines bezpiecze\u0144stwa eliminuje niezamierzone dzia\u0142anie wodzy oraz pozostawia koniowi przestrze\u0144, w kt\u00f3rej mo\u017ce poruszy\u0107 g\u0142ow\u0105 lub szyj\u0105 szukaj\u0105c komfortowego dla siebie ustawienia. Zestaw zawiera dwa amortyzatory (prawy i lewy).\" \/>\n<meta property=\"og:url\" content=\"https:\/\/www.lighthand.eu\/hu\/product\/amortyzator-wodzy-sawka-light-hand-pro\/\" \/>\n<meta property=\"og:site_name\" content=\"Sawka Light Hand&reg;\" \/>\n<meta property=\"article:modified_time\" content=\"2022-11-06T20:54:43+00:00\" \/>\n<meta property=\"og:image\" content=\"https:\/\/www.lighthand.eu\/wp-content\/uploads\/2021\/05\/Sawka-Light-Hand-pro.png\" \/>\n\t<meta property=\"og:image:width\" content=\"1500\" \/>\n\t<meta property=\"og:image:height\" content=\"1065\" \/>\n\t<meta property=\"og:image:type\" content=\"image\/png\" \/>\n<meta name=\"twitter:card\" content=\"summary_large_image\" \/>\n<meta name=\"twitter:label1\" content=\"Becs\u00fclt olvas\u00e1si id\u0151\" \/>\n\t<meta name=\"twitter:data1\" content=\"7 perc\" \/>\n<script type=\"application\/ld+json\" class=\"yoast-schema-graph\">{\"@context\":\"https:\/\/schema.org\",\"@graph\":[{\"@type\":\"WebPage\",\"@id\":\"https:\/\/www.lighthand.eu\/product\/amortyzator-wodzy-sawka-light-hand-pro\/\",\"url\":\"https:\/\/www.lighthand.eu\/product\/amortyzator-wodzy-sawka-light-hand-pro\/\",\"name\":\"Amortyzator wodzy Sawka Light Hand Pro - Sawka Light Hand&reg;\",\"isPartOf\":{\"@id\":\"https:\/\/www.lighthand.eu\/#website\"},\"primaryImageOfPage\":{\"@id\":\"https:\/\/www.lighthand.eu\/product\/amortyzator-wodzy-sawka-light-hand-pro\/#primaryimage\"},\"image\":{\"@id\":\"https:\/\/www.lighthand.eu\/product\/amortyzator-wodzy-sawka-light-hand-pro\/#primaryimage\"},\"thumbnailUrl\":\"https:\/\/www.lighthand.eu\/wp-content\/uploads\/2021\/05\/Sawka-Light-Hand-pro.png\",\"datePublished\":\"2021-05-20T11:25:40+00:00\",\"dateModified\":\"2022-11-06T20:54:43+00:00\",\"breadcrumb\":{\"@id\":\"https:\/\/www.lighthand.eu\/product\/amortyzator-wodzy-sawka-light-hand-pro\/#breadcrumb\"},\"inLanguage\":\"hu\",\"potentialAction\":[{\"@type\":\"ReadAction\",\"target\":[\"https:\/\/www.lighthand.eu\/product\/amortyzator-wodzy-sawka-light-hand-pro\/\"]}]},{\"@type\":\"ImageObject\",\"inLanguage\":\"hu\",\"@id\":\"https:\/\/www.lighthand.eu\/product\/amortyzator-wodzy-sawka-light-hand-pro\/#primaryimage\",\"url\":\"https:\/\/www.lighthand.eu\/wp-content\/uploads\/2021\/05\/Sawka-Light-Hand-pro.png\",\"contentUrl\":\"https:\/\/www.lighthand.eu\/wp-content\/uploads\/2021\/05\/Sawka-Light-Hand-pro.png\",\"width\":1500,\"height\":1065},{\"@type\":\"BreadcrumbList\",\"@id\":\"https:\/\/www.lighthand.eu\/product\/amortyzator-wodzy-sawka-light-hand-pro\/#breadcrumb\",\"itemListElement\":[{\"@type\":\"ListItem\",\"position\":1,\"name\":\"Home\",\"item\":\"https:\/\/www.lighthand.eu\/pl\/\"},{\"@type\":\"ListItem\",\"position\":2,\"name\":\"Shop\",\"item\":\"https:\/\/www.lighthand.eu\/shop\/\"},{\"@type\":\"ListItem\",\"position\":3,\"name\":\"Amortyzator wodzy Sawka Light Hand Pro\"}]},{\"@type\":\"WebSite\",\"@id\":\"https:\/\/www.lighthand.eu\/#website\",\"url\":\"https:\/\/www.lighthand.eu\/\",\"name\":\"Sawka Light Hand&reg;\",\"description\":\"Rein Aid\",\"potentialAction\":[{\"@type\":\"SearchAction\",\"target\":{\"@type\":\"EntryPoint\",\"urlTemplate\":\"https:\/\/www.lighthand.eu\/?s={search_term_string}\"},\"query-input\":{\"@type\":\"PropertyValueSpecification\",\"valueRequired\":true,\"valueName\":\"search_term_string\"}}],\"inLanguage\":\"hu\"}]}<\/script>\n<!-- \/ Yoast SEO plugin. -->","yoast_head_json":{"title":"Amortyzator wodzy Sawka Light Hand Pro - Sawka Light Hand&reg;","robots":{"index":"index","follow":"follow","max-snippet":"max-snippet:-1","max-image-preview":"max-image-preview:large","max-video-preview":"max-video-preview:-1"},"canonical":"https:\/\/www.lighthand.eu\/hu\/product\/amortyzator-wodzy-sawka-light-hand-pro\/","og_locale":"hu_HU","og_type":"article","og_title":"Amortyzator wodzy Sawka Light Hand Pro - Sawka Light Hand&reg;","og_description":"Urz\u0105dzenie dzia\u0142a jak amortyzator wodzy. Wersja dedykowana zawodnikom, kt\u00f3rzy potrzebuj\u0105 podczas start\u00f3w szybszej reakcji konia. Szczeg\u00f3lnie przydatna profesjonalistom maj\u0105cym du\u017ce do\u015bwiadczenie i indywidualne przyzwyczajenia pracy wodzami. W tym wydaniu t\u0142ok amortyzatora wysuwa si\u0119 na 1 cm. Zapewniaj\u0105c margines bezpiecze\u0144stwa eliminuje niezamierzone dzia\u0142anie wodzy oraz pozostawia koniowi przestrze\u0144, w kt\u00f3rej mo\u017ce poruszy\u0107 g\u0142ow\u0105 lub szyj\u0105 szukaj\u0105c komfortowego dla siebie ustawienia. Zestaw zawiera dwa amortyzatory (prawy i lewy).","og_url":"https:\/\/www.lighthand.eu\/hu\/product\/amortyzator-wodzy-sawka-light-hand-pro\/","og_site_name":"Sawka Light Hand&reg;","article_modified_time":"2022-11-06T20:54:43+00:00","og_image":[{"width":1500,"height":1065,"url":"https:\/\/www.lighthand.eu\/wp-content\/uploads\/2021\/05\/Sawka-Light-Hand-pro.png","type":"image\/png"}],"twitter_card":"summary_large_image","twitter_misc":{"Becs\u00fclt olvas\u00e1si id\u0151":"7 perc"},"schema":{"@context":"https:\/\/schema.org","@graph":[{"@type":"WebPage","@id":"https:\/\/www.lighthand.eu\/product\/amortyzator-wodzy-sawka-light-hand-pro\/","url":"https:\/\/www.lighthand.eu\/product\/amortyzator-wodzy-sawka-light-hand-pro\/","name":"Amortyzator wodzy Sawka Light Hand Pro - Sawka Light Hand&reg;","isPartOf":{"@id":"https:\/\/www.lighthand.eu\/#website"},"primaryImageOfPage":{"@id":"https:\/\/www.lighthand.eu\/product\/amortyzator-wodzy-sawka-light-hand-pro\/#primaryimage"},"image":{"@id":"https:\/\/www.lighthand.eu\/product\/amortyzator-wodzy-sawka-light-hand-pro\/#primaryimage"},"thumbnailUrl":"https:\/\/www.lighthand.eu\/wp-content\/uploads\/2021\/05\/Sawka-Light-Hand-pro.png","datePublished":"2021-05-20T11:25:40+00:00","dateModified":"2022-11-06T20:54:43+00:00","breadcrumb":{"@id":"https:\/\/www.lighthand.eu\/product\/amortyzator-wodzy-sawka-light-hand-pro\/#breadcrumb"},"inLanguage":"hu","potentialAction":[{"@type":"ReadAction","target":["https:\/\/www.lighthand.eu\/product\/amortyzator-wodzy-sawka-light-hand-pro\/"]}]},{"@type":"ImageObject","inLanguage":"hu","@id":"https:\/\/www.lighthand.eu\/product\/amortyzator-wodzy-sawka-light-hand-pro\/#primaryimage","url":"https:\/\/www.lighthand.eu\/wp-content\/uploads\/2021\/05\/Sawka-Light-Hand-pro.png","contentUrl":"https:\/\/www.lighthand.eu\/wp-content\/uploads\/2021\/05\/Sawka-Light-Hand-pro.png","width":1500,"height":1065},{"@type":"BreadcrumbList","@id":"https:\/\/www.lighthand.eu\/product\/amortyzator-wodzy-sawka-light-hand-pro\/#breadcrumb","itemListElement":[{"@type":"ListItem","position":1,"name":"Home","item":"https:\/\/www.lighthand.eu\/pl\/"},{"@type":"ListItem","position":2,"name":"Shop","item":"https:\/\/www.lighthand.eu\/shop\/"},{"@type":"ListItem","position":3,"name":"Amortyzator wodzy Sawka Light Hand Pro"}]},{"@type":"WebSite","@id":"https:\/\/www.lighthand.eu\/#website","url":"https:\/\/www.lighthand.eu\/","name":"Sawka Light Hand&reg;","description":"Rein Aid","potentialAction":[{"@type":"SearchAction","target":{"@type":"EntryPoint","urlTemplate":"https:\/\/www.lighthand.eu\/?s={search_term_string}"},"query-input":{"@type":"PropertyValueSpecification","valueRequired":true,"valueName":"search_term_string"}}],"inLanguage":"hu"}]}},"_links":{"self":[{"href":"https:\/\/www.lighthand.eu\/hu\/wp-json\/wp\/v2\/product\/1601","targetHints":{"allow":["GET"]}}],"collection":[{"href":"https:\/\/www.lighthand.eu\/hu\/wp-json\/wp\/v2\/product"}],"about":[{"href":"https:\/\/www.lighthand.eu\/hu\/wp-json\/wp\/v2\/types\/product"}],"version-history":[{"count":9,"href":"https:\/\/www.lighthand.eu\/hu\/wp-json\/wp\/v2\/product\/1601\/revisions"}],"predecessor-version":[{"id":2070,"href":"https:\/\/www.lighthand.eu\/hu\/wp-json\/wp\/v2\/product\/1601\/revisions\/2070"}],"wp:featuredmedia":[{"embeddable":true,"href":"https:\/\/www.lighthand.eu\/hu\/wp-json\/wp\/v2\/media\/1602"}],"wp:attachment":[{"href":"https:\/\/www.lighthand.eu\/hu\/wp-json\/wp\/v2\/media?parent=1601"}],"wp:term":[{"taxonomy":"product_brand","embeddable":true,"href":"https:\/\/www.lighthand.eu\/hu\/wp-json\/wp\/v2\/product_brand?post=1601"},{"taxonomy":"product_cat","embeddable":true,"href":"https:\/\/www.lighthand.eu\/hu\/wp-json\/wp\/v2\/product_cat?post=1601"},{"taxonomy":"product_tag","embeddable":true,"href":"https:\/\/www.lighthand.eu\/hu\/wp-json\/wp\/v2\/product_tag?post=1601"}],"curies":[{"name":"wp","href":"https:\/\/api.w.org\/{rel}","templated":true}]}}