{"id":1601,"date":"2021-05-20T11:25:40","date_gmt":"2021-05-20T11:25:40","guid":{"rendered":"https:\/\/www.lighthand.eu\/?post_type=product&#038;p=1601"},"modified":"2022-11-06T20:54:43","modified_gmt":"2022-11-06T20:54:43","slug":"amortyzator-wodzy-sawka-light-hand-pro","status":"publish","type":"product","link":"https:\/\/www.lighthand.eu\/it\/prodotto\/amortyzator-wodzy-sawka-light-hand-pro\/","title":{"rendered":"Amortyzator wodzy Sawka Light Hand Pro"},"content":{"rendered":"<div data-elementor-type=\"product-post\" data-elementor-id=\"1601\" class=\"elementor elementor-1601\" data-elementor-post-type=\"product\">\n\t\t\t\t\t\t<section class=\"elementor-section elementor-top-section elementor-element elementor-element-5c936495 elementor-section-boxed elementor-section-height-default elementor-section-height-default\" data-id=\"5c936495\" data-element_type=\"section\">\n\t\t\t\t\t\t<div class=\"elementor-container elementor-column-gap-default\">\n\t\t\t\t\t<div class=\"elementor-column elementor-col-50 elementor-top-column elementor-element elementor-element-67d83495\" data-id=\"67d83495\" data-element_type=\"column\">\n\t\t\t<div class=\"elementor-widget-wrap elementor-element-populated\">\n\t\t\t\t\t\t<div class=\"elementor-element elementor-element-3d3d0ef7 elementor-widget elementor-widget-table-of-contents\" data-id=\"3d3d0ef7\" data-element_type=\"widget\" data-settings=\"{&quot;container&quot;:&quot;main&quot;,&quot;exclude_headings_by_selector&quot;:[],&quot;marker_view&quot;:&quot;bullets&quot;,&quot;icon&quot;:{&quot;value&quot;:&quot;&quot;,&quot;library&quot;:&quot;&quot;},&quot;headings_by_tags&quot;:[&quot;h3&quot;,&quot;h4&quot;],&quot;sticky&quot;:&quot;top&quot;,&quot;sticky_on&quot;:[&quot;desktop&quot;],&quot;sticky_offset&quot;:110,&quot;sticky_parent&quot;:&quot;yes&quot;,&quot;no_headings_message&quot;:&quot;No se ha encontrado ning\\u00fan encabezado en esta p\\u00e1gina.&quot;,&quot;hierarchical_view&quot;:&quot;yes&quot;,&quot;min_height&quot;:{&quot;unit&quot;:&quot;px&quot;,&quot;size&quot;:&quot;&quot;,&quot;sizes&quot;:[]},&quot;min_height_tablet&quot;:{&quot;unit&quot;:&quot;px&quot;,&quot;size&quot;:&quot;&quot;,&quot;sizes&quot;:[]},&quot;min_height_mobile&quot;:{&quot;unit&quot;:&quot;px&quot;,&quot;size&quot;:&quot;&quot;,&quot;sizes&quot;:[]},&quot;sticky_effects_offset&quot;:0,&quot;sticky_anchor_link_offset&quot;:0}\" data-widget_type=\"table-of-contents.default\">\n\t\t\t\t<div class=\"elementor-widget-container\">\n\t\t\t\t\t\t\t<div class=\"elementor-toc__header\">\n\t\t\t<h5 class=\"elementor-toc__header-title\">\n\t\t\t\tContenuti\t\t\t<\/h5>\n\t\t\t\t\t<\/div>\n\t\t<div id=\"elementor-toc__3d3d0ef7\" class=\"elementor-toc__body\">\n\t\t\t<div class=\"elementor-toc__spinner-container\">\n\t\t\t\t<i class=\"elementor-toc__spinner eicon-animation-spin eicon-loading\" aria-hidden=\"true\"><\/i>\t\t\t<\/div>\n\t\t<\/div>\n\t\t\t\t\t\t<\/div>\n\t\t\t\t<\/div>\n\t\t\t\t\t<\/div>\n\t\t<\/div>\n\t\t\t\t<main class=\"elementor-column elementor-col-50 elementor-top-column elementor-element elementor-element-12bb6026\" data-id=\"12bb6026\" data-element_type=\"column\">\n\t\t\t<div class=\"elementor-widget-wrap elementor-element-populated\">\n\t\t\t\t\t\t<div class=\"elementor-element elementor-element-523470a2 elementor-widget__width-initial elementor-widget-mobile__width-initial elementor-widget elementor-widget-text-editor\" data-id=\"523470a2\" data-element_type=\"widget\" data-widget_type=\"text-editor.default\">\n\t\t\t\t<div class=\"elementor-widget-container\">\n\t\t\t\t\t\t\t\t\t<p>&nbsp;<\/p>\n<p><a><\/a><\/p><a>\n<h3>Come si utilizza?<\/h3>\n<h4>Fissaggio<\/h4>\n<\/a><p><a><\/a><\/p>\n<p>Ma\u0142e urz\u0105dzenie wielko\u015bci karabi\u0144czyka jest \u0142atwe do zamocowania przy w\u0119dzidle. Klips Sawka Light Hand\u00ae Pro musi by\u0107 przymocowany do k\u00f3\u0142ka w\u0119dzid\u0142owego w taki spos\u00f3b, aby logotyp Sawka Light Hand\u00ae&nbsp;<span style=\"color: var( --e-global-color-text );\">Pro<\/span><span style=\"color: var( --e-global-color-text );\">&nbsp;by\u0142 widoczny (klips jest odwr\u00f3cony od pyska konia). Z drugiej strony mocujemy wodze.<\/span><\/p>\n<p>Pu\u00f2 essere utilizzato in qualsiasi disciplina equestre durante l'allenamento.<\/p>\n<h4>Come iniziare?<\/h4>\n<p>Wystarczy przymocowa\u0107 Sawka Light Hand\u00ae&nbsp;<span style=\"color: var( --e-global-color-text );\">Pro<\/span><span style=\"color: var( --e-global-color-text );\">&nbsp;do wodzy i rozpocz\u0105\u0107 jazd\u0119. Nabierz wodze na kontakt, a Sawka Light Hand\u00ae&nbsp;<\/span><span style=\"color: var( --e-global-color-text );\">Pro<\/span><span style=\"color: var( --e-global-color-text );\">&nbsp;zrobi reszt\u0119, pomagaj\u0105c koniowi znale\u017a\u0107 dla niego komfortow\u0105 pozycj\u0119.<\/span><\/p>\n<p>Na pocz\u0105tku staraj si\u0119 unika\u0107 chod\u00f3w bocznych. Najlepiej jest stopniowo wprowadza\u0107 konia w dzia\u0142anie produktu, zaczynaj\u0105c od jazdy po liniach prostych i du\u017cych kr\u0119gach. Powiniene\u015b poczu\u0107 znaczn\u0105 popraw\u0119 lekko\u015bci od pierwszej sesji treningowej. Mo\u017cesz tak\u017ce u\u017cy\u0107 Sawka Light Hand\u00ae<span style=\"color: var( --e-global-color-text );\">&nbsp;<\/span><span style=\"color: var( --e-global-color-text );\">Pro<\/span><span style=\"color: var( --e-global-color-text );\">&nbsp;podczas wykonywania pracy z ziemi.<\/span><\/p>\n<p>Quando il cavallo si sente bene, inizia l'allenamento quotidiano come al solito, ma questa volta con una nuova sensazione di leggerezza.<\/p>\n<p>Tuttavia, vi consigliamo di consultare sempre il vostro istruttore riguardo a qualsiasi modifica alla vostra routine di allenamento.<\/p>\n<h4>Redini laterali<\/h4>\n<p>Un buon metodo per introdurre questo dispositivo ai cavalli \u00e8 l'uso di redini laterali.<\/p>\n<p>Przy obecnie stosowanych technikach pracy na wypinaczach ko\u0144 nie ma \u017cadnej zapowiedzi bariery ostatecznej. W przypadku pr\u00f3by uwolnienia si\u0119 od niedogodno\u015bci wypinacza, zwierz\u0119&nbsp; od razu mocno odbija si\u0119 od w\u0119dzid\u0142a. Lon\u017cowanie na wypinaczach z amortyzatorem uczy konia rozpoznawania sygna\u0142\u00f3w poprzedzaj\u0105cych zdarzenie. W\u0142\u0105czanie si\u0119 spr\u0119\u017cynki konsekwentnie zapowiada dzia\u0142anie w\u0119dzid\u0142a. Nowatorskie dzia\u0142anie Sawka Light Hand\u00ae<span style=\"color: var( --e-global-color-text );\">&nbsp;<\/span><span style=\"color: var( --e-global-color-text );\">Pro<\/span><span style=\"color: var( --e-global-color-text );\">&nbsp;sprawia, \u017ce l\u017cejszy kontakt z w\u0119dzid\u0142em zapowiada mocniejszy.<\/span><\/p>\n<p>Si dovrebbero evitare morsi troppo spessi per scoraggiare i cavalli dal 'appoggiarsi' ad essi.<\/p>\n<h4>Lavorare dalla sella<\/h4>\n<p>C'\u00e8 un problema nel passare dal lavoro con le redini laterali al lavoro in sella: la mano umana non \u00e8 cos\u00ec costante come la fibbia e introduce costantemente disturbi. Pertanto, questa transizione elimina sempre l'effetto positivo precedentemente ottenuto con le redini laterali.<\/p>\n<p>I tu pomaga amortyzator Sawka Light Hand\u00ae<span style=\"color: var( --e-global-color-text );\">&nbsp;<\/span><span style=\"color: var( --e-global-color-text );\">Pro<\/span><span style=\"color: var( --e-global-color-text );\">, kt\u00f3ry zapewnia margines bezpiecze\u0144stwa, eliminuj\u0105c niezamierzone dzia\u0142ania wodzy.<\/span><\/p>\n<p>Wkr\u00f3tce wydamy ca\u0142y program treningowy, kt\u00f3ry pomo\u017ce Ci zmaksymalizowa\u0107 potencja\u0142 Sawki Light Hand\u00ae<span style=\"color: var( --e-global-color-text );\">&nbsp;<\/span><span style=\"color: var( --e-global-color-text );\">Pro<\/span><span style=\"color: var( --e-global-color-text );\">.<\/span><\/p>\n<p><a><\/a><\/p><a>\n<h3>Domande frequenti<\/h3>\n<\/a><p><a><\/a><\/p>\n<h4>L'uso del Sawka Light Hand \u00e8 una 'scorciatoia'?<\/h4>\n<p>Sawka Light Hand\u00ae&nbsp;Pro daje je\u017ad\u017acom i koniom nowe mo\u017cliwo\u015bci porozumienia si\u0119, co nie znaczy, \u017ce jest to p\u00f3j\u015bcie na \u0142atwizn\u0119. Urz\u0105dzenie pokazuje je\u017ad\u017acowi cel, do kt\u00f3rego warto d\u0105\u017cy\u0107 i pomaga koniowi odbudowa\u0107 zaufanie do r\u0119ki.<\/p>\n<p>Forse tu e il tuo cavallo, nonostante molti anni di addestramento, non riuscite ancora a capirvi appieno. Forse state commettendo gli stessi errori inconsapevolmente. La cosa pi\u00f9 difficile \u00e8 uscire dai percorsi battuti e smettere di lavorare secondo schemi appresi molto tempo fa. Questo vale sia per i cavalli che per i cavalieri.<\/p>\n<p>Wiele razy s\u0142yszeli\u015bmy: \u201eten ko\u0144 nie prze\u017cuwa w\u0119dzid\u0142a, on zawsze jest taki sztywny, ten typ tak ma\u201d. Potem przypinali\u015bmy Sawka Light Hand\u00ae&nbsp;Pro do w\u0119dzid\u0142a i co\u015b powoli zaczyna\u0142o si\u0119 zmienia\u0107 najlepsze. Potwierdzaj\u0105 to opinie u\u017cytkownik\u00f3w.<\/p>\n<p>Z Sawka Light Hand\u00ae&nbsp;Pro szybciej i \u0142atwiej porozumiesz si\u0119 ze swoim wierzchowcem. Korzystanie z tego urz\u0105dzenia to \u015brodek do osi\u0105gni\u0119cia celu, a nie cel sam w sobie<\/p>\n<h4>Qual \u00e8 la differenza tra l'effetto del SLH e l'effetto di un elastico attaccato alle redini?<\/h4>\n<p>Je\u015bli idzie o logik\u0119 dzia\u0142ania, to niczym. Ale jest istotny aspekt psychologiczny, czyni\u0105cy wielk\u0105 r\u00f3\u017cnic\u0119. Je\u017adziectwo klasyczne wymaga zachowania prostej wodzy. Rozwi\u0105zania z gumkami za\u015b je wybrzuszaj\u0105. Je\u017ad\u017acy pod\u015bwiadomie d\u0105\u017c\u0105 do napinania wodzy, co niweluje efekt delikatnej amortyzacji.&nbsp; \u0141\u0105cznik Sawka Light Hand\u00ae&nbsp;Pro jest naturalnym przed\u0142u\u017ceniem wodzy i przy jego stosowaniu ten problem nie wyst\u0119puje. Ponadto przy maksymalnym wyci\u0105gni\u0119ciu t\u0142oka op\u00f3r jest bardzo wyra\u017any i sygnalizowany cichym, ale s\u0142yszalnym dla konia, stukni\u0119ciem metalu o metal.<\/p>\n<p>Ulteriori vantaggi del SLH sono la lavorazione solida ed estetica, la funzionalit\u00e0, la facilit\u00e0 di installazione e la versatilit\u00e0.<\/p>\n<h4>Czy Sawka Light Hand\u00ae&nbsp;Pro pozwala na lepsze wyczucie \u201ekontaktu\u201d z pyskiem konia?<\/h4>\n<div>\n<p>Sicuramente s\u00ec. Il dispositivo consente di seguire pi\u00f9 agevolmente i movimenti del cavallo, garantendo cos\u00ec un migliore contatto senza interruzioni.<\/p>\n<\/div>\n<div><\/div>\n<h4>Se il dispositivo si allunga di 3 cm, \u00e8 gi\u00e0 \"troppo\" stretto?<\/h4>\n<p>Il pistone all&#039;interno del dispositivo si estende nell&#039;intervallo 0-3 cm. Uno stiramento minimo si verifica quando una mano libera \u00e8 chiusa sulle redini. L&#039;allungamento massimo si ha quando il cavaliere ritira chiaramente la mano o il cavallo preme sull&#039;imboccatura.<\/p>\n<p>Ogni cavallo \u00e8 diverso, \u00e8 impossibile determinare chiaramente cosa \u00e8 un&#039;azione troppo leggera e cosa \u00e8 troppo forte senza considerare il caso specifico. Quando lavori con qualsiasi cavallo, ricorda che l&#039;obiettivo finale \u00e8 ottenere morbidezza e leggerezza nel movimento e nel contatto.<\/p>\n<p>Wyciagni\u0119cie maksymalne to znak, \u017ce Sawka Light Hand\u00ae&nbsp;Pro przechodzi niejako w tryb pracy zwyk\u0142ej wodzy. Zanim konie zrozumiej\u0105 istot\u0119 tego przyjaznego dla nich urz\u0105dzenia, b\u0119d\u0105 wyci\u0105ga\u0107 spr\u0119\u017cynk\u0119 maksymalnie. Musz\u0105 to zrobi\u0107, \u017ceby wiedzie\u0107 gdzie ko\u0144czy si\u0119 granica komfortu.<\/p>\n<h4>Quanto velocemente il cavallo &quot;si ritrova&quot; nel lavorare con questo dispositivo?<\/h4>\n<p>La maggior parte dei cavalli nota un miglioramento significativo entro i primi minuti di guida. Il cavallo risponde automaticamente ad un miglioramento della qualit\u00e0 del contatto, cos\u00ec come risponde immediatamente ad un miglioramento dell&#039;assetto o del rilassamento del cavaliere.<\/p>\n<p>L&#039;eccezione sono i cavalli che hanno perso la fiducia nella mano del cavaliere. Ci\u00f2 accade quando un cavallo viene gestito in modo errato per un lungo periodo, spesso colpendo i cavalli da diporto. Hanno bisogno di pi\u00f9 tempo per ricostruire la fiducia. Questi cavalli sono semplicemente alla continua ricerca di esperienze a loro note dalla loro precedente pratica di vita.<\/p>\n<div><\/div>\n<h4>Quanto pesa il dispositivo? Il suo peso pu\u00f2 disturbare il cavallo?<\/h4>\n<p>Sawka Light Hand pesa circa 150 g.<\/p>\n<p>Gdy wodze s\u0105 napi\u0119te stanowi ich przed\u0142u\u017cenie pomi\u0119dzy r\u0119k\u0105 je\u017ad\u017aca a pyskiem konia. Gdy wodze s\u0105 lu\u017ane, zwisa swobodnie i nie przeszkadza koniowi.&nbsp;Dzia\u0142anie Sawka Light Hand\u00ae&nbsp;Pro zale\u017cy od dzia\u0142ania r\u0119ki. Kiedy wodza jest lu\u017ana a r\u0119ka bierna urz\u0105dzenie nie wywiera znacz\u0105cego nacisku na k\u0105ciki pyska konia.<\/p>\n<h4>Il cavallo rimarr\u00e0 in contatto pi\u00f9 a lungo grazie alla Mano Leggera?<\/h4>\n<p>Sawka Light Hand\u00ae&nbsp;Pro niweluje drgania wodzy i przypadkowe ruchy r\u0119ki je\u017ad\u017aca. U\u0142atwia koniowi pozostanie na kontakcie.<br><span style=\"color: var( --e-global-color-text );\">I problemi di contatto potrebbero avere origine altrove. \u00c8 necessario assicurarsi che il cavallo non soffra, che la sella sia adatta e che accetti il tipo di briglia selezionato.<\/span><\/p>\n<h4>Qual \u00e8 la durata del dispositivo?<\/h4>\n<p>Je\u015bli Sawka Light Hand&nbsp;Pro jest u\u017cywane zgodnie z przeznaczeniem, jest bardzo trwa\u0142e. Produkt obj\u0119ty jest dwuletni\u0105 gwarancj\u0105. Nale\u017cy unika\u0107 zgi\u0119\u0107 bocznych, gdy\u017c nie jest odporny na zginanie w tej p\u0142aszczy\u017anie.<a><\/a><a><\/a><br><a><\/a><\/p>\n<p><a><\/a><\/p>\n<h4>Manutenzione \u2013 Come prendersi cura del dispositivo?<\/h4>\n<p><\/p>\n<p><a><br><\/a><br>\nSi consiglia di lubrificare il pistone della pinza ogni sei mesi. \u00c8 buona abitudine lavare il dispositivo in acqua pulita dopo ogni utilizzo.<\/p>\n<h4>Certificati e sicurezza<\/h4>\n<p>Il prodotto \u00e8 realizzato con materiali innocui. I certificati di sicurezza sono disponibili su richiesta.<a><\/a><\/p>\n<p><a><\/a><\/p>\n<p><a><\/a><\/p>\n<h4>Garanzia<\/h4>\n<p><\/p>\n<p><a><\/a><br>Producent udziela dwuletniej gwarancji na urz\u0105dzenie. Gwarancja nie jest udzielana, je\u015bli produkt jest u\u017cywany w spos\u00f3b niezgodny z instrukcj\u0105. Producent nie ponosi odpowiedzialno\u015bci za niew\u0142a\u015bciwe u\u017cycie Sawka Light Hand\u00ae&nbsp;Pro.<\/p>\t\t\t\t\t\t\t\t<\/div>\n\t\t\t\t<\/div>\n\t\t\t\t\t<\/div>\n\t\t<\/main>\n\t\t\t\t\t<\/div>\n\t\t<\/section>\n\t\t\t\t<\/div>","protected":false},"excerpt":{"rendered":"<p>Il dispositivo funziona come un ammortizzatore di redini.<br \/>\nWersja dedykowana zawodnikom, kt\u00f3rzy potrzebuj\u0105 podczas start\u00f3w szybszej reakcji konia. Szczeg\u00f3lnie przydatna profesjonalistom maj\u0105cym du\u017ce do\u015bwiadczenie i indywidualne przyzwyczajenia pracy wodzami. W tym wydaniu t\u0142ok amortyzatora wysuwa si\u0119 na 1 cm. Zapewniaj\u0105c margines bezpiecze\u0144stwa eliminuje niezamierzone dzia\u0142anie wodzy oraz pozostawia koniowi przestrze\u0144, w kt\u00f3rej mo\u017ce poruszy\u0107 g\u0142ow\u0105 lub szyj\u0105 szukaj\u0105c komfortowego dla siebie ustawienia.<br \/>\nIl kit include due ammortizzatori (destro e sinistro).<\/p>","protected":false},"featured_media":1602,"template":"","meta":[],"product_brand":[],"product_cat":[49],"product_tag":[],"class_list":{"0":"post-1601","1":"product","2":"type-product","3":"status-publish","4":"has-post-thumbnail","6":"product_cat-uncategorized","8":"first","9":"outofstock","10":"taxable","11":"shipping-taxable","12":"purchasable","13":"product-type-simple"},"yoast_head":"<!-- This site is optimized with the Yoast SEO plugin v24.9 - https:\/\/yoast.com\/wordpress\/plugins\/seo\/ -->\n<title>Amortyzator wodzy Sawka Light Hand Pro - Sawka Light Hand&reg;<\/title>\n<meta name=\"robots\" content=\"index, follow, max-snippet:-1, max-image-preview:large, max-video-preview:-1\" \/>\n<link rel=\"canonical\" href=\"https:\/\/www.lighthand.eu\/it\/prodotto\/amortyzator-wodzy-sawka-light-hand-pro\/\" \/>\n<meta property=\"og:locale\" content=\"it_IT\" \/>\n<meta property=\"og:type\" content=\"article\" \/>\n<meta property=\"og:title\" content=\"Amortyzator wodzy Sawka Light Hand Pro - Sawka Light Hand&reg;\" \/>\n<meta property=\"og:description\" content=\"Urz\u0105dzenie dzia\u0142a jak amortyzator wodzy. Wersja dedykowana zawodnikom, kt\u00f3rzy potrzebuj\u0105 podczas start\u00f3w szybszej reakcji konia. Szczeg\u00f3lnie przydatna profesjonalistom maj\u0105cym du\u017ce do\u015bwiadczenie i indywidualne przyzwyczajenia pracy wodzami. W tym wydaniu t\u0142ok amortyzatora wysuwa si\u0119 na 1 cm. Zapewniaj\u0105c margines bezpiecze\u0144stwa eliminuje niezamierzone dzia\u0142anie wodzy oraz pozostawia koniowi przestrze\u0144, w kt\u00f3rej mo\u017ce poruszy\u0107 g\u0142ow\u0105 lub szyj\u0105 szukaj\u0105c komfortowego dla siebie ustawienia. Zestaw zawiera dwa amortyzatory (prawy i lewy).\" \/>\n<meta property=\"og:url\" content=\"https:\/\/www.lighthand.eu\/it\/prodotto\/amortyzator-wodzy-sawka-light-hand-pro\/\" \/>\n<meta property=\"og:site_name\" content=\"Sawka Light Hand&reg;\" \/>\n<meta property=\"article:modified_time\" content=\"2022-11-06T20:54:43+00:00\" \/>\n<meta property=\"og:image\" content=\"https:\/\/www.lighthand.eu\/wp-content\/uploads\/2021\/05\/Sawka-Light-Hand-pro.png\" \/>\n\t<meta property=\"og:image:width\" content=\"1500\" \/>\n\t<meta property=\"og:image:height\" content=\"1065\" \/>\n\t<meta property=\"og:image:type\" content=\"image\/png\" \/>\n<meta name=\"twitter:card\" content=\"summary_large_image\" \/>\n<meta name=\"twitter:label1\" content=\"Tempo di lettura stimato\" \/>\n\t<meta name=\"twitter:data1\" content=\"7 minuti\" \/>\n<script type=\"application\/ld+json\" class=\"yoast-schema-graph\">{\"@context\":\"https:\/\/schema.org\",\"@graph\":[{\"@type\":\"WebPage\",\"@id\":\"https:\/\/www.lighthand.eu\/product\/amortyzator-wodzy-sawka-light-hand-pro\/\",\"url\":\"https:\/\/www.lighthand.eu\/product\/amortyzator-wodzy-sawka-light-hand-pro\/\",\"name\":\"Amortyzator wodzy Sawka Light Hand Pro - Sawka Light Hand&reg;\",\"isPartOf\":{\"@id\":\"https:\/\/www.lighthand.eu\/#website\"},\"primaryImageOfPage\":{\"@id\":\"https:\/\/www.lighthand.eu\/product\/amortyzator-wodzy-sawka-light-hand-pro\/#primaryimage\"},\"image\":{\"@id\":\"https:\/\/www.lighthand.eu\/product\/amortyzator-wodzy-sawka-light-hand-pro\/#primaryimage\"},\"thumbnailUrl\":\"https:\/\/www.lighthand.eu\/wp-content\/uploads\/2021\/05\/Sawka-Light-Hand-pro.png\",\"datePublished\":\"2021-05-20T11:25:40+00:00\",\"dateModified\":\"2022-11-06T20:54:43+00:00\",\"breadcrumb\":{\"@id\":\"https:\/\/www.lighthand.eu\/product\/amortyzator-wodzy-sawka-light-hand-pro\/#breadcrumb\"},\"inLanguage\":\"it-IT\",\"potentialAction\":[{\"@type\":\"ReadAction\",\"target\":[\"https:\/\/www.lighthand.eu\/product\/amortyzator-wodzy-sawka-light-hand-pro\/\"]}]},{\"@type\":\"ImageObject\",\"inLanguage\":\"it-IT\",\"@id\":\"https:\/\/www.lighthand.eu\/product\/amortyzator-wodzy-sawka-light-hand-pro\/#primaryimage\",\"url\":\"https:\/\/www.lighthand.eu\/wp-content\/uploads\/2021\/05\/Sawka-Light-Hand-pro.png\",\"contentUrl\":\"https:\/\/www.lighthand.eu\/wp-content\/uploads\/2021\/05\/Sawka-Light-Hand-pro.png\",\"width\":1500,\"height\":1065},{\"@type\":\"BreadcrumbList\",\"@id\":\"https:\/\/www.lighthand.eu\/product\/amortyzator-wodzy-sawka-light-hand-pro\/#breadcrumb\",\"itemListElement\":[{\"@type\":\"ListItem\",\"position\":1,\"name\":\"Home\",\"item\":\"https:\/\/www.lighthand.eu\/pl\/\"},{\"@type\":\"ListItem\",\"position\":2,\"name\":\"Shop\",\"item\":\"https:\/\/www.lighthand.eu\/shop\/\"},{\"@type\":\"ListItem\",\"position\":3,\"name\":\"Amortyzator wodzy Sawka Light Hand Pro\"}]},{\"@type\":\"WebSite\",\"@id\":\"https:\/\/www.lighthand.eu\/#website\",\"url\":\"https:\/\/www.lighthand.eu\/\",\"name\":\"Sawka Light Hand&reg;\",\"description\":\"Rein Aid\",\"potentialAction\":[{\"@type\":\"SearchAction\",\"target\":{\"@type\":\"EntryPoint\",\"urlTemplate\":\"https:\/\/www.lighthand.eu\/?s={search_term_string}\"},\"query-input\":{\"@type\":\"PropertyValueSpecification\",\"valueRequired\":true,\"valueName\":\"search_term_string\"}}],\"inLanguage\":\"it-IT\"}]}<\/script>\n<!-- \/ Yoast SEO plugin. -->","yoast_head_json":{"title":"Amortyzator wodzy Sawka Light Hand Pro - Sawka Light Hand&reg;","robots":{"index":"index","follow":"follow","max-snippet":"max-snippet:-1","max-image-preview":"max-image-preview:large","max-video-preview":"max-video-preview:-1"},"canonical":"https:\/\/www.lighthand.eu\/it\/prodotto\/amortyzator-wodzy-sawka-light-hand-pro\/","og_locale":"it_IT","og_type":"article","og_title":"Amortyzator wodzy Sawka Light Hand Pro - Sawka Light Hand&reg;","og_description":"Urz\u0105dzenie dzia\u0142a jak amortyzator wodzy. Wersja dedykowana zawodnikom, kt\u00f3rzy potrzebuj\u0105 podczas start\u00f3w szybszej reakcji konia. Szczeg\u00f3lnie przydatna profesjonalistom maj\u0105cym du\u017ce do\u015bwiadczenie i indywidualne przyzwyczajenia pracy wodzami. W tym wydaniu t\u0142ok amortyzatora wysuwa si\u0119 na 1 cm. Zapewniaj\u0105c margines bezpiecze\u0144stwa eliminuje niezamierzone dzia\u0142anie wodzy oraz pozostawia koniowi przestrze\u0144, w kt\u00f3rej mo\u017ce poruszy\u0107 g\u0142ow\u0105 lub szyj\u0105 szukaj\u0105c komfortowego dla siebie ustawienia. Zestaw zawiera dwa amortyzatory (prawy i lewy).","og_url":"https:\/\/www.lighthand.eu\/it\/prodotto\/amortyzator-wodzy-sawka-light-hand-pro\/","og_site_name":"Sawka Light Hand&reg;","article_modified_time":"2022-11-06T20:54:43+00:00","og_image":[{"width":1500,"height":1065,"url":"https:\/\/www.lighthand.eu\/wp-content\/uploads\/2021\/05\/Sawka-Light-Hand-pro.png","type":"image\/png"}],"twitter_card":"summary_large_image","twitter_misc":{"Tempo di lettura stimato":"7 minuti"},"schema":{"@context":"https:\/\/schema.org","@graph":[{"@type":"WebPage","@id":"https:\/\/www.lighthand.eu\/product\/amortyzator-wodzy-sawka-light-hand-pro\/","url":"https:\/\/www.lighthand.eu\/product\/amortyzator-wodzy-sawka-light-hand-pro\/","name":"Amortyzator wodzy Sawka Light Hand Pro - Sawka Light Hand&reg;","isPartOf":{"@id":"https:\/\/www.lighthand.eu\/#website"},"primaryImageOfPage":{"@id":"https:\/\/www.lighthand.eu\/product\/amortyzator-wodzy-sawka-light-hand-pro\/#primaryimage"},"image":{"@id":"https:\/\/www.lighthand.eu\/product\/amortyzator-wodzy-sawka-light-hand-pro\/#primaryimage"},"thumbnailUrl":"https:\/\/www.lighthand.eu\/wp-content\/uploads\/2021\/05\/Sawka-Light-Hand-pro.png","datePublished":"2021-05-20T11:25:40+00:00","dateModified":"2022-11-06T20:54:43+00:00","breadcrumb":{"@id":"https:\/\/www.lighthand.eu\/product\/amortyzator-wodzy-sawka-light-hand-pro\/#breadcrumb"},"inLanguage":"it-IT","potentialAction":[{"@type":"ReadAction","target":["https:\/\/www.lighthand.eu\/product\/amortyzator-wodzy-sawka-light-hand-pro\/"]}]},{"@type":"ImageObject","inLanguage":"it-IT","@id":"https:\/\/www.lighthand.eu\/product\/amortyzator-wodzy-sawka-light-hand-pro\/#primaryimage","url":"https:\/\/www.lighthand.eu\/wp-content\/uploads\/2021\/05\/Sawka-Light-Hand-pro.png","contentUrl":"https:\/\/www.lighthand.eu\/wp-content\/uploads\/2021\/05\/Sawka-Light-Hand-pro.png","width":1500,"height":1065},{"@type":"BreadcrumbList","@id":"https:\/\/www.lighthand.eu\/product\/amortyzator-wodzy-sawka-light-hand-pro\/#breadcrumb","itemListElement":[{"@type":"ListItem","position":1,"name":"Home","item":"https:\/\/www.lighthand.eu\/pl\/"},{"@type":"ListItem","position":2,"name":"Shop","item":"https:\/\/www.lighthand.eu\/shop\/"},{"@type":"ListItem","position":3,"name":"Amortyzator wodzy Sawka Light Hand Pro"}]},{"@type":"WebSite","@id":"https:\/\/www.lighthand.eu\/#website","url":"https:\/\/www.lighthand.eu\/","name":"Sawka Light Hand&reg;","description":"Rein Aid","potentialAction":[{"@type":"SearchAction","target":{"@type":"EntryPoint","urlTemplate":"https:\/\/www.lighthand.eu\/?s={search_term_string}"},"query-input":{"@type":"PropertyValueSpecification","valueRequired":true,"valueName":"search_term_string"}}],"inLanguage":"it-IT"}]}},"_links":{"self":[{"href":"https:\/\/www.lighthand.eu\/it\/wp-json\/wp\/v2\/product\/1601","targetHints":{"allow":["GET"]}}],"collection":[{"href":"https:\/\/www.lighthand.eu\/it\/wp-json\/wp\/v2\/product"}],"about":[{"href":"https:\/\/www.lighthand.eu\/it\/wp-json\/wp\/v2\/types\/product"}],"version-history":[{"count":9,"href":"https:\/\/www.lighthand.eu\/it\/wp-json\/wp\/v2\/product\/1601\/revisions"}],"predecessor-version":[{"id":2070,"href":"https:\/\/www.lighthand.eu\/it\/wp-json\/wp\/v2\/product\/1601\/revisions\/2070"}],"wp:featuredmedia":[{"embeddable":true,"href":"https:\/\/www.lighthand.eu\/it\/wp-json\/wp\/v2\/media\/1602"}],"wp:attachment":[{"href":"https:\/\/www.lighthand.eu\/it\/wp-json\/wp\/v2\/media?parent=1601"}],"wp:term":[{"taxonomy":"product_brand","embeddable":true,"href":"https:\/\/www.lighthand.eu\/it\/wp-json\/wp\/v2\/product_brand?post=1601"},{"taxonomy":"product_cat","embeddable":true,"href":"https:\/\/www.lighthand.eu\/it\/wp-json\/wp\/v2\/product_cat?post=1601"},{"taxonomy":"product_tag","embeddable":true,"href":"https:\/\/www.lighthand.eu\/it\/wp-json\/wp\/v2\/product_tag?post=1601"}],"curies":[{"name":"wp","href":"https:\/\/api.w.org\/{rel}","templated":true}]}}